{"id":12661,"date":"2020-10-09T13:39:05","date_gmt":"2020-10-09T11:39:05","guid":{"rendered":"https:\/\/bunzyland.com\/ueber\/"},"modified":"2024-06-17T16:22:17","modified_gmt":"2024-06-17T14:22:17","slug":"ueber","status":"publish","type":"page","link":"https:\/\/www.bunzyland.com\/de\/ueber\/","title":{"rendered":"\u00dcber"},"content":{"rendered":"\t\t<div data-elementor-type=\"wp-post\" data-elementor-id=\"12661\" class=\"elementor elementor-12661 elementor-1004\">\n\t\t\t\t\t\t<section class=\"elementor-section elementor-top-section elementor-element elementor-element-1dacdc60 elementor-section-stretched elementor-section-boxed elementor-section-height-default elementor-section-height-default\" data-id=\"1dacdc60\" data-element_type=\"section\" data-e-type=\"section\" data-settings=\"{&quot;background_background&quot;:&quot;classic&quot;,&quot;stretch_section&quot;:&quot;section-stretched&quot;}\">\n\t\t\t\t\t\t<div class=\"elementor-container elementor-column-gap-default\">\n\t\t\t\t\t<div class=\"elementor-column elementor-col-100 elementor-top-column elementor-element elementor-element-6d9ab0e2\" data-id=\"6d9ab0e2\" data-element_type=\"column\" data-e-type=\"column\">\n\t\t\t<div class=\"elementor-widget-wrap elementor-element-populated\">\n\t\t\t\t\t\t<div class=\"elementor-element elementor-element-34694cbe elementor-widget elementor-widget-spacer\" data-id=\"34694cbe\" data-element_type=\"widget\" data-e-type=\"widget\" data-widget_type=\"spacer.default\">\n\t\t\t\t<div class=\"elementor-widget-container\">\n\t\t\t\t\t\t\t<div class=\"elementor-spacer\">\n\t\t\t<div class=\"elementor-spacer-inner\"><\/div>\n\t\t<\/div>\n\t\t\t\t\t\t<\/div>\n\t\t\t\t<\/div>\n\t\t\t\t<div class=\"elementor-element elementor-element-1a7b53b4 elementor-widget elementor-widget-heading\" data-id=\"1a7b53b4\" data-element_type=\"widget\" data-e-type=\"widget\" data-widget_type=\"heading.default\">\n\t\t\t\t<div class=\"elementor-widget-container\">\n\t\t\t\t\t<h5 class=\"elementor-heading-title elementor-size-default\">\u00dcber uns<\/h5>\t\t\t\t<\/div>\n\t\t\t\t<\/div>\n\t\t\t\t<div class=\"elementor-element elementor-element-11944d31 elementor-widget elementor-widget-text-editor\" data-id=\"11944d31\" data-element_type=\"widget\" data-e-type=\"widget\" data-widget_type=\"text-editor.default\">\n\t\t\t\t<div class=\"elementor-widget-container\">\n\t\t\t\t\t\t\t\t\t<p>BunZyland ist ein Unternehmen, das von 2 franz\u00f6sischen Hasenliebhabern gegr\u00fcndet wurde.<br \/>und ein totaler Kaninchens\u00fcchtiger!<br \/>Ebenfalls an unserer Seite ist seit fast 10 Jahren unser kleiner Hase und Kumpel, Fa\u00e9!<\/p>\n\t\t\t\t\t\t\t\t<\/div>\n\t\t\t\t<\/div>\n\t\t\t\t<div class=\"elementor-element elementor-element-5fab5c69 elementor-widget elementor-widget-spacer\" data-id=\"5fab5c69\" data-element_type=\"widget\" data-e-type=\"widget\" data-widget_type=\"spacer.default\">\n\t\t\t\t<div class=\"elementor-widget-container\">\n\t\t\t\t\t\t\t<div class=\"elementor-spacer\">\n\t\t\t<div class=\"elementor-spacer-inner\"><\/div>\n\t\t<\/div>\n\t\t\t\t\t\t<\/div>\n\t\t\t\t<\/div>\n\t\t\t\t\t<\/div>\n\t\t<\/div>\n\t\t\t\t\t<\/div>\n\t\t<\/section>\n\t\t\t\t<section class=\"elementor-section elementor-top-section elementor-element elementor-element-5fb270cb elementor-reverse-mobile elementor-section-boxed elementor-section-height-default elementor-section-height-default\" data-id=\"5fb270cb\" data-element_type=\"section\" data-e-type=\"section\">\n\t\t\t\t\t\t<div class=\"elementor-container elementor-column-gap-wide\">\n\t\t\t\t\t<div class=\"elementor-column elementor-col-50 elementor-top-column elementor-element elementor-element-f88f57a\" data-id=\"f88f57a\" data-element_type=\"column\" data-e-type=\"column\">\n\t\t\t<div class=\"elementor-widget-wrap elementor-element-populated\">\n\t\t\t\t\t\t<div class=\"elementor-element elementor-element-3bb55314 elementor-widget elementor-widget-image\" data-id=\"3bb55314\" data-element_type=\"widget\" data-e-type=\"widget\" data-widget_type=\"image.default\">\n\t\t\t\t<div class=\"elementor-widget-container\">\n\t\t\t\t\t\t\t\t\t\t\t\t\t\t\t<img fetchpriority=\"high\" decoding=\"async\" width=\"1225\" height=\"1171\" src=\"https:\/\/www.bunzyland.com\/wp-content\/uploads\/2024\/02\/a-propos.png\" class=\"attachment-full size-full wp-image-10793\" alt=\"\" srcset=\"https:\/\/bunzyland.com\/wp-content\/uploads\/2024\/02\/a-propos.png 1225w, https:\/\/bunzyland.com\/wp-content\/uploads\/2024\/02\/a-propos-300x287.png 300w, https:\/\/bunzyland.com\/wp-content\/uploads\/2024\/02\/a-propos-1024x979.png 1024w, https:\/\/bunzyland.com\/wp-content\/uploads\/2024\/02\/a-propos-768x734.png 768w, https:\/\/bunzyland.com\/wp-content\/uploads\/2024\/02\/a-propos-990x946.png 990w, https:\/\/bunzyland.com\/wp-content\/uploads\/2024\/02\/a-propos-441x422.png 441w, https:\/\/bunzyland.com\/wp-content\/uploads\/2024\/02\/a-propos-600x574.png 600w, https:\/\/bunzyland.com\/wp-content\/uploads\/2024\/02\/a-propos-150x143.png 150w\" sizes=\"(max-width: 1225px) 100vw, 1225px\" \/>\t\t\t\t\t\t\t\t\t\t\t\t\t\t\t<\/div>\n\t\t\t\t<\/div>\n\t\t\t\t\t<\/div>\n\t\t<\/div>\n\t\t\t\t<div class=\"elementor-column elementor-col-50 elementor-top-column elementor-element elementor-element-75554c9e\" data-id=\"75554c9e\" data-element_type=\"column\" data-e-type=\"column\">\n\t\t\t<div class=\"elementor-widget-wrap elementor-element-populated\">\n\t\t\t\t\t\t<div class=\"elementor-element elementor-element-4579b386 elementor-widget elementor-widget-text-editor\" data-id=\"4579b386\" data-element_type=\"widget\" data-e-type=\"widget\" data-widget_type=\"text-editor.default\">\n\t\t\t\t<div class=\"elementor-widget-container\">\n\t\t\t\t\t\t\t\t\t<p>Wenn auch Sie Augen haben, die funkeln, wenn Sie Ihren Hasen im Wohnzimmer vor Freude springen sehen, und wenn Sie es lieben, wenn er sich auf die Seite legt.\ud83d\udc30\u2764\ufe0f<\/p>\n<p>Wenn Sie nicht so gut essen wie Ihr Kaninchen, w\u00e4hrend es frische Produkte genie\u00dft, die eines 5-Sterne-Vegetarier-Restaurants w\u00fcrdig sind, dann <strong>sind Sie im Club der Kaninchens\u00fcchtigen willkommen!\ud83d\ude0d<\/strong><\/p>\n\t\t\t\t\t\t\t\t<\/div>\n\t\t\t\t<\/div>\n\t\t\t\t\t<\/div>\n\t\t<\/div>\n\t\t\t\t\t<\/div>\n\t\t<\/section>\n\t\t\t\t<section class=\"elementor-section elementor-top-section elementor-element elementor-element-666de5a9 elementor-section-boxed elementor-section-height-default elementor-section-height-default\" data-id=\"666de5a9\" data-element_type=\"section\" data-e-type=\"section\">\n\t\t\t\t\t\t<div class=\"elementor-container elementor-column-gap-default\">\n\t\t\t\t\t<div class=\"elementor-column elementor-col-100 elementor-top-column elementor-element elementor-element-4a922076\" data-id=\"4a922076\" data-element_type=\"column\" data-e-type=\"column\">\n\t\t\t<div class=\"elementor-widget-wrap elementor-element-populated\">\n\t\t\t\t\t\t<div class=\"elementor-element elementor-element-21df5b14 elementor-widget elementor-widget-spacer\" data-id=\"21df5b14\" data-element_type=\"widget\" data-e-type=\"widget\" data-widget_type=\"spacer.default\">\n\t\t\t\t<div class=\"elementor-widget-container\">\n\t\t\t\t\t\t\t<div class=\"elementor-spacer\">\n\t\t\t<div class=\"elementor-spacer-inner\"><\/div>\n\t\t<\/div>\n\t\t\t\t\t\t<\/div>\n\t\t\t\t<\/div>\n\t\t\t\t\t<\/div>\n\t\t<\/div>\n\t\t\t\t\t<\/div>\n\t\t<\/section>\n\t\t\t\t<section class=\"elementor-section elementor-top-section elementor-element elementor-element-60a7b985 elementor-section-height-min-height elementor-section-content-middle elementor-section-stretched elementor-section-boxed elementor-section-height-default elementor-section-items-middle\" data-id=\"60a7b985\" data-element_type=\"section\" data-e-type=\"section\" data-settings=\"{&quot;background_background&quot;:&quot;classic&quot;,&quot;stretch_section&quot;:&quot;section-stretched&quot;}\">\n\t\t\t\t\t\t<div class=\"elementor-container elementor-column-gap-default\">\n\t\t\t\t\t<div class=\"elementor-column elementor-col-100 elementor-top-column elementor-element elementor-element-19a8ecd9\" data-id=\"19a8ecd9\" data-element_type=\"column\" data-e-type=\"column\">\n\t\t\t<div class=\"elementor-widget-wrap elementor-element-populated\">\n\t\t\t\t\t\t<div class=\"elementor-element elementor-element-672c339a elementor-widget elementor-widget-text-editor\" data-id=\"672c339a\" data-element_type=\"widget\" data-e-type=\"widget\" data-widget_type=\"text-editor.default\">\n\t\t\t\t<div class=\"elementor-widget-container\">\n\t\t\t\t\t\t\t\t\t<p>Unser Ziel bei BunZyland<br \/>ist es, alle Kaninchen so gl\u00fccklich zu machen, wie wir es sind, wenn wir mit ihnen zusammen sind.<\/p>\n\t\t\t\t\t\t\t\t<\/div>\n\t\t\t\t<\/div>\n\t\t\t\t\t<\/div>\n\t\t<\/div>\n\t\t\t\t\t<\/div>\n\t\t<\/section>\n\t\t\t\t<section class=\"elementor-section elementor-top-section elementor-element elementor-element-6322697f elementor-reverse-mobile elementor-reverse-tablet elementor-section-boxed elementor-section-height-default elementor-section-height-default\" data-id=\"6322697f\" data-element_type=\"section\" data-e-type=\"section\">\n\t\t\t\t\t\t<div class=\"elementor-container elementor-column-gap-wide\">\n\t\t\t\t\t<div class=\"elementor-column elementor-col-50 elementor-top-column elementor-element elementor-element-203dfe21\" data-id=\"203dfe21\" data-element_type=\"column\" data-e-type=\"column\">\n\t\t\t<div class=\"elementor-widget-wrap elementor-element-populated\">\n\t\t\t\t\t\t<div class=\"elementor-element elementor-element-2d117022 elementor-widget elementor-widget-text-editor\" data-id=\"2d117022\" data-element_type=\"widget\" data-e-type=\"widget\" data-widget_type=\"text-editor.default\">\n\t\t\t\t<div class=\"elementor-widget-container\">\n\t\t\t\t\t\t\t\t\t<p>Wir m\u00f6chten auch die unzerst\u00f6rbare Bindung zwischen Ihnen und Ihrem Kaninchen st\u00e4rken. Was gibt es Sch\u00f6neres, als zu sehen, wie Ihr kleines Fellkn\u00e4uel zu Ihnen rennt, um zu spielen oder um zu betteln, dass Sie es knuddeln? \ud83d\udc30\ud83e\udd70<\/p>\n<p>Aus diesen Gr\u00fcnden bem\u00fchen wir uns jeden Tag, Ihnen <strong>die besten Kaninchenprodukte<\/strong> anzubieten. Alle unsere Produkte sind f\u00fcr das Wohlbefinden Ihres geliebten Haustieres bestimmt.<\/p>\n\t\t\t\t\t\t\t\t<\/div>\n\t\t\t\t<\/div>\n\t\t\t\t\t<\/div>\n\t\t<\/div>\n\t\t\t\t<div class=\"elementor-column elementor-col-50 elementor-top-column elementor-element elementor-element-6f040a49\" data-id=\"6f040a49\" data-element_type=\"column\" data-e-type=\"column\">\n\t\t\t<div class=\"elementor-widget-wrap elementor-element-populated\">\n\t\t\t\t\t\t<div class=\"elementor-element elementor-element-6d57ce64 elementor-widget elementor-widget-image\" data-id=\"6d57ce64\" data-element_type=\"widget\" data-e-type=\"widget\" data-widget_type=\"image.default\">\n\t\t\t\t<div class=\"elementor-widget-container\">\n\t\t\t\t\t\t\t\t\t\t\t\t\t\t\t<img decoding=\"async\" width=\"1559\" height=\"1509\" src=\"https:\/\/www.bunzyland.com\/wp-content\/uploads\/2024\/02\/jouet-lapin-phone.png\" class=\"attachment-full size-full wp-image-10795\" alt=\"\" srcset=\"https:\/\/bunzyland.com\/wp-content\/uploads\/2024\/02\/jouet-lapin-phone.png 1559w, https:\/\/bunzyland.com\/wp-content\/uploads\/2024\/02\/jouet-lapin-phone-300x290.png 300w, https:\/\/bunzyland.com\/wp-content\/uploads\/2024\/02\/jouet-lapin-phone-1024x991.png 1024w, https:\/\/bunzyland.com\/wp-content\/uploads\/2024\/02\/jouet-lapin-phone-768x743.png 768w, https:\/\/bunzyland.com\/wp-content\/uploads\/2024\/02\/jouet-lapin-phone-1536x1487.png 1536w, https:\/\/bunzyland.com\/wp-content\/uploads\/2024\/02\/jouet-lapin-phone-990x958.png 990w, https:\/\/bunzyland.com\/wp-content\/uploads\/2024\/02\/jouet-lapin-phone-441x427.png 441w, https:\/\/bunzyland.com\/wp-content\/uploads\/2024\/02\/jouet-lapin-phone-600x581.png 600w, https:\/\/bunzyland.com\/wp-content\/uploads\/2024\/02\/jouet-lapin-phone-150x145.png 150w\" sizes=\"(max-width: 1559px) 100vw, 1559px\" \/>\t\t\t\t\t\t\t\t\t\t\t\t\t\t\t<\/div>\n\t\t\t\t<\/div>\n\t\t\t\t\t<\/div>\n\t\t<\/div>\n\t\t\t\t\t<\/div>\n\t\t<\/section>\n\t\t\t\t<section class=\"elementor-section elementor-top-section elementor-element elementor-element-614d77f4 elementor-section-boxed elementor-section-height-default elementor-section-height-default\" data-id=\"614d77f4\" data-element_type=\"section\" data-e-type=\"section\">\n\t\t\t\t\t\t<div class=\"elementor-container elementor-column-gap-wide\">\n\t\t\t\t\t<div class=\"elementor-column elementor-col-50 elementor-top-column elementor-element elementor-element-6db95a4e\" data-id=\"6db95a4e\" data-element_type=\"column\" data-e-type=\"column\">\n\t\t\t<div class=\"elementor-widget-wrap elementor-element-populated\">\n\t\t\t\t\t\t<div class=\"elementor-element elementor-element-3a0f45d elementor-widget elementor-widget-image\" data-id=\"3a0f45d\" data-element_type=\"widget\" data-e-type=\"widget\" data-widget_type=\"image.default\">\n\t\t\t\t<div class=\"elementor-widget-container\">\n\t\t\t\t\t\t\t\t\t\t\t\t\t\t\t<img decoding=\"async\" width=\"1225\" height=\"1171\" src=\"https:\/\/www.bunzyland.com\/wp-content\/uploads\/2024\/02\/a-propos-lapin.png\" class=\"attachment-full size-full wp-image-10797\" alt=\"\" srcset=\"https:\/\/bunzyland.com\/wp-content\/uploads\/2024\/02\/a-propos-lapin.png 1225w, https:\/\/bunzyland.com\/wp-content\/uploads\/2024\/02\/a-propos-lapin-300x287.png 300w, https:\/\/bunzyland.com\/wp-content\/uploads\/2024\/02\/a-propos-lapin-1024x979.png 1024w, https:\/\/bunzyland.com\/wp-content\/uploads\/2024\/02\/a-propos-lapin-768x734.png 768w, https:\/\/bunzyland.com\/wp-content\/uploads\/2024\/02\/a-propos-lapin-990x946.png 990w, https:\/\/bunzyland.com\/wp-content\/uploads\/2024\/02\/a-propos-lapin-441x422.png 441w, https:\/\/bunzyland.com\/wp-content\/uploads\/2024\/02\/a-propos-lapin-600x574.png 600w, https:\/\/bunzyland.com\/wp-content\/uploads\/2024\/02\/a-propos-lapin-150x143.png 150w\" sizes=\"(max-width: 1225px) 100vw, 1225px\" \/>\t\t\t\t\t\t\t\t\t\t\t\t\t\t\t<\/div>\n\t\t\t\t<\/div>\n\t\t\t\t\t<\/div>\n\t\t<\/div>\n\t\t\t\t<div class=\"elementor-column elementor-col-50 elementor-top-column elementor-element elementor-element-22d0f7ac\" data-id=\"22d0f7ac\" data-element_type=\"column\" data-e-type=\"column\">\n\t\t\t<div class=\"elementor-widget-wrap elementor-element-populated\">\n\t\t\t\t\t\t<div class=\"elementor-element elementor-element-71b6cc07 elementor-widget elementor-widget-text-editor\" data-id=\"71b6cc07\" data-element_type=\"widget\" data-e-type=\"widget\" data-widget_type=\"text-editor.default\">\n\t\t\t\t<div class=\"elementor-widget-container\">\n\t\t\t\t\t\t\t\t\t<p>Unser Maskottchen Fa\u00e9 testet einige unserer Produkte f\u00fcr Ihr Kaninchen.<br \/>Glauben Sie uns, sie ist nicht sch\u00fcchtern beim Testen<br \/><a href=\"https:\/\/www.bunzyland.com\/de\/kaninchen-matten\/\">Suchmatten<\/a>, <a href=\"https:\/\/www.bunzyland.com\/de\/spielzeug-fur-kaninchen\/\">Spielzeug <\/a>und bequeme <a href=\"https:\/\/www.bunzyland.com\/de\/kaninchenbett\/\">Betten<\/a> \ud83d\ude06<br \/>Eine echte Prinzessin in ihrem K\u00f6nigreich!<\/p><p>Mit dieser Boutique m\u00f6chten wir, dass Ihr Kaninchen so gl\u00fccklich wird wie unser Fa\u00e9 \ud83e\udd17.<\/p>\t\t\t\t\t\t\t\t<\/div>\n\t\t\t\t<\/div>\n\t\t\t\t\t<\/div>\n\t\t<\/div>\n\t\t\t\t\t<\/div>\n\t\t<\/section>\n\t\t\t\t<section class=\"elementor-section elementor-top-section elementor-element elementor-element-156fb977 elementor-reverse-mobile elementor-section-boxed elementor-section-height-default elementor-section-height-default\" data-id=\"156fb977\" data-element_type=\"section\" data-e-type=\"section\">\n\t\t\t\t\t\t<div class=\"elementor-container elementor-column-gap-wide\">\n\t\t\t\t\t<div class=\"elementor-column elementor-col-50 elementor-top-column elementor-element elementor-element-4a9a08f6\" data-id=\"4a9a08f6\" data-element_type=\"column\" data-e-type=\"column\">\n\t\t\t<div class=\"elementor-widget-wrap elementor-element-populated\">\n\t\t\t\t\t\t<div class=\"elementor-element elementor-element-d2538e1 elementor-widget elementor-widget-text-editor\" data-id=\"d2538e1\" data-element_type=\"widget\" data-e-type=\"widget\" data-widget_type=\"text-editor.default\">\n\t\t\t\t<div class=\"elementor-widget-container\">\n\t\t\t\t\t\t\t\t\t<p>\u00dcbrigens, um unsere Erfahrung mit Ihnen zu teilen, bedeutet die Arbeit mit einem Kaninchen auch:<\/p>\n<ul>\n<li>Verschiebung eines Fotoshootings, weil Frau Fa\u00e9 beschlossen hat, zu schmollen.<\/li>\n<li>Wir lassen uns die Socken anknabbern, w\u00e4hrend wir auf Ihre Nachrichten antworten.\ud83e\udd23<br \/><strong>\u2764\ufe0fBut vor allem ist es eine wahre Freude zu sehen, wie sie bei uns gedeiht side\u2764\ufe0f<\/strong><\/li>\n<\/ul>\n\t\t\t\t\t\t\t\t<\/div>\n\t\t\t\t<\/div>\n\t\t\t\t\t<\/div>\n\t\t<\/div>\n\t\t\t\t<div class=\"elementor-column elementor-col-50 elementor-top-column elementor-element elementor-element-ce8bf0d\" data-id=\"ce8bf0d\" data-element_type=\"column\" data-e-type=\"column\">\n\t\t\t<div class=\"elementor-widget-wrap elementor-element-populated\">\n\t\t\t\t\t\t<div class=\"elementor-element elementor-element-133683f2 elementor-widget elementor-widget-image\" data-id=\"133683f2\" data-element_type=\"widget\" data-e-type=\"widget\" data-widget_type=\"image.default\">\n\t\t\t\t<div class=\"elementor-widget-container\">\n\t\t\t\t\t\t\t\t\t\t\t\t\t\t\t<img loading=\"lazy\" decoding=\"async\" width=\"1225\" height=\"1171\" src=\"https:\/\/www.bunzyland.com\/wp-content\/uploads\/2024\/02\/a-propos-mon-lapin.png\" class=\"attachment-full size-full wp-image-10799\" alt=\"\" srcset=\"https:\/\/bunzyland.com\/wp-content\/uploads\/2024\/02\/a-propos-mon-lapin.png 1225w, https:\/\/bunzyland.com\/wp-content\/uploads\/2024\/02\/a-propos-mon-lapin-300x287.png 300w, https:\/\/bunzyland.com\/wp-content\/uploads\/2024\/02\/a-propos-mon-lapin-1024x979.png 1024w, https:\/\/bunzyland.com\/wp-content\/uploads\/2024\/02\/a-propos-mon-lapin-768x734.png 768w, https:\/\/bunzyland.com\/wp-content\/uploads\/2024\/02\/a-propos-mon-lapin-990x946.png 990w, https:\/\/bunzyland.com\/wp-content\/uploads\/2024\/02\/a-propos-mon-lapin-441x422.png 441w, https:\/\/bunzyland.com\/wp-content\/uploads\/2024\/02\/a-propos-mon-lapin-600x574.png 600w, https:\/\/bunzyland.com\/wp-content\/uploads\/2024\/02\/a-propos-mon-lapin-150x143.png 150w\" sizes=\"(max-width: 1225px) 100vw, 1225px\" \/>\t\t\t\t\t\t\t\t\t\t\t\t\t\t\t<\/div>\n\t\t\t\t<\/div>\n\t\t\t\t\t<\/div>\n\t\t<\/div>\n\t\t\t\t\t<\/div>\n\t\t<\/section>\n\t\t\t\t<section class=\"elementor-section elementor-top-section elementor-element elementor-element-3e322609 elementor-section-height-min-height elementor-section-stretched elementor-section-boxed elementor-section-height-default elementor-section-items-middle\" data-id=\"3e322609\" data-element_type=\"section\" data-e-type=\"section\" data-settings=\"{&quot;background_background&quot;:&quot;classic&quot;,&quot;stretch_section&quot;:&quot;section-stretched&quot;}\">\n\t\t\t\t\t\t<div class=\"elementor-container elementor-column-gap-default\">\n\t\t\t\t\t<div class=\"elementor-column elementor-col-100 elementor-top-column elementor-element elementor-element-5f28f74\" data-id=\"5f28f74\" data-element_type=\"column\" data-e-type=\"column\">\n\t\t\t<div class=\"elementor-widget-wrap elementor-element-populated\">\n\t\t\t\t\t\t<div class=\"elementor-element elementor-element-3a102d85 elementor-widget elementor-widget-spacer\" data-id=\"3a102d85\" data-element_type=\"widget\" data-e-type=\"widget\" data-widget_type=\"spacer.default\">\n\t\t\t\t<div class=\"elementor-widget-container\">\n\t\t\t\t\t\t\t<div class=\"elementor-spacer\">\n\t\t\t<div class=\"elementor-spacer-inner\"><\/div>\n\t\t<\/div>\n\t\t\t\t\t\t<\/div>\n\t\t\t\t<\/div>\n\t\t\t\t<div class=\"elementor-element elementor-element-53226d91 elementor-widget elementor-widget-text-editor\" data-id=\"53226d91\" data-element_type=\"widget\" data-e-type=\"widget\" data-widget_type=\"text-editor.default\">\n\t\t\t\t<div class=\"elementor-widget-container\">\n\t\t\t\t\t\t\t\t\t<p>&#8222;F\u00fcr ein Kaninchen, das gl\u00fccklich und geistig gesund ist!&#8220;<\/p>\n\t\t\t\t\t\t\t\t<\/div>\n\t\t\t\t<\/div>\n\t\t\t\t<div class=\"elementor-element elementor-element-1348d185 elementor-widget elementor-widget-text-editor\" data-id=\"1348d185\" data-element_type=\"widget\" data-e-type=\"widget\" data-widget_type=\"text-editor.default\">\n\t\t\t\t<div class=\"elementor-widget-container\">\n\t\t\t\t\t\t\t\t\t<p>Wir suchen nach nachhaltigen und innovativen Produkten aus der ganzen Welt, die den speziellen Bed\u00fcrfnissen unserer kleinen H\u00e4schen entsprechen und sicherstellen, dass sie geistig zufrieden sind. Ein Kaninchen, das sich in seinen Pfoten und seinem Kopf wohlf\u00fchlt, ist ein gl\u00fcckliches Kaninchen.\ud83d\udc30<\/p>\n\t\t\t\t\t\t\t\t<\/div>\n\t\t\t\t<\/div>\n\t\t\t\t<div class=\"elementor-element elementor-element-77c06e5 elementor-widget elementor-widget-spacer\" data-id=\"77c06e5\" data-element_type=\"widget\" data-e-type=\"widget\" data-widget_type=\"spacer.default\">\n\t\t\t\t<div class=\"elementor-widget-container\">\n\t\t\t\t\t\t\t<div class=\"elementor-spacer\">\n\t\t\t<div class=\"elementor-spacer-inner\"><\/div>\n\t\t<\/div>\n\t\t\t\t\t\t<\/div>\n\t\t\t\t<\/div>\n\t\t\t\t\t<\/div>\n\t\t<\/div>\n\t\t\t\t\t<\/div>\n\t\t<\/section>\n\t\t\t\t<section class=\"elementor-section elementor-top-section elementor-element elementor-element-72898cd4 elementor-section-boxed elementor-section-height-default elementor-section-height-default\" data-id=\"72898cd4\" data-element_type=\"section\" data-e-type=\"section\" data-settings=\"{&quot;background_background&quot;:&quot;classic&quot;}\">\n\t\t\t\t\t\t\t<div class=\"elementor-background-overlay\"><\/div>\n\t\t\t\t\t\t\t<div class=\"elementor-container elementor-column-gap-no\">\n\t\t\t\t\t<div class=\"elementor-column elementor-col-50 elementor-top-column elementor-element elementor-element-52d544a8\" data-id=\"52d544a8\" data-element_type=\"column\" data-e-type=\"column\">\n\t\t\t<div class=\"elementor-widget-wrap elementor-element-populated\">\n\t\t\t\t\t\t<div class=\"elementor-element elementor-element-16aa1bc5 elementor-widget elementor-widget-heading\" data-id=\"16aa1bc5\" data-element_type=\"widget\" data-e-type=\"widget\" data-widget_type=\"heading.default\">\n\t\t\t\t<div class=\"elementor-widget-container\">\n\t\t\t\t\t<h2 class=\"elementor-heading-title elementor-size-default\">DER LADEN<\/h2>\t\t\t\t<\/div>\n\t\t\t\t<\/div>\n\t\t\t\t<div class=\"elementor-element elementor-element-173bc19f elementor-widget elementor-widget-text-editor\" data-id=\"173bc19f\" data-element_type=\"widget\" data-e-type=\"widget\" data-widget_type=\"text-editor.default\">\n\t\t\t\t<div class=\"elementor-widget-container\">\n\t\t\t\t\t\t\t\t\t<p>Finden Sie alle Kaninchenspielzeuge, Teppiche, <a href=\"https:\/\/www.bunzyland.com\/de\/kaninchenbett\/\">Betten<\/a>, <a href=\"https:\/\/www.bunzyland.com\/de\/kaninchen-laufstall\/\">Stifte<\/a>, <a href=\"https:\/\/www.bunzyland.com\/de\/kaninchenstall\/\">H\u00e4user<\/a> und <a href=\"https:\/\/www.bunzyland.com\/de\/kaninchen-zubehoer\/\">Zubeh\u00f6r<\/a> auf rabbitoux\ud83d\udc96 favorite store.<\/p>\t\t\t\t\t\t\t\t<\/div>\n\t\t\t\t<\/div>\n\t\t\t\t\t<\/div>\n\t\t<\/div>\n\t\t\t\t<div class=\"elementor-column elementor-col-50 elementor-top-column elementor-element elementor-element-56351caf\" data-id=\"56351caf\" data-element_type=\"column\" data-e-type=\"column\">\n\t\t\t<div class=\"elementor-widget-wrap elementor-element-populated\">\n\t\t\t\t\t\t<div class=\"elementor-element elementor-element-7b964f0b elementor-align-center elementor-tablet-align-center elementor-widget elementor-widget-button\" data-id=\"7b964f0b\" data-element_type=\"widget\" data-e-type=\"widget\" data-widget_type=\"button.default\">\n\t\t\t\t<div class=\"elementor-widget-container\">\n\t\t\t\t\t\t\t\t\t<div class=\"elementor-button-wrapper\">\n\t\t\t\t\t<a class=\"elementor-button elementor-button-link elementor-size-lg\" href=\"https:\/\/www.bunzyland.com\/de\/\">\n\t\t\t\t\t\t<span class=\"elementor-button-content-wrapper\">\n\t\t\t\t\t\t\t\t\t<span class=\"elementor-button-text\">VIEW SHOP<\/span>\n\t\t\t\t\t<\/span>\n\t\t\t\t\t<\/a>\n\t\t\t\t<\/div>\n\t\t\t\t\t\t\t\t<\/div>\n\t\t\t\t<\/div>\n\t\t\t\t\t<\/div>\n\t\t<\/div>\n\t\t\t\t\t<\/div>\n\t\t<\/section>\n\t\t\t\t<\/div>\n\t\t","protected":false},"excerpt":{"rendered":"<p>\u00dcber uns BunZyland ist ein Unternehmen, das von 2 franz\u00f6sischen Hasenliebhabern gegr\u00fcndet wurde.und ein totaler Kaninchens\u00fcchtiger!Ebenfalls an unserer Seite ist seit fast 10 Jahren unser kleiner Hase und Kumpel, Fa\u00e9! Wenn auch Sie Augen haben, die funkeln, wenn Sie Ihren Hasen im Wohnzimmer vor Freude springen sehen, und wenn Sie es lieben, wenn er sich [&hellip;]<\/p>\n","protected":false},"author":2,"featured_media":0,"parent":0,"menu_order":0,"comment_status":"closed","ping_status":"closed","template":"template-fullwidth-no-heading.php","meta":{"_seopress_robots_primary_cat":"","_seopress_titles_title":"","_seopress_titles_desc":"","_seopress_robots_index":"","footnotes":""},"class_list":["post-12661","page","type-page","status-publish","hentry"],"_links":{"self":[{"href":"https:\/\/www.bunzyland.com\/de\/wp-json\/wp\/v2\/pages\/12661","targetHints":{"allow":["GET"]}}],"collection":[{"href":"https:\/\/www.bunzyland.com\/de\/wp-json\/wp\/v2\/pages"}],"about":[{"href":"https:\/\/www.bunzyland.com\/de\/wp-json\/wp\/v2\/types\/page"}],"author":[{"embeddable":true,"href":"https:\/\/www.bunzyland.com\/de\/wp-json\/wp\/v2\/users\/2"}],"replies":[{"embeddable":true,"href":"https:\/\/www.bunzyland.com\/de\/wp-json\/wp\/v2\/comments?post=12661"}],"version-history":[{"count":4,"href":"https:\/\/www.bunzyland.com\/de\/wp-json\/wp\/v2\/pages\/12661\/revisions"}],"predecessor-version":[{"id":12845,"href":"https:\/\/www.bunzyland.com\/de\/wp-json\/wp\/v2\/pages\/12661\/revisions\/12845"}],"wp:attachment":[{"href":"https:\/\/www.bunzyland.com\/de\/wp-json\/wp\/v2\/media?parent=12661"}],"curies":[{"name":"wp","href":"https:\/\/api.w.org\/{rel}","templated":true}]}}