{"id":12292,"date":"2024-02-19T15:56:41","date_gmt":"2024-02-19T14:56:41","guid":{"rendered":"https:\/\/bunzyland.com\/product\/kaninchenstall-mit-tunnel\/"},"modified":"2025-09-12T17:02:16","modified_gmt":"2025-09-12T15:02:16","slug":"kaninchenstall-mit-tunnel","status":"publish","type":"product","link":"https:\/\/www.bunzyland.com\/de\/produkt\/kaninchenstall-mit-tunnel\/","title":{"rendered":"Kaninchenstall mit Tunnel"},"content":{"rendered":"<h2>Ein 2in1 Kaninchenstall mit Tunnel<\/h2>\n<p>Das 2-in-1 <strong>Kaninchengehege<\/strong> ist eine praktische M\u00f6glichkeit, den Lebensraum Ihres <strong>Kaninchens<\/strong> zu erweitern. Dieser <strong>Kaninchenstall<\/strong> <strong>mit Tunnel<\/strong> wird eine echte Bereicherung f\u00fcr seine Umgebung sein.<\/p>\n<p>Er besteht aus einem <strong>Zeltteil<\/strong> und einem Tunnelteil. Der <strong>Tunnel<\/strong> ist ein echtes Plus f\u00fcr Ihr <strong>Kaninchen<\/strong>, es kann sich verstecken und Spa\u00df haben.<\/p>\n<p><strong>Mehr Details zu diesem Kaninchenlaufstall:<\/strong><\/p>\n<p>Gr\u00f6\u00dfe: Zelt 47cm x 45cm \/ 18,50&#8243; x 17,71&#8243; &#8211; Tunnel 120cm x 26cm : 47,24&#8243; x 10,23&#8243;<br \/>\nFarbe: Erh\u00e4ltlich in 2 verschiedenen Farben<br \/>\nMaterial: Polyesther<\/p>\n","protected":false},"excerpt":{"rendered":"<p>Ein 2in1 Kaninchenstall mit Tunnel Das 2-in-1 Kaninchengehege ist eine praktische M\u00f6glichkeit, den Lebensraum Ihres Kaninchens zu erweitern. Dieser Kaninchenstall mit Tunnel wird eine echte Bereicherung f\u00fcr seine Umgebung sein. Er besteht aus einem Zeltteil und einem Tunnelteil. Der Tunnel ist ein echtes Plus f\u00fcr Ihr Kaninchen, es kann sich verstecken und Spa\u00df haben. Mehr [&hellip;]<\/p>\n","protected":false},"featured_media":10949,"comment_status":"closed","ping_status":"closed","template":"","meta":{"_seopress_robots_primary_cat":"none","_seopress_titles_title":"","_seopress_titles_desc":"Der Kaninchenstall mit Tunnel ist ein Spielzeug und ein Laufstall zugleich! Ihr Kaninchen wird dieses neue Spielzeug und den Kaninchenstall lieben! Eine perfekte Versorgung f\u00fcr ihn!","_seopress_robots_index":""},"product_brand":[],"product_cat":[173,169,180,183],"product_tag":[],"class_list":{"0":"post-12292","1":"product","2":"type-product","3":"status-publish","4":"has-post-thumbnail","6":"product_cat-angebote","7":"product_cat-hasenladen","8":"product_cat-kaninchen-laufstall","9":"product_cat-kaninchentunnel","11":"first","12":"outofstock","13":"sale","14":"taxable","15":"shipping-taxable","16":"purchasable","17":"product-type-simple"},"_links":{"self":[{"href":"https:\/\/www.bunzyland.com\/de\/wp-json\/wp\/v2\/product\/12292","targetHints":{"allow":["GET"]}}],"collection":[{"href":"https:\/\/www.bunzyland.com\/de\/wp-json\/wp\/v2\/product"}],"about":[{"href":"https:\/\/www.bunzyland.com\/de\/wp-json\/wp\/v2\/types\/product"}],"replies":[{"embeddable":true,"href":"https:\/\/www.bunzyland.com\/de\/wp-json\/wp\/v2\/comments?post=12292"}],"wp:featuredmedia":[{"embeddable":true,"href":"https:\/\/www.bunzyland.com\/de\/wp-json\/wp\/v2\/media\/10949"}],"wp:attachment":[{"href":"https:\/\/www.bunzyland.com\/de\/wp-json\/wp\/v2\/media?parent=12292"}],"wp:term":[{"taxonomy":"product_brand","embeddable":true,"href":"https:\/\/www.bunzyland.com\/de\/wp-json\/wp\/v2\/product_brand?post=12292"},{"taxonomy":"product_cat","embeddable":true,"href":"https:\/\/www.bunzyland.com\/de\/wp-json\/wp\/v2\/product_cat?post=12292"},{"taxonomy":"product_tag","embeddable":true,"href":"https:\/\/www.bunzyland.com\/de\/wp-json\/wp\/v2\/product_tag?post=12292"}],"curies":[{"name":"wp","href":"https:\/\/api.w.org\/{rel}","templated":true}]}}