{"id":12297,"date":"2024-02-19T15:56:35","date_gmt":"2024-02-19T14:56:35","guid":{"rendered":"https:\/\/bunzyland.com\/product\/kaninchenstall-tipi\/"},"modified":"2025-09-12T13:46:49","modified_gmt":"2025-09-12T11:46:49","slug":"kaninchenstall-tipi","status":"publish","type":"product","link":"https:\/\/www.bunzyland.com\/de\/produkt\/kaninchenstall-tipi\/","title":{"rendered":"Kaninchenstall-Tipi"},"content":{"rendered":"\n<h2 class=\"wp-block-heading\">Kaninchenstall: ein Tipi mit einem bequemen Kissen<\/h2>\n\n<p>Das <strong>Kaninchenhaus-Tipi<\/strong> ist das perfekte Zuhause f\u00fcr Ihren kleinen Liebling. Dieses <strong>Kaninchenhaus f\u00fcr drinnen<\/strong> wird sein Lieblingsplatz zum Schlafen sein. Das <strong>Kaninchen-Tipi<\/strong> ist perfekt f\u00fcr Ihr kleines Haustier, um sich zu verstecken und ruhig zu verhalten. Auf diese Weise kann Ihr kleiner Prinz oder Ihre kleine Prinzessin sein oder ihr K\u00f6nigreich in Ruhe regieren. Es ist wichtig, dass Ihr Kaninchen einen Ort hat, an dem es sich sicher f\u00fchlt und sich verstecken kann.<br\/><strong><br\/><img fetchpriority=\"high\" decoding=\"async\" width=\"600\" height=\"600\" class=\"alignnone wp-image-7414\" src=\"https:\/\/mon-lapinnain.com\/wp-content\/uploads\/2021\/07\/tipi-pour-lapin-1.png\" alt=\"Tipi pour lapin\"\/><\/strong><\/p>\n\n<h2 class=\"wp-block-heading\">Ein komfortables Kaninchenheim<\/h2>\n\n<p>Das <strong>Kaninchen-Tipi<\/strong> hat ein weiches, hochwertiges Baumwollkissen, so dass Ihr Kaninchen es so bequem wie ein kleiner Prinz haben wird. Die kleine Schiefertafel, die mit dem <strong>luxuri\u00f6sen Kaninchenstall<\/strong> geliefert wird, ist perfekt, um das Versteck Ihres Kaninchens zu personalisieren. Das <strong>H\u00e4schen-Tipi<\/strong> ist leicht zusammenzubauen. Stecken Sie einfach die Holzrahmen in die Ecken des H\u00e4schenhauses, positionieren Sie sie richtig und schon haben Sie ein niedliches kleines Zelt zum Schlafen.<\/p>\n\n<figure class=\"wp-block-image\"><img decoding=\"async\" src=\"https:\/\/mon-lapinnain.com\/wp-content\/uploads\/2021\/07\/Tipi-pour-lapin-comfort.jpeg\" alt=\"Tipi pour lapin\" class=\"wp-image-7416\"\/><\/figure>\n\n<h3 class=\"wp-block-heading\">Ein Tipi mit elegantem Design<\/h3>\n\n<p>Sie k\u00f6nnen dieses <strong>Kaninchenteppich<\/strong> in Ihrem Wohnzimmer aufstellen, ohne dass es von Ihrer derzeitigen sch\u00f6nen Einrichtung ablenkt. Da wir bei &#8222;Rabbit World&#8220; wissen, dass der Lebensraum Ihres Kaninchens manchmal \u00fcberw\u00e4ltigend sein kann, bieten wir Ihnen dieses stilvolle Haus an, das einen modernen und trendigen Touch in Ihr Zuhause bringt. Dieses <strong>Kaninchenhaus<\/strong> macht auch im Kaninchenstall eine gute Figur, wo sich Ihre Kaninchen gerne verstecken und lange Nickerchen machen. Es ist die beste Einstreu f\u00fcr Kaninchen!<\/p>\n\n<figure class=\"wp-block-image\"><img decoding=\"async\" width=\"400\" height=\"400\" src=\"https:\/\/www.bunzyland.com\/wp-content\/uploads\/2024\/04\/image.jpeg\" alt=\"\" class=\"wp-image-10431\" srcset=\"https:\/\/bunzyland.com\/wp-content\/uploads\/2024\/04\/image.jpeg 400w, https:\/\/bunzyland.com\/wp-content\/uploads\/2024\/04\/image-300x300.jpeg 300w, https:\/\/bunzyland.com\/wp-content\/uploads\/2024\/04\/image-150x150.jpeg 150w, https:\/\/bunzyland.com\/wp-content\/uploads\/2024\/04\/image-100x100.jpeg 100w\" sizes=\"(max-width: 400px) 100vw, 400px\" \/><\/figure>\n\n<p><\/p>\n\n<p><strong>Mehr Details:  <\/strong><\/p>\n\n<p><strong>Gr\u00f6\u00dfe : <\/strong>40 cm x 40 cm x 50cm \/ 15,74&#8243; x 15,74&#8243; x 19,68&#8243;<br\/><strong>Farbe : <\/strong>Verf\u00fcgbar in 5 verschiedenen Farben<br\/><strong>Material :<\/strong> Coton<\/p>\n\n<p>Wenn Sie weitere Modelle f\u00fcr Ihren kleinen Begleiter entdecken m\u00f6chten, werfen Sie einen Blick auf unsere <a href=\"https:\/\/www.bunzyland.com\/de\/kaninchen-tipi\/\">Kaninchentipi-Kollektion<\/a>.<\/p>\n","protected":false},"excerpt":{"rendered":"<p>Kaninchenstall: ein Tipi mit einem bequemen Kissen Das Kaninchenhaus-Tipi ist das perfekte Zuhause f\u00fcr Ihren kleinen Liebling. Dieses Kaninchenhaus f\u00fcr drinnen wird sein Lieblingsplatz zum Schlafen sein. Das Kaninchen-Tipi ist perfekt f\u00fcr Ihr kleines Haustier, um sich zu verstecken und ruhig zu verhalten. Auf diese Weise kann Ihr kleiner Prinz oder Ihre kleine Prinzessin sein [&hellip;]<\/p>\n","protected":false},"featured_media":11153,"comment_status":"closed","ping_status":"closed","template":"","meta":{"_seopress_robots_primary_cat":"none","_seopress_titles_title":"","_seopress_titles_desc":"Kaninchenhaus-Tipi, ein Unterschlupf f\u00fcr Ihr Kaninchen, damit es sich in seinem Zuhause sicher f\u00fchlt. Es ist das beste Kaninchen-Tipi und das beste Bett f\u00fcr Kaninchen!","_seopress_robots_index":""},"product_brand":[],"product_cat":[169,179,175],"product_tag":[],"class_list":{"0":"post-12297","1":"product","2":"type-product","3":"status-publish","4":"has-post-thumbnail","6":"product_cat-hasenladen","7":"product_cat-kaninchen-tipi","8":"product_cat-kaninchenstall","10":"first","11":"outofstock","12":"taxable","13":"shipping-taxable","14":"purchasable","15":"product-type-variable","16":"has-default-attributes"},"_links":{"self":[{"href":"https:\/\/www.bunzyland.com\/de\/wp-json\/wp\/v2\/product\/12297","targetHints":{"allow":["GET"]}}],"collection":[{"href":"https:\/\/www.bunzyland.com\/de\/wp-json\/wp\/v2\/product"}],"about":[{"href":"https:\/\/www.bunzyland.com\/de\/wp-json\/wp\/v2\/types\/product"}],"replies":[{"embeddable":true,"href":"https:\/\/www.bunzyland.com\/de\/wp-json\/wp\/v2\/comments?post=12297"}],"wp:featuredmedia":[{"embeddable":true,"href":"https:\/\/www.bunzyland.com\/de\/wp-json\/wp\/v2\/media\/11153"}],"wp:attachment":[{"href":"https:\/\/www.bunzyland.com\/de\/wp-json\/wp\/v2\/media?parent=12297"}],"wp:term":[{"taxonomy":"product_brand","embeddable":true,"href":"https:\/\/www.bunzyland.com\/de\/wp-json\/wp\/v2\/product_brand?post=12297"},{"taxonomy":"product_cat","embeddable":true,"href":"https:\/\/www.bunzyland.com\/de\/wp-json\/wp\/v2\/product_cat?post=12297"},{"taxonomy":"product_tag","embeddable":true,"href":"https:\/\/www.bunzyland.com\/de\/wp-json\/wp\/v2\/product_tag?post=12297"}],"curies":[{"name":"wp","href":"https:\/\/api.w.org\/{rel}","templated":true}]}}