{"id":12308,"date":"2024-02-19T15:56:41","date_gmt":"2024-02-19T14:56:41","guid":{"rendered":"https:\/\/bunzyland.com\/product\/kaninchengehege\/"},"modified":"2025-10-02T16:52:51","modified_gmt":"2025-10-02T14:52:51","slug":"kaninchengehege","status":"publish","type":"product","link":"https:\/\/www.bunzyland.com\/de\/produkt\/kaninchengehege\/","title":{"rendered":"Kaninchengehege"},"content":{"rendered":"<h2>Das ultra-praktische Kaninchengehege<\/h2>\n<p>Dieses <strong>Kaninchengehege<\/strong> ist ideal f\u00fcr Ihr Kaninchen, damit es sich in Ihrem Haus in v\u00f6lliger Sicherheit halb frei bewegen kann. Die 12-Panel-Baugruppe ist einfach zu installieren. Sie k\u00f6nnen ein Gehege einrichten, das dem Komfort Ihres Kaninchens entspricht. Die Paneele sind vollst\u00e4ndig modular, so dass Sie ein zus\u00e4tzliches Set von Paneelen hinzuf\u00fcgen k\u00f6nnen, um eine gr\u00f6\u00dfere Kaninchenumgebung zu schaffen.<\/p>\n<p><img fetchpriority=\"high\" decoding=\"async\" class=\"alignnone wp-image-16144\" src=\"https:\/\/mon-lapinnain.com\/wp-content\/uploads\/2021\/07\/enclos-modulable-pour-lapin.png\" alt=\"Kaninchengehege\" width=\"600\" height=\"330\"><\/p>\n<h2>Ein Gehege f\u00fcr die Sicherheit Ihres Zwergkaninchens<\/h2>\n<p>Sie hassen die Vorstellung, dass Ihr Kaninchen in einem kleinen K\u00e4fig eingesperrt ist und keinen sicheren Spielbereich hat? Dieses <strong>Kaninchengehege<\/strong> bietet Ihrem Tier mehr Platz zum Herumstreifen und Spielen. Ihr Kaninchen ist in seinem Lebensraum sicher und l\u00e4uft nicht Gefahr, sich selbst zu gef\u00e4hrden, indem es an elektrischen Dr\u00e4hten knabbert oder anderen Unfug anstellt. So k\u00f6nnen Sie ihn in aller Ruhe seinem Hasenleben nachgehen lassen.<\/p>\n<p><img decoding=\"async\" class=\"alignnone wp-image-16143\" src=\"https:\/\/mon-lapinnain.com\/wp-content\/uploads\/2021\/07\/enclos-modulable-lapin.png\" alt=\"Gehege f\u00fcr Kaninchen\" width=\"600\" height=\"466\"><\/p>\n<p>Die Gitter haben einen Abstand von 1,5 cm, so dass Ihr Kaninchen nicht durchfallen kann. Er wird sicher in seinem Gehege bleiben, ohne Gefahr zu laufen, stecken zu bleiben.<\/p>\n<p><img decoding=\"async\" class=\"alignnone wp-image-16141\" src=\"https:\/\/mon-lapinnain.com\/wp-content\/uploads\/2021\/07\/enclos-lapin.png\" alt=\"Kaninchenlaufstall\" width=\"600\" height=\"600\"><\/p>\n<h2>Beliebig anpassbar und modular<\/h2>\n<p>Sie k\u00f6nnen mehrere S\u00e4tze von Platten nehmen, um das Gehege Ihres Kaninchens zu vergr\u00f6\u00dfern. Eine quadratische Platte ist 35 cm lang. Sie m\u00fcssen also nur die Anzahl der ben\u00f6tigten Platten berechnen.<\/p>\n<p><strong>Merkmale<\/strong>:<br \/>\nModular<br \/>\nMaterialien: Metall<br \/>\nGr\u00f6\u00dfe des Paneels: L: 35cm x B: 35cm x H: 35 cm<br \/>\nSets: Set mit 12 Tafeln<br \/>\nFarbe : Schwarz<br \/>\nPackungsinhalt: Stapel von 12 Paneelen, Verbinder<\/p>\n","protected":false},"excerpt":{"rendered":"<ul>\n<li>Modulares Geh\u00e4use<\/li>\n<li>Leicht zu montieren<\/li>\n<li>Ideal f\u00fcr die Erweiterung eines Stifts<\/li>\n<\/ul>\n","protected":false},"featured_media":10941,"comment_status":"closed","ping_status":"closed","template":"","meta":{"_seopress_robots_primary_cat":"none","_seopress_titles_title":"","_seopress_titles_desc":"","_seopress_robots_index":""},"product_brand":[],"product_cat":[169,180],"product_tag":[],"class_list":{"0":"post-12308","1":"product","2":"type-product","3":"status-publish","4":"has-post-thumbnail","6":"product_cat-hasenladen","7":"product_cat-kaninchen-laufstall","8":"product_shipping_class-nicht-vorbeikommen-an-mondial-relais","10":"first","11":"instock","12":"taxable","13":"shipping-taxable","14":"purchasable","15":"product-type-simple"},"_links":{"self":[{"href":"https:\/\/www.bunzyland.com\/de\/wp-json\/wp\/v2\/product\/12308","targetHints":{"allow":["GET"]}}],"collection":[{"href":"https:\/\/www.bunzyland.com\/de\/wp-json\/wp\/v2\/product"}],"about":[{"href":"https:\/\/www.bunzyland.com\/de\/wp-json\/wp\/v2\/types\/product"}],"replies":[{"embeddable":true,"href":"https:\/\/www.bunzyland.com\/de\/wp-json\/wp\/v2\/comments?post=12308"}],"wp:featuredmedia":[{"embeddable":true,"href":"https:\/\/www.bunzyland.com\/de\/wp-json\/wp\/v2\/media\/10941"}],"wp:attachment":[{"href":"https:\/\/www.bunzyland.com\/de\/wp-json\/wp\/v2\/media?parent=12308"}],"wp:term":[{"taxonomy":"product_brand","embeddable":true,"href":"https:\/\/www.bunzyland.com\/de\/wp-json\/wp\/v2\/product_brand?post=12308"},{"taxonomy":"product_cat","embeddable":true,"href":"https:\/\/www.bunzyland.com\/de\/wp-json\/wp\/v2\/product_cat?post=12308"},{"taxonomy":"product_tag","embeddable":true,"href":"https:\/\/www.bunzyland.com\/de\/wp-json\/wp\/v2\/product_tag?post=12308"}],"curies":[{"name":"wp","href":"https:\/\/api.w.org\/{rel}","templated":true}]}}