{"id":12311,"date":"2024-02-19T15:56:36","date_gmt":"2024-02-19T14:56:36","guid":{"rendered":"https:\/\/bunzyland.com\/product\/kaninchenstall-aus-stroh\/"},"modified":"2025-09-12T13:28:47","modified_gmt":"2025-09-12T11:28:47","slug":"kaninchenstall-aus-stroh","status":"publish","type":"product","link":"https:\/\/www.bunzyland.com\/de\/produkt\/kaninchenstall-aus-stroh\/","title":{"rendered":"Kaninchenstall aus Stroh"},"content":{"rendered":"\n<h2 class=\"wp-block-heading\">Kaninchenstall aus Stroh: Das Haus aus Naturfasern<\/h2>\n\n\n\n<p>Dieses <strong>Kaninchenhaus aus Stroh<\/strong> ist ein tolles Zuhause f\u00fcr Ihr Zwergkaninchen. Das <strong>Kaninchenhaus f\u00fcr drinnen<\/strong> besteht aus ineinander verschlungenen Grashalmen, an denen Ihr kleines Haustier gerne ab und zu knabbern wird. Dieses <strong>Kaninchenheim<\/strong> ist der perfekte Lebensraum f\u00fcr Ihren kleinen Freund. Das <strong>Heuhaus<\/strong> besteht aus ineinander verschlungenen Grashalmen, an denen Ihr Kaninchen gerne ab und zu knabbern wird.<\/p>\n\n\n\n<figure class=\"wp-block-image size-full\"><img fetchpriority=\"high\" decoding=\"async\" width=\"1000\" height=\"1000\" src=\"https:\/\/www.bunzyland.com\/wp-content\/uploads\/2024\/02\/Maison-lapin.jpg\" alt=\"\" class=\"wp-image-11107\" srcset=\"https:\/\/bunzyland.com\/wp-content\/uploads\/2024\/02\/Maison-lapin.jpg 1000w, https:\/\/bunzyland.com\/wp-content\/uploads\/2024\/02\/Maison-lapin-300x300.jpg 300w, https:\/\/bunzyland.com\/wp-content\/uploads\/2024\/02\/Maison-lapin-150x150.jpg 150w, https:\/\/bunzyland.com\/wp-content\/uploads\/2024\/02\/Maison-lapin-768x768.jpg 768w, https:\/\/bunzyland.com\/wp-content\/uploads\/2024\/02\/Maison-lapin-990x990.jpg 990w, https:\/\/bunzyland.com\/wp-content\/uploads\/2024\/02\/Maison-lapin-441x441.jpg 441w, https:\/\/bunzyland.com\/wp-content\/uploads\/2024\/02\/Maison-lapin-100x100.jpg 100w, https:\/\/bunzyland.com\/wp-content\/uploads\/2024\/02\/Maison-lapin-600x600.jpg 600w\" sizes=\"(max-width: 1000px) 100vw, 1000px\" \/><\/figure>\n\n\n\n<p><\/p>\n\n\n\n<h2 class=\"wp-block-heading\">Ein sicheres Zuhause f\u00fcr Kaninchen<\/h2>\n\n\n\n<p>Kaninchen ruhen sich gerne an ruhigen, dunklen Orten aus, daher ist dieses <strong>Strohhaus<\/strong> perfekt f\u00fcr sie. Ihr Haustier wird sich sicher und gut <strong>versteckt<\/strong> in seinem Zuhause f\u00fchlen. Dieses niedliche H\u00e4uschen hat eine T\u00fcr und L\u00f6cher im Boden, damit Ihr Kaninchen herauskommen oder sich umsehen kann. Dieser Unterschlupf l\u00e4sst sich ganz einfach zusammenfalten, so dass Sie ihn \u00fcberallhin mitnehmen k\u00f6nnen.<\/p>\n\n\n\n<figure class=\"wp-block-image\"><img decoding=\"async\" src=\"https:\/\/cdn.shopify.com\/s\/files\/1\/0450\/8303\/3765\/files\/Maison_lapin_nain_600x600.gif?v=1599574070\" alt=\"Kaninchenstall\"\/><\/figure>\n\n\n\n<p><\/p>\n\n\n\n<p>&nbsp;<\/p>\n\n\n\n<p>Mehr Details:<\/p>\n\n\n\n<p><strong>Material:<\/strong> Nat\u00fcrliche Grasfasern<\/p>\n\n\n\n<p><strong>Gr\u00f6\u00dfe: <\/strong>30cm x 20cm x 23cm \/ 11,81&#8243; x 7,87&#8243; x 9,05&#8243;<\/p>\n\n\n\n<p>&nbsp;<\/p>\n\n\n\n<figure class=\"wp-block-image\"><img decoding=\"async\" src=\"https:\/\/mon-lapinnain.com\/wp-content\/uploads\/2021\/07\/maison-pour-lapin-paille.jpg\" alt=\"Haus f\u00fcr Kaninchen in Staw\" class=\"wp-image-11130\"\/><\/figure>\n\n\n\n<p><\/p>\n\n\n\n<p>Geben Sie Ihrem Kaninchen ein gem\u00fctliches Zuhause mit unserer gro\u00dfen Auswahl an komfortablen, sicheren <a href=\"https:\/\/www.bunzyland.com\/de\/kaninchenstall\/\">Kaninchenh\u00e4usern<\/a>, die alle Bed\u00fcrfnisse Ihres kleinen Begleiters erf\u00fcllen.<\/p>\n","protected":false},"excerpt":{"rendered":"<p>Kaninchenstall aus Stroh: Das Haus aus Naturfasern Dieses Kaninchenhaus aus Stroh ist ein tolles Zuhause f\u00fcr Ihr Zwergkaninchen. Das Kaninchenhaus f\u00fcr drinnen besteht aus ineinander verschlungenen Grashalmen, an denen Ihr kleines Haustier gerne ab und zu knabbern wird. Dieses Kaninchenheim ist der perfekte Lebensraum f\u00fcr Ihren kleinen Freund. Das Heuhaus besteht aus ineinander verschlungenen Grashalmen, [&hellip;]<\/p>\n","protected":false},"featured_media":11105,"comment_status":"closed","ping_status":"closed","template":"","meta":{"_seopress_robots_primary_cat":"none","_seopress_titles_title":"","_seopress_titles_desc":"Das Kaninchenhaus aus Stroh, entworfen aus nat\u00fcrlichen und ungiftigen Materialien, wird das neue Versteck f\u00fcr Ihr Kaninchen sein.","_seopress_robots_index":""},"product_brand":[],"product_cat":[169,175],"product_tag":[],"class_list":{"0":"post-12311","1":"product","2":"type-product","3":"status-publish","4":"has-post-thumbnail","6":"product_cat-hasenladen","7":"product_cat-kaninchenstall","9":"first","10":"outofstock","11":"taxable","12":"shipping-taxable","13":"purchasable","14":"product-type-simple"},"_links":{"self":[{"href":"https:\/\/www.bunzyland.com\/de\/wp-json\/wp\/v2\/product\/12311","targetHints":{"allow":["GET"]}}],"collection":[{"href":"https:\/\/www.bunzyland.com\/de\/wp-json\/wp\/v2\/product"}],"about":[{"href":"https:\/\/www.bunzyland.com\/de\/wp-json\/wp\/v2\/types\/product"}],"replies":[{"embeddable":true,"href":"https:\/\/www.bunzyland.com\/de\/wp-json\/wp\/v2\/comments?post=12311"}],"wp:featuredmedia":[{"embeddable":true,"href":"https:\/\/www.bunzyland.com\/de\/wp-json\/wp\/v2\/media\/11105"}],"wp:attachment":[{"href":"https:\/\/www.bunzyland.com\/de\/wp-json\/wp\/v2\/media?parent=12311"}],"wp:term":[{"taxonomy":"product_brand","embeddable":true,"href":"https:\/\/www.bunzyland.com\/de\/wp-json\/wp\/v2\/product_brand?post=12311"},{"taxonomy":"product_cat","embeddable":true,"href":"https:\/\/www.bunzyland.com\/de\/wp-json\/wp\/v2\/product_cat?post=12311"},{"taxonomy":"product_tag","embeddable":true,"href":"https:\/\/www.bunzyland.com\/de\/wp-json\/wp\/v2\/product_tag?post=12311"}],"curies":[{"name":"wp","href":"https:\/\/api.w.org\/{rel}","templated":true}]}}