{"id":12319,"date":"2024-04-08T10:04:23","date_gmt":"2024-04-08T08:04:23","guid":{"rendered":"https:\/\/bunzyland.com\/product\/kaninchenspielzeug-stapelbecher\/"},"modified":"2025-10-02T18:38:21","modified_gmt":"2025-10-02T16:38:21","slug":"kaninchenspielzeug-stapelbecher","status":"publish","type":"product","link":"https:\/\/www.bunzyland.com\/de\/produkt\/kaninchenspielzeug-stapelbecher\/","title":{"rendered":"Kaninchenspielzeug Stapelbecher"},"content":{"rendered":"<h2><b>Kaninchenspielzeug Stapelbecher: ein strategisches Grabungsspielzeug<\/b><\/h2>\n<p>Dieses <strong>Kaninchenspielzeug zum Stapeln von Bechern<\/strong> ist inspiriert von den ber\u00fchmten <strong>Grabspielzeugen f\u00fcr Kaninchen<\/strong>, aber in einer etwas komplexeren Version. Es ist sehr unterhaltsam, f\u00f6rdert die Intelligenz Ihres Kaninchens und stimuliert seine Sinne.<\/p>\n<p><img fetchpriority=\"high\" decoding=\"async\" class=\"alignnone wp-image-9056 size-full\" src=\"https:\/\/mon-lapinnain.com\/wp-content\/uploads\/2022\/07\/jouet-pour-lapin-petits-pots.gif\" alt=\"Kaninchen Spielzeug kleine T\u00f6pfe\" width=\"350\" height=\"350\"><\/p>\n<p>Mit diesem lustigen und verspielten <strong>Spielzeug f\u00fcr Kaninchen<\/strong> k\u00f6nnen Sie eine echte Bindung zu Ihrem treuen Begleiter aufbauen und lange Zeit miteinander spielen. Es wird auch dazu beitragen, sein Vertrauen in Sie zu st\u00e4rken. Mit dieser Art von Aktivit\u00e4t, die Sie mit Ihrem kleinen pelzigen Freund teilen, k\u00f6nnen Sie Ihre Bindung langfristig st\u00e4rken.<\/p>\n<h3>Wie spielen Sie mit Ihrem Kaninchen?<\/h3>\n<p>Dieses <strong>interaktive Kaninchenspielzeug<\/strong> erfordert eine gewisse Strategie seitens Ihres Kaninchens; daher ist es extrem stimulierend!<\/p>\n<p>Dieses <strong>Hasenspielzeug<\/strong> besteht aus sechs mehrfarbigen Bechern, die vom gr\u00f6\u00dften zum kleinsten gestapelt sind. Die Idee ist, dass Sie seine Lieblingsleckereien auf jeder Ebene platzieren. Ihr Kaninchen muss herumschn\u00fcffeln und seinen Instinkt einsetzen, um seine Lieblingsleckereien zu finden, die in diesem<strong> Kaninchen-Leckereien-Spielzeug<\/strong> versteckt sind. Er kann die Becher umsto\u00dfen oder sie in die Luft werfen&#8230; Nichts wird ihn bei seiner Suche nach Leckereien aufhalten \ud83d\ude00.<\/p>\n<p><img decoding=\"async\" class=\"alignnone wp-image-9054 size-full\" src=\"https:\/\/mon-lapinnain.com\/wp-content\/uploads\/2022\/07\/jeu-pour-lapin-mon-lapin-nain.gif\" alt=\"Kaninchen Spielzeug Bunzyland\" width=\"350\" height=\"350\"><\/p>\n<p>Die Becher sind aus ABS-Kunststoff hergestellt. Dieses Material ist ungiftig, stark und leicht zugleich. Das bedeutet, dass es f\u00fcr Ihr Haustier nicht gef\u00e4hrlich ist, wenn Ihr Kaninchen es bei\u00dft. Dies ist das Material, das von gro\u00dfen Marken wie Playmobil und Leggo verwendet wird.<\/p>\n<p><b>Mehr Details:<\/b><\/p>\n<ul>\n<li>Farbe: Multicolour<\/li>\n<li>6 kleine stapelbare T\u00f6pfe + 1 Kugel<\/li>\n<li>Materialien: ABS-Kunststoff (ungiftig)<\/li>\n<\/ul>\n<p>F\u00fcr noch mehr Spa\u00df f\u00fcr Ihren pelzigen Freund entdecken Sie unsere Auswahl an <a href=\"https:\/\/www.bunzyland.com\/de\/spielzeug-fur-kaninchen\/\">Kaninchenspielzeug<\/a>, das speziell f\u00fcr sein Wohlbefinden und seine Freude entwickelt wurde.<\/p>\n","protected":false},"excerpt":{"rendered":"<ul>\n<li>Interaktives Spielzeug f\u00fcr Kaninchen<\/li>\n<li>Buddelspielzeug<\/li>\n<\/ul>\n","protected":false},"featured_media":11643,"comment_status":"closed","ping_status":"closed","template":"","meta":{"_seopress_robots_primary_cat":"none","_seopress_titles_title":"","_seopress_titles_desc":"Das Kaninchenspielzeug Stapelbecher ist ein W\u00fchlspielzeug, das die Sinne anregt und die Intelligenz Ihres Kaninchens f\u00f6rdert. Das beste Spielzeug f\u00fcr Ihr Kaninchen","_seopress_robots_index":""},"product_brand":[],"product_cat":[169,172],"product_tag":[],"class_list":{"0":"post-12319","1":"product","2":"type-product","3":"status-publish","4":"has-post-thumbnail","6":"product_cat-hasenladen","7":"product_cat-spielzeug-fur-kaninchen","8":"product_shipping_class-ok-mondial-relais-de","10":"first","11":"outofstock","12":"taxable","13":"shipping-taxable","14":"purchasable","15":"product-type-simple"},"_links":{"self":[{"href":"https:\/\/www.bunzyland.com\/de\/wp-json\/wp\/v2\/product\/12319","targetHints":{"allow":["GET"]}}],"collection":[{"href":"https:\/\/www.bunzyland.com\/de\/wp-json\/wp\/v2\/product"}],"about":[{"href":"https:\/\/www.bunzyland.com\/de\/wp-json\/wp\/v2\/types\/product"}],"replies":[{"embeddable":true,"href":"https:\/\/www.bunzyland.com\/de\/wp-json\/wp\/v2\/comments?post=12319"}],"wp:featuredmedia":[{"embeddable":true,"href":"https:\/\/www.bunzyland.com\/de\/wp-json\/wp\/v2\/media\/11643"}],"wp:attachment":[{"href":"https:\/\/www.bunzyland.com\/de\/wp-json\/wp\/v2\/media?parent=12319"}],"wp:term":[{"taxonomy":"product_brand","embeddable":true,"href":"https:\/\/www.bunzyland.com\/de\/wp-json\/wp\/v2\/product_brand?post=12319"},{"taxonomy":"product_cat","embeddable":true,"href":"https:\/\/www.bunzyland.com\/de\/wp-json\/wp\/v2\/product_cat?post=12319"},{"taxonomy":"product_tag","embeddable":true,"href":"https:\/\/www.bunzyland.com\/de\/wp-json\/wp\/v2\/product_tag?post=12319"}],"curies":[{"name":"wp","href":"https:\/\/api.w.org\/{rel}","templated":true}]}}