{"id":12320,"date":"2024-02-19T15:56:46","date_gmt":"2024-02-19T14:56:46","guid":{"rendered":"https:\/\/bunzyland.com\/product\/kaninchenklo-mit-gitter\/"},"modified":"2025-09-12T13:14:45","modified_gmt":"2025-09-12T11:14:45","slug":"kaninchenklo-mit-gitter","status":"publish","type":"product","link":"https:\/\/www.bunzyland.com\/de\/produkt\/kaninchenklo-mit-gitter\/","title":{"rendered":"Kaninchenklo mit Gitter"},"content":{"rendered":"<h2>Kaninchenklo mit Gitter: hygienisch<\/h2>\n<p>Diese <strong>Kaninchentoilette mit Gitter<\/strong> ist ideal, um Ihr Haustier sauber zu halten. Das Gitter verhindert, dass Ihr Kaninchen auf verschmutzter Einstreu heruml\u00e4uft, was f\u00fcr es viel sauberer ist. Geben Sie Hanfstreu in den Boden der Box, um Ger\u00fcche zu absorbieren und zu verhindern. Dies ist eine der besten Toiletten f\u00fcr Kaninchen.<\/p>\n<p><img fetchpriority=\"high\" decoding=\"async\" class=\"alignnone\" src=\"https:\/\/monlapinnain.hellodr.tech\/wp-content\/uploads\/sites\/532\/2021\/02\/Litiere-lapin-mon-lapin-nain-vert_600x600.jpg?v=1609090689\" alt=\"Einstreu f\u00fcr Zwergkaninchen\" width=\"600\" height=\"494\"><\/p>\n<h2>Leicht anzubringendes Kaninchen-Zubeh\u00f6r<\/h2>\n<p>Die <strong>Kaninchentoilette<\/strong> wird an den Gitterst\u00e4ben des K\u00e4figs oder Geheges Ihres Kaninchens befestigt, damit es sich nicht bewegen kann. Die Kunststoffabdeckung sch\u00fctzt die W\u00e4nde vor Schmutzspritzern.<\/p>\n<p><img decoding=\"async\" class=\"alignnone\" src=\"https:\/\/monlapinnain.hellodr.tech\/wp-content\/uploads\/sites\/532\/2021\/02\/Litiere-pour-lapin_600x600.jpg?v=1609090723\" alt=\"Einstreu f\u00fcr Kaninchengehege\" width=\"600\" height=\"600\"><\/p>\n<p><strong> <\/strong><\/p>\n<p>Mehr Details:<\/p>\n<p><strong>Material: <\/strong>Kunststoff<\/p>\n<p><strong>Gr\u00f6\u00dfe<\/strong>: 29cm x 22,5cm x 16cm \/ 11,41&#8243; x 8,85&#8243; x 6,29&#8243;<\/p>\n<p><strong>Farbe:<\/strong> Die Katzentoilette ist in 3 verschiedenen Farben erh\u00e4ltlich<\/p>\n<p><strong> <\/strong><\/p>\n<p><img decoding=\"async\" src=\"https:\/\/monlapinnain.hellodr.tech\/wp-content\/uploads\/sites\/532\/2021\/02\/Bac-Litiere-pour-lapin-belier-mon-lapin-nain_600x600.jpg?v=1609090754\" alt=\"Liti\u00e8re pour lapin pratique\"><\/p>\n<p>Um das Wohlbefinden und den Komfort Ihres Kaninchens zu gew\u00e4hrleisten, entdecken Sie unser umfangreiches Angebot an <a href=\"https:\/\/www.bunzyland.com\/de\/kaninchen-zubehoer\/\">Kaninchenzubeh\u00f6r<\/a>, das auf alle seine Bed\u00fcrfnisse abgestimmt ist.<\/p>\n","protected":false},"excerpt":{"rendered":"<p>Kaninchenklo mit Gitter: hygienisch Diese Kaninchentoilette mit Gitter ist ideal, um Ihr Haustier sauber zu halten. Das Gitter verhindert, dass Ihr Kaninchen auf verschmutzter Einstreu heruml\u00e4uft, was f\u00fcr es viel sauberer ist. Geben Sie Hanfstreu in den Boden der Box, um Ger\u00fcche zu absorbieren und zu verhindern. Dies ist eine der besten Toiletten f\u00fcr Kaninchen. [&hellip;]<\/p>\n","protected":false},"featured_media":10835,"comment_status":"closed","ping_status":"closed","template":"","meta":{"_seopress_robots_primary_cat":"none","_seopress_titles_title":"","_seopress_titles_desc":"Kaninchenklo mit Gitter. Es ist hygienischer als die klassische Katzentoilette. Ihr Kaninchen wird saubere Pfoten haben. Beste Katzentoilette.","_seopress_robots_index":""},"product_brand":[],"product_cat":[169,192,189],"product_tag":[],"class_list":{"0":"post-12320","1":"product","2":"type-product","3":"status-publish","4":"has-post-thumbnail","6":"product_cat-hasenladen","7":"product_cat-kaninchen-toilette","8":"product_cat-kaninchen-zubehoer","10":"first","11":"outofstock","12":"taxable","13":"shipping-taxable","14":"purchasable","15":"product-type-variable","16":"has-default-attributes"},"_links":{"self":[{"href":"https:\/\/www.bunzyland.com\/de\/wp-json\/wp\/v2\/product\/12320","targetHints":{"allow":["GET"]}}],"collection":[{"href":"https:\/\/www.bunzyland.com\/de\/wp-json\/wp\/v2\/product"}],"about":[{"href":"https:\/\/www.bunzyland.com\/de\/wp-json\/wp\/v2\/types\/product"}],"replies":[{"embeddable":true,"href":"https:\/\/www.bunzyland.com\/de\/wp-json\/wp\/v2\/comments?post=12320"}],"wp:featuredmedia":[{"embeddable":true,"href":"https:\/\/www.bunzyland.com\/de\/wp-json\/wp\/v2\/media\/10835"}],"wp:attachment":[{"href":"https:\/\/www.bunzyland.com\/de\/wp-json\/wp\/v2\/media?parent=12320"}],"wp:term":[{"taxonomy":"product_brand","embeddable":true,"href":"https:\/\/www.bunzyland.com\/de\/wp-json\/wp\/v2\/product_brand?post=12320"},{"taxonomy":"product_cat","embeddable":true,"href":"https:\/\/www.bunzyland.com\/de\/wp-json\/wp\/v2\/product_cat?post=12320"},{"taxonomy":"product_tag","embeddable":true,"href":"https:\/\/www.bunzyland.com\/de\/wp-json\/wp\/v2\/product_tag?post=12320"}],"curies":[{"name":"wp","href":"https:\/\/api.w.org\/{rel}","templated":true}]}}