{"id":12326,"date":"2024-02-19T15:56:42","date_gmt":"2024-02-19T14:56:42","guid":{"rendered":"https:\/\/bunzyland.com\/product\/kaninchenbett\/"},"modified":"2025-10-02T20:55:54","modified_gmt":"2025-10-02T18:55:54","slug":"kissen-fur-pompom-kaninchen","status":"publish","type":"product","link":"https:\/\/www.bunzyland.com\/de\/produkt\/kissen-fur-pompom-kaninchen\/","title":{"rendered":"Kaninchenbett"},"content":{"rendered":"<h2>Ein niedliches Kaninchenbett<\/h2>\n<p>Dieses<strong> Kaninchenbett<\/strong> mit Bommel ist perfekt f\u00fcr Kaninchen, die es lieben, auf weichen, flauschigen Oberfl\u00e4chen zu liegen. Entdecken Sie ein bezauberndes, weiches <strong>Hasenbett<\/strong> mit einem unwiderstehlichen kleinen Bommel. Diese <strong>Kaninchenmatte<\/strong> bietet Ihrem Haustier einen bequemen Platz zum Ausruhen.<\/p>\n<p><img fetchpriority=\"high\" decoding=\"async\" class=\"alignnone wp-image-5369\" src=\"https:\/\/mon-lapinnain.com\/wp-content\/uploads\/2021\/07\/lit-pour-lapin-nain.jpg\" alt=\"Kaninchenbett wei\u00df\" width=\"600\" height=\"600\"><\/p>\n<h2>Das perfekte Bett f\u00fcr Kaninchen<\/h2>\n<p>Sie k\u00f6nnen das <strong>Kaninchenbett<\/strong> in das Gehege Ihres Tieres oder in einen ruhigen Bereich Ihrer Wohnung stellen. Auf diese Weise kann er sich ausruhen und entspannen, wann immer er m\u00f6chte. Buns lieben es, in einem bequemen Bett zu liegen. Das wird Ihrem kleinen Freund den n\u00f6tigen Komfort bieten. Es h\u00e4lt auch seine Pfoten gesund und frei von Pododermatitis.<\/p>\n<p><img decoding=\"async\" class=\"alignnone wp-image-16525\" src=\"https:\/\/mon-lapinnain.com\/wp-content\/uploads\/2021\/07\/lit-pour-lapin-douillet-blanc.png\" alt=\"Kaninchenbett\" width=\"600\" height=\"600\"><\/p>\n<p>Dieses liebevoll gestaltete <strong>Kaninchenbett<\/strong> respektiert das nat\u00fcrliche Bed\u00fcrfnis Ihres Kaninchens nach etwas Weichem und Beruhigendem, auf dem es liegen kann. Es bietet ihm einen sicheren Ort und eine Komfortzone, in der er sich v\u00f6llig entspannen kann, weit weg von der Hektik Ihres Hauses. Mit diesem <strong>Bett f\u00fcr Kaninchen<\/strong> wird Ihr Kaninchen stundenlang ruhig schlafen und sich entspannen k\u00f6nnen.<\/p>\n<p><img decoding=\"async\" class=\"alignnone\" src=\"https:\/\/cdn.shopify.com\/s\/files\/1\/0450\/8303\/3765\/files\/Coussin_pour_lapin_6b61ed1e-516d-4d98-9257-ffaec2557439_600x600.gif?v=1610990933\" alt=\"Kaninchenbett\" width=\"328\" height=\"335\"><\/p>\n<p>Mehr Details:<br \/>\n<strong>Material:<\/strong> Baumwolle und Pl\u00fcsch<br \/>\n<strong>Farbe:<\/strong> Rosa oder Wei\u00df<br \/>\n<strong>Gr\u00f6\u00dfe<\/strong>: 40 x 25 cm<\/p>\n","protected":false},"excerpt":{"rendered":"<ul>\n<li>Bestes Kaninchenbett<\/li>\n<li>Bequem<\/li>\n<\/ul>\n","protected":false},"featured_media":10909,"comment_status":"closed","ping_status":"closed","template":"","meta":{"_seopress_robots_primary_cat":"none","_seopress_titles_title":"","_seopress_titles_desc":"Kaninchenbett, das brandneue Bett, das speziell f\u00fcr unsere Zwergkaninchenfreunde entwickelt wurde. Eine bequeme Matte, die an ihre Morphologie angepasst ist.","_seopress_robots_index":""},"product_brand":[],"product_cat":[169,193],"product_tag":[],"class_list":{"0":"post-12326","1":"product","2":"type-product","3":"status-publish","4":"has-post-thumbnail","6":"product_cat-hasenladen","7":"product_cat-kaninchenbett","9":"first","10":"instock","11":"taxable","12":"shipping-taxable","13":"purchasable","14":"product-type-simple"},"_links":{"self":[{"href":"https:\/\/www.bunzyland.com\/de\/wp-json\/wp\/v2\/product\/12326","targetHints":{"allow":["GET"]}}],"collection":[{"href":"https:\/\/www.bunzyland.com\/de\/wp-json\/wp\/v2\/product"}],"about":[{"href":"https:\/\/www.bunzyland.com\/de\/wp-json\/wp\/v2\/types\/product"}],"replies":[{"embeddable":true,"href":"https:\/\/www.bunzyland.com\/de\/wp-json\/wp\/v2\/comments?post=12326"}],"wp:featuredmedia":[{"embeddable":true,"href":"https:\/\/www.bunzyland.com\/de\/wp-json\/wp\/v2\/media\/10909"}],"wp:attachment":[{"href":"https:\/\/www.bunzyland.com\/de\/wp-json\/wp\/v2\/media?parent=12326"}],"wp:term":[{"taxonomy":"product_brand","embeddable":true,"href":"https:\/\/www.bunzyland.com\/de\/wp-json\/wp\/v2\/product_brand?post=12326"},{"taxonomy":"product_cat","embeddable":true,"href":"https:\/\/www.bunzyland.com\/de\/wp-json\/wp\/v2\/product_cat?post=12326"},{"taxonomy":"product_tag","embeddable":true,"href":"https:\/\/www.bunzyland.com\/de\/wp-json\/wp\/v2\/product_tag?post=12326"}],"curies":[{"name":"wp","href":"https:\/\/api.w.org\/{rel}","templated":true}]}}