{"id":12327,"date":"2024-02-19T15:56:37","date_gmt":"2024-02-19T14:56:37","guid":{"rendered":"https:\/\/bunzyland.com\/product\/kaninchen-tragetasche\/"},"modified":"2025-09-12T16:31:35","modified_gmt":"2025-09-12T14:31:35","slug":"kaninchen-tragetasche","status":"publish","type":"product","link":"https:\/\/www.bunzyland.com\/de\/produkt\/kaninchen-tragetasche\/","title":{"rendered":"Kaninchen Tragetasche"},"content":{"rendered":"<h2>Die richtige Tasche f\u00fcr Zwergkaninchen<\/h2>\n<p>Die <strong>Kaninchentragetasche<\/strong> &#8222;Bunzyland&#8220; ist perfekt f\u00fcr den Transport Ihres pelzigen Freundes auf Reisen oder zum Tierarzt. <strong>Die Gr\u00f6\u00dfe der Tasche ist perfekt<\/strong> auf die Gr\u00f6\u00dfe Ihres Kaninchens <strong>abgestimmt<\/strong>. Er wird sich darin sicher und wohl f\u00fchlen.<\/p>\n<p><img fetchpriority=\"high\" decoding=\"async\" class=\"alignnone\" src=\"https:\/\/monlapinnain.hellodr.tech\/wp-content\/uploads\/sites\/532\/2021\/02\/Sac-de-transport-lapin-mon-lapin-nain_600x600.jpg?v=1609232994\" alt=\"Transporttasche f\u00fcr Kaninchen\" width=\"347\" height=\"600\"><\/p>\n<h2>Eine luftige, atmungsaktive Kaninchentasche<\/h2>\n<p>Diese <strong>Kaninchentasche<\/strong> wurde aus atmungsaktiven Materialien hergestellt, die die Luft durch die Tasche hindurchlassen. So wird es Ihrem Kaninchen nicht zu hei\u00df und es kann normal atmen.<\/p>\n<h3>Bequemer Transport<\/h3>\n<p>Diese <strong>Kaninchentragetasche<\/strong> ist innen mit einem Kissen ausgestattet. F\u00fcr zus\u00e4tzlichen Komfort und um zu verhindern, dass Ihr Kaninchen w\u00e4hrend der Reise ausrutscht, ist die Tasche mit ihrem kleinen Kissen perfekt f\u00fcr ihn. Das <strong>weiche und waschbare<\/strong> Kissen ist ein echtes Plus in dieser Tasche.<\/p>\n<p><img decoding=\"async\" class=\"alignnone\" src=\"https:\/\/monlapinnain.hellodr.tech\/wp-content\/uploads\/sites\/532\/2021\/02\/Sac-de-transport-lapin-nain_600x600.jpg?v=1609233305\" alt=\"Kaninchentransporter\" width=\"451\" height=\"600\"><\/p>\n<p><strong>Merkmale:<\/strong><\/p>\n<p><strong>Materialien :<\/strong> Stoff und Mesh<br \/>\n<strong>Gr\u00f6\u00dfe:<\/strong> B 42cm x L 20cm x H 26cm<br \/>\n<strong>Farbe :<\/strong> Blau<br \/>\n<strong>Packungsinhalt :<\/strong> Tasche + Kissen<\/p>\n<p>Um das Reisen mit Ihrem Haustier einfacher, sicherer und komfortabler zu machen, entdecken Sie unsere Auswahl an <a href=\"https:\/\/www.bunzyland.com\/de\/kaninchen-transportbox\/\">Kaninchentragetaschen<\/a>, die f\u00fcr ein sorgenfreies Reisen entwickelt wurden.<\/p>\n","protected":false},"excerpt":{"rendered":"<p>Die richtige Tasche f\u00fcr Zwergkaninchen Die Kaninchentragetasche &#8222;Bunzyland&#8220; ist perfekt f\u00fcr den Transport Ihres pelzigen Freundes auf Reisen oder zum Tierarzt. Die Gr\u00f6\u00dfe der Tasche ist perfekt auf die Gr\u00f6\u00dfe Ihres Kaninchens abgestimmt. Er wird sich darin sicher und wohl f\u00fchlen. Eine luftige, atmungsaktive Kaninchentasche Diese Kaninchentasche wurde aus atmungsaktiven Materialien hergestellt, die die Luft [&hellip;]<\/p>\n","protected":false},"featured_media":11125,"comment_status":"closed","ping_status":"closed","template":"","meta":{"_seopress_robots_primary_cat":"none","_seopress_titles_title":"","_seopress_titles_desc":"Kaninchentragetasche, ein unverzichtbares Accessoire f\u00fcr den Transport Ihres Kaninchens auf Reisen oder bei Tierarztbesuchen.","_seopress_robots_index":""},"product_brand":[],"product_cat":[169,194,189],"product_tag":[],"class_list":{"0":"post-12327","1":"product","2":"type-product","3":"status-publish","4":"has-post-thumbnail","6":"product_cat-hasenladen","7":"product_cat-kaninchen-transportbox","8":"product_cat-kaninchen-zubehoer","10":"first","11":"instock","12":"taxable","13":"shipping-taxable","14":"purchasable","15":"product-type-simple"},"_links":{"self":[{"href":"https:\/\/www.bunzyland.com\/de\/wp-json\/wp\/v2\/product\/12327","targetHints":{"allow":["GET"]}}],"collection":[{"href":"https:\/\/www.bunzyland.com\/de\/wp-json\/wp\/v2\/product"}],"about":[{"href":"https:\/\/www.bunzyland.com\/de\/wp-json\/wp\/v2\/types\/product"}],"replies":[{"embeddable":true,"href":"https:\/\/www.bunzyland.com\/de\/wp-json\/wp\/v2\/comments?post=12327"}],"wp:featuredmedia":[{"embeddable":true,"href":"https:\/\/www.bunzyland.com\/de\/wp-json\/wp\/v2\/media\/11125"}],"wp:attachment":[{"href":"https:\/\/www.bunzyland.com\/de\/wp-json\/wp\/v2\/media?parent=12327"}],"wp:term":[{"taxonomy":"product_brand","embeddable":true,"href":"https:\/\/www.bunzyland.com\/de\/wp-json\/wp\/v2\/product_brand?post=12327"},{"taxonomy":"product_cat","embeddable":true,"href":"https:\/\/www.bunzyland.com\/de\/wp-json\/wp\/v2\/product_cat?post=12327"},{"taxonomy":"product_tag","embeddable":true,"href":"https:\/\/www.bunzyland.com\/de\/wp-json\/wp\/v2\/product_tag?post=12327"}],"curies":[{"name":"wp","href":"https:\/\/api.w.org\/{rel}","templated":true}]}}