{"id":12330,"date":"2024-02-19T15:56:40","date_gmt":"2024-02-19T14:56:40","guid":{"rendered":"https:\/\/bunzyland.com\/product\/bett-fuer-kaninchen\/"},"modified":"2025-10-02T18:38:25","modified_gmt":"2025-10-02T16:38:25","slug":"bett-fuer-kaninchen","status":"publish","type":"product","link":"https:\/\/www.bunzyland.com\/de\/produkt\/bett-fuer-kaninchen\/","title":{"rendered":"Bett f\u00fcr Kaninchen"},"content":{"rendered":"<h2>Ein Bett f\u00fcr Kaninchen in Form einer H\u00e4ngematte<\/h2>\n<p>Ihr<strong> Kaninchen<\/strong> ist st\u00e4ndig auf der Suche nach einem Platz, an dem es sich aufhalten kann, um sich sicher zu f\u00fchlen oder um seine Umgebung zu kontrollieren? Holen Sie das <strong>Bett f\u00fcr Kaninchen<\/strong> in Form einer <strong>H\u00e4ngematte<\/strong>, Ihr kleiner Freund wird sein neues <strong>Sofa<\/strong> lieben.<\/p>\n<p><img fetchpriority=\"high\" decoding=\"async\" class=\"alignnone wp-image-11324\" src=\"https:\/\/mon-lapinnain.com\/wp-content\/uploads\/2023\/04\/lit-pour-lapin-hamac-2.jpg\" alt=\"Kaninchenbett\" width=\"600\" height=\"503\"><\/p>\n<p>Stellen Sie dieses <strong>Kaninchenbett<\/strong> in das Gehege Ihres Kaninchens und Sie k\u00f6nnen sicher sein, dass es darauf klettern wird, um die Umgebung zu inspizieren.<\/p>\n<h2><img decoding=\"async\" class=\"alignnone wp-image-11319\" src=\"https:\/\/mon-lapinnain.com\/wp-content\/uploads\/2023\/04\/hamac-lapin-lit.jpg\" alt=\"Bett f\u00fcr Kaninchen\" width=\"600\" height=\"600\"><\/h2>\n<h3>Ein Kaninchenbett ideal f\u00fcr Ihr kleines Haustier<\/h3>\n<p>Ihr <strong>Kaninchen<\/strong> kann sich ganz hinlegen, um an einem erh\u00f6hten Ort zu ruhen. Er wird es auch lieben, w\u00e4hrend seiner f\u00fcnfzehn Minuten des Wahnsinns wie ein Verr\u00fcckter darauf zu springen! Dieses <strong>Bett f\u00fcr Kaninchen<\/strong> ist wirklich ein <strong>Accessoire<\/strong>, das im Zimmer oder im Gehege Ihres<strong> Zwergkaninchens<\/strong> seinen Platz finden wird. Dieses elegante und leicht zu montierende <strong>Bett f\u00fcr Kaninchen<\/strong> wird sein Lieblingsplatz f\u00fcr ein Nickerchen werden.<\/p>\n<h2><img decoding=\"async\" class=\"alignnone wp-image-11322\" src=\"https:\/\/mon-lapinnain.com\/wp-content\/uploads\/2023\/04\/lit-pour-lapin-2.jpg\" alt=\"H\u00e4ngematte f\u00fcr Kaninchen\" width=\"600\" height=\"600\"><\/h2>\n<p>Diese <strong>H\u00e4ngematte f\u00fcr Kaninchen<\/strong> kann auch w\u00e4hrend der hei\u00dfen Sommertage sehr n\u00fctzlich sein, wenn die Temperatur 24\u00b0C \u00fcbersteigt. Die Tatsache, dass das <strong>Bett<\/strong> erh\u00f6ht ist, reduziert das W\u00e4rmegef\u00fchl. Sie k\u00f6nnen ein in ein Handtuch eingewickeltes Eispack darunter legen. Ihr <strong>Zwergkaninchen,<\/strong> <strong>Holland Lop<\/strong> oder <strong>Mini Lop<\/strong> wird sich gerne an einem k\u00fchlen Ort hinlegen, um einen Hitzschlag zu vermeiden, der bei <strong>Kaninchen<\/strong> oft t\u00f6dlich endet.<\/p>\n<p><img loading=\"lazy\" decoding=\"async\" class=\"alignnone wp-image-11318\" src=\"https:\/\/mon-lapinnain.com\/wp-content\/uploads\/2023\/04\/hamac-lapin-1.jpg\" alt=\"Bett f\u00fcr Kaninchen\" width=\"600\" height=\"600\"><\/p>\n<p><strong>Mehr Details zu diesem Hasenbett:<\/strong><\/p>\n<p><strong>Gr\u00f6\u00dfe: <\/strong>53cm x 48cm x 13cm<br \/>\n<strong>Farbe:<\/strong> grau mit Kaninchenmuster<br \/>\n<strong>Material:<\/strong> Holz und Stoff<\/p>\n","protected":false},"excerpt":{"rendered":"<ul>\n<li>Kaninchenbett<\/li>\n<li>Hasen-H\u00e4ngematte<\/li>\n<li>Bestes Kaninchenbett<\/li>\n<\/ul>\n","protected":false},"featured_media":10957,"comment_status":"closed","ping_status":"closed","template":"","meta":{"_seopress_robots_primary_cat":"none","_seopress_titles_title":"","_seopress_titles_desc":"Das Bett f\u00fcr Kaninchen in Form einer H\u00e4ngematte ist das perfekte Kaninchenbett f\u00fcr Haustiere. Ihr Kaninchen wird es lieben, darauf zu schlafen und sein Revier zu bewachen","_seopress_robots_index":""},"product_brand":[],"product_cat":[169,193],"product_tag":[],"class_list":{"0":"post-12330","1":"product","2":"type-product","3":"status-publish","4":"has-post-thumbnail","6":"product_cat-hasenladen","7":"product_cat-kaninchenbett","9":"first","10":"instock","11":"taxable","12":"shipping-taxable","13":"purchasable","14":"product-type-simple"},"_links":{"self":[{"href":"https:\/\/www.bunzyland.com\/de\/wp-json\/wp\/v2\/product\/12330","targetHints":{"allow":["GET"]}}],"collection":[{"href":"https:\/\/www.bunzyland.com\/de\/wp-json\/wp\/v2\/product"}],"about":[{"href":"https:\/\/www.bunzyland.com\/de\/wp-json\/wp\/v2\/types\/product"}],"replies":[{"embeddable":true,"href":"https:\/\/www.bunzyland.com\/de\/wp-json\/wp\/v2\/comments?post=12330"}],"wp:featuredmedia":[{"embeddable":true,"href":"https:\/\/www.bunzyland.com\/de\/wp-json\/wp\/v2\/media\/10957"}],"wp:attachment":[{"href":"https:\/\/www.bunzyland.com\/de\/wp-json\/wp\/v2\/media?parent=12330"}],"wp:term":[{"taxonomy":"product_brand","embeddable":true,"href":"https:\/\/www.bunzyland.com\/de\/wp-json\/wp\/v2\/product_brand?post=12330"},{"taxonomy":"product_cat","embeddable":true,"href":"https:\/\/www.bunzyland.com\/de\/wp-json\/wp\/v2\/product_cat?post=12330"},{"taxonomy":"product_tag","embeddable":true,"href":"https:\/\/www.bunzyland.com\/de\/wp-json\/wp\/v2\/product_tag?post=12330"}],"curies":[{"name":"wp","href":"https:\/\/api.w.org\/{rel}","templated":true}]}}