{"id":12336,"date":"2024-02-19T15:56:35","date_gmt":"2024-02-19T14:56:35","guid":{"rendered":"https:\/\/bunzyland.com\/product\/kaninchenstreu-bodenmatte\/"},"modified":"2025-09-12T17:21:40","modified_gmt":"2025-09-12T15:21:40","slug":"kaninchenstreu-bodenmatte","status":"publish","type":"product","link":"https:\/\/www.bunzyland.com\/de\/produkt\/kaninchenstreu-bodenmatte\/","title":{"rendered":"Kaninchenstreu-Bodenmatte"},"content":{"rendered":"<h2>Eine Kaninchenstreu-Bodenmatte, um Ihr Zuhause sauber zu halten<\/h2>\n<p>Eine <strong>Kaninchenstreu-Bodenmatte<\/strong> ist ideal, wenn Ihr Kaninchen mit den Pfoten voller Hanf- oder Holzsp\u00e4ne aus seiner Katzentoilette kommt. Wenn Ihr Kaninchen eine Toilette in seinem Gehege hat, kann es schwierig sein, diese sauber zu halten. Mit dem &#8222;Rabbit World&#8220; <strong>Bodenbelag f\u00fcr Kaninchen<\/strong> bleibt der Lebensraum Ihres Kaninchens sauber, wenn es die Toilette verl\u00e4sst.<\/p>\n<p><img fetchpriority=\"high\" decoding=\"async\" class=\"alignnone\" src=\"https:\/\/monlapinnain.hellodr.tech\/wp-content\/uploads\/sites\/532\/2021\/02\/Tapis-sortie-de-litiere-mon-lapin-nain_600x600.jpg?v=1609149519\" alt=\"Einstreumatte f\u00fcr Kaninchen\" width=\"519\" height=\"599\"><\/p>\n<h2>Das intelligente Kaninchen-Zubeh\u00f6r<\/h2>\n<p>Der <strong>Kaninchenteppich <\/strong>hat L\u00f6cher, durch die die Sp\u00e4ne hindurchgehen. Leeren Sie einfach den Tank der Matte. Keine Sp\u00e4ne mehr \u00fcberall, 5 Minuten nach der Reinigung!<\/p>\n<h3>Praktisch f\u00fcr den Transport<\/h3>\n<p>Die <strong>Kaninchenstreu-Matte<\/strong> ist au\u00dferdem wasserabweisend, so dass sie auch bei kleineren Urinunf\u00e4llen verwendet werden kann. Es kann auch verwendet werden, wenn Sie mit Ihrem Kaninchen reisen. Legen Sie die Matte in den Boden der Tragetasche, damit Ihr Kaninchen trocken bleibt, wenn es pinkelt.<\/p>\n<p><img decoding=\"async\" class=\"alignnone wp-image-12921\" src=\"https:\/\/mon-lapinnain.com\/wp-content\/uploads\/2021\/07\/Tapis-litiere-lapin-mon-lapin-nain-waterproof.jpg\" alt=\"\" width=\"600\" height=\"600\"><\/p>\n<h3><b>Vorteile dieser Kaninchenmatte<\/b><\/h3>\n<ul>\n<li>Sauberkeit der Umgebung<\/li>\n<li>Bequem zum Tragen Ihres Kaninchens<\/li>\n<li>Wasserdicht<\/li>\n<li>Leicht zu reinigen<\/li>\n<\/ul>\n<p><strong>Mehr Details:<\/strong><\/p>\n<p><strong>Gr\u00f6\u00dfe:<\/strong> Erh\u00e4ltlich in 2 verschiedenen Gr\u00f6\u00dfen:<\/p>\n<ul>\n<li>30cm x 30cm \/ 11,81&#8243; x 11,81&#8243;<\/li>\n<li>45cm x 60cm \/ 17,71&#8243; x 23,62&#8243;<\/li>\n<\/ul>\n<p><strong>Farbe :<\/strong> Schwarz<\/p>\n<p><img decoding=\"async\" class=\"alignnone wp-image-12919\" src=\"https:\/\/mon-lapinnain.com\/wp-content\/uploads\/2021\/07\/Tapis-sortie-litiere-pour-lapin-taille.jpg\" alt=\"Einstreu-Auslaufmatte f\u00fcr Kaninchen\" width=\"600\" height=\"426\"><\/p>\n<p>Entdecken Sie unsere Kollektion von <a href=\"https:\/\/www.bunzyland.com\/de\/kaninchen-matten\/\">Kaninchenmatten<\/a>, die perfekt f\u00fcr den Komfort Ihres kleinen Begleiters sind, f\u00fcr einen angenehmen und geeigneten Spiel- oder Ruhebereich.<\/p>\n","protected":false},"excerpt":{"rendered":"<ul>\n<li>Kaninchenmatte<\/li>\n<li>Hygienisch<\/li>\n<\/ul>\n","protected":false},"featured_media":11143,"comment_status":"closed","ping_status":"closed","template":"","meta":{"_seopress_robots_primary_cat":"none","_seopress_titles_title":"","_seopress_titles_desc":"Die Kaninchenstreu-Bodenmatte ist eine Notwendigkeit, um das Gehege Ihres Kaninchens sauber zu halten. Das beste Kaninchenzubeh\u00f6r, um den Stall sauber zu halten","_seopress_robots_index":""},"product_brand":[],"product_cat":[173,169,195,189],"product_tag":[],"class_list":{"0":"post-12336","1":"product","2":"type-product","3":"status-publish","4":"has-post-thumbnail","6":"product_cat-angebote","7":"product_cat-hasenladen","8":"product_cat-kaninchen-matten","9":"product_cat-kaninchen-zubehoer","11":"first","12":"outofstock","13":"sale","14":"taxable","15":"shipping-taxable","16":"purchasable","17":"product-type-variable","18":"has-default-attributes"},"_links":{"self":[{"href":"https:\/\/www.bunzyland.com\/de\/wp-json\/wp\/v2\/product\/12336","targetHints":{"allow":["GET"]}}],"collection":[{"href":"https:\/\/www.bunzyland.com\/de\/wp-json\/wp\/v2\/product"}],"about":[{"href":"https:\/\/www.bunzyland.com\/de\/wp-json\/wp\/v2\/types\/product"}],"replies":[{"embeddable":true,"href":"https:\/\/www.bunzyland.com\/de\/wp-json\/wp\/v2\/comments?post=12336"}],"wp:featuredmedia":[{"embeddable":true,"href":"https:\/\/www.bunzyland.com\/de\/wp-json\/wp\/v2\/media\/11143"}],"wp:attachment":[{"href":"https:\/\/www.bunzyland.com\/de\/wp-json\/wp\/v2\/media?parent=12336"}],"wp:term":[{"taxonomy":"product_brand","embeddable":true,"href":"https:\/\/www.bunzyland.com\/de\/wp-json\/wp\/v2\/product_brand?post=12336"},{"taxonomy":"product_cat","embeddable":true,"href":"https:\/\/www.bunzyland.com\/de\/wp-json\/wp\/v2\/product_cat?post=12336"},{"taxonomy":"product_tag","embeddable":true,"href":"https:\/\/www.bunzyland.com\/de\/wp-json\/wp\/v2\/product_tag?post=12336"}],"curies":[{"name":"wp","href":"https:\/\/api.w.org\/{rel}","templated":true}]}}