{"id":12337,"date":"2024-02-19T15:56:36","date_gmt":"2024-02-19T14:56:36","guid":{"rendered":"https:\/\/bunzyland.com\/product\/kaninchenstall-bett\/"},"modified":"2025-09-12T13:14:45","modified_gmt":"2025-09-12T11:14:45","slug":"kaninchenstall-bett","status":"publish","type":"product","link":"https:\/\/www.bunzyland.com\/de\/produkt\/kaninchenstall-bett\/","title":{"rendered":"Kaninchenstall Bett"},"content":{"rendered":"<h2>Kaninchenhaus Bett: Ein idealer Unterschlupf<\/h2>\n<p>Dieses <strong>Kaninchenhausbett<\/strong> ist perfekt f\u00fcr Ihr Zwergkaninchen oder Ihren Holland Lop. Sein Kokon und seine geschlossene Form werden zum<strong> Lieblingswohn-<\/strong> und Schlafplatz Ihres Kaninchens. Er wird es lieben, sich in diesem weichen und warmen Nest zu verstecken und auszuruhen. Stellen Sie das <strong>Kaninchenhaus<\/strong> in das Gehege Ihres Haustiers. Sie k\u00f6nnen ihn auch im Wohnzimmer aufstellen, um Ihr Kaninchen bei Familienabenden zu unterhalten.<\/p>\n<p><img fetchpriority=\"high\" decoding=\"async\" class=\"alignnone\" src=\"https:\/\/monlapinnain.hellodr.tech\/wp-content\/uploads\/sites\/532\/2021\/02\/coussin-nid-douillet_600x600.jpg?v=1599594224\" alt=\"Kaninchenstall\" width=\"600\" height=\"600\"><\/p>\n<h2>Ein perfektes Versteck, um sich sicher zu f\u00fchlen<\/h2>\n<p>Ihr Kaninchen liebt es, sich zu verstecken und sicher zu f\u00fchlen. Dieses <strong>Kaninchenhaus<\/strong> ist also perfekt f\u00fcr Ihren pelzigen Freund. Seine geringe Gr\u00f6\u00dfe und die dunkle, abgerundete Form vermitteln ein Gef\u00fchl der Sicherheit, so dass sich Ihr Kaninchen sicher f\u00fchlt und in Ruhe schlafen kann.<\/p>\n<h3>Ein hochwertiges Kaninchenbett<\/h3>\n<p>Der Bezug mit Samteffekt ist aus hochwertigem Kurzfasergewebe gefertigt. Im Inneren befindet sich weiche Baumwollbettw\u00e4sche mit einem abnehmbaren Bezug. F\u00fcr zus\u00e4tzliche Haltbarkeit ist der Kissenbezug in der Maschine waschbar.<\/p>\n<p><img decoding=\"async\" class=\"alignnone\" src=\"https:\/\/monlapinnain.hellodr.tech\/wp-content\/uploads\/sites\/532\/2021\/02\/coussin_cabane_lapin_600x600.jpg?v=1599594301\" alt=\"Haus f\u00fcr Kaninchen\" width=\"600\" height=\"600\"><\/p>\n<p><strong> <\/strong><\/p>\n<p>Mehr Details:<\/p>\n<p><strong>Gr\u00f6\u00dfe:<\/strong> 33cm x 35cm \/ 12,99&#8243; x 13,77&#8243;<\/p>\n<p><strong>Material :<\/strong> Baumwolle und kurzer Pl\u00fcsch<\/p>\n<p><strong> <\/strong><\/p>\n<p>Geben Sie Ihrem Kaninchen ein gem\u00fctliches Zuhause mit unserer gro\u00dfen Auswahl an komfortablen, sicheren <a href=\"https:\/\/www.bunzyland.com\/de\/kaninchenstall\/\">Kaninchenh\u00e4usern<\/a>, die alle Bed\u00fcrfnisse Ihres kleinen Begleiters erf\u00fcllen.<\/p>\n","protected":false},"excerpt":{"rendered":"<p>Kaninchenhaus Bett: Ein idealer Unterschlupf Dieses Kaninchenhausbett ist perfekt f\u00fcr Ihr Zwergkaninchen oder Ihren Holland Lop. Sein Kokon und seine geschlossene Form werden zum Lieblingswohn- und Schlafplatz Ihres Kaninchens. Er wird es lieben, sich in diesem weichen und warmen Nest zu verstecken und auszuruhen. Stellen Sie das Kaninchenhaus in das Gehege Ihres Haustiers. Sie k\u00f6nnen [&hellip;]<\/p>\n","protected":false},"featured_media":11113,"comment_status":"closed","ping_status":"closed","template":"","meta":{"_seopress_robots_primary_cat":"none","_seopress_titles_title":"","_seopress_titles_desc":"Kaninchenhausbett, ein gem\u00fctliches Bett f\u00fcr Ihr Kaninchen. Ein gem\u00fctliches, weiches Zuhause, in dem er sich sicher f\u00fchlt. Erh\u00e4ltlich in zwei Gr\u00f6\u00dfen f\u00fcr Kaninchen","_seopress_robots_index":""},"product_brand":[],"product_cat":[169,175],"product_tag":[],"class_list":{"0":"post-12337","1":"product","2":"type-product","3":"status-publish","4":"has-post-thumbnail","6":"product_cat-hasenladen","7":"product_cat-kaninchenstall","9":"first","10":"outofstock","11":"taxable","12":"shipping-taxable","13":"purchasable","14":"product-type-simple"},"_links":{"self":[{"href":"https:\/\/www.bunzyland.com\/de\/wp-json\/wp\/v2\/product\/12337","targetHints":{"allow":["GET"]}}],"collection":[{"href":"https:\/\/www.bunzyland.com\/de\/wp-json\/wp\/v2\/product"}],"about":[{"href":"https:\/\/www.bunzyland.com\/de\/wp-json\/wp\/v2\/types\/product"}],"replies":[{"embeddable":true,"href":"https:\/\/www.bunzyland.com\/de\/wp-json\/wp\/v2\/comments?post=12337"}],"wp:featuredmedia":[{"embeddable":true,"href":"https:\/\/www.bunzyland.com\/de\/wp-json\/wp\/v2\/media\/11113"}],"wp:attachment":[{"href":"https:\/\/www.bunzyland.com\/de\/wp-json\/wp\/v2\/media?parent=12337"}],"wp:term":[{"taxonomy":"product_brand","embeddable":true,"href":"https:\/\/www.bunzyland.com\/de\/wp-json\/wp\/v2\/product_brand?post=12337"},{"taxonomy":"product_cat","embeddable":true,"href":"https:\/\/www.bunzyland.com\/de\/wp-json\/wp\/v2\/product_cat?post=12337"},{"taxonomy":"product_tag","embeddable":true,"href":"https:\/\/www.bunzyland.com\/de\/wp-json\/wp\/v2\/product_tag?post=12337"}],"curies":[{"name":"wp","href":"https:\/\/api.w.org\/{rel}","templated":true}]}}