{"id":12340,"date":"2024-02-19T15:56:39","date_gmt":"2024-02-19T14:56:39","guid":{"rendered":"https:\/\/bunzyland.com\/product\/kaninchen-karotte-spielzeug\/"},"modified":"2025-09-12T17:21:41","modified_gmt":"2025-09-12T15:21:41","slug":"kaninchen-karotte-spielzeug","status":"publish","type":"product","link":"https:\/\/www.bunzyland.com\/de\/produkt\/kaninchen-karotte-spielzeug\/","title":{"rendered":"Kaninchen Karotte Spielzeug"},"content":{"rendered":"<h2>Kaninchen-M\u00f6hren-Spielzeug: ein ideales Spielzeug f\u00fcr die Zahnpflege<\/h2>\n<p>Ihr Kaninchen muss picken, damit seine Z\u00e4hne, die erst im Laufe seines Lebens wegschmelzen, knirschen. Mit dem richtigen Futter und ein paar Spielzeugen wird Ihr Kaninchen die besten Z\u00e4hne haben \ud83d\ude0b. Dieses <strong>Kaninchen-Karotten-Spielzeug<\/strong> ist ein <strong>Kaninchenspielzeug<\/strong>, an dem Ihr kleiner Freund gerne kauen wird \ud83d\ude0b.<\/p>\n<p>Mit unserem Set aus 3 Rattanm\u00f6hren kann Ihr Hase seine kleinen Portionen kauen und servieren und dabei Spa\u00df haben. Es hilft auch gegen Langeweile bei Ihrem Lieblingszwergkaninchen.<\/p>\n<ul>\n<li>Langeweile bek\u00e4mpfen<\/li>\n<li>Z\u00e4hne retten<\/li>\n<li>Karottensorte<\/li>\n<li>Qualit\u00e4t<\/li>\n<\/ul>\n<p><strong>Weitere Details zu diesem Kauspielzeug f\u00fcr Kaninchen:<br \/>\n<\/strong>Material : Rattan<br \/>\nGr\u00f6\u00dfe: 10 x 3 cm \/ 3,93&#8243; x 1,18&#8243;<br \/>\nInhalt des Pakets: 3 M\u00f6hren aus Rattan<\/p>\n","protected":false},"excerpt":{"rendered":"<ul>\n<li>Kaninchen Kauspielzeug<\/li>\n<li>Zahngesundheit<\/li>\n<\/ul>\n","protected":false},"featured_media":11067,"comment_status":"closed","ping_status":"closed","template":"","meta":{"_seopress_robots_primary_cat":"none","_seopress_titles_title":"","_seopress_titles_desc":"Kaninchen-M\u00f6hrenspielzeug, ein Spielzeug, das M\u00f6hren aus Rattan darstellt, damit Ihr Zwergkaninchen seine Z\u00e4hne machen kann. Es ist ein ungiftiges Kauspielzeug f\u00fcr Kaninchen.","_seopress_robots_index":""},"product_brand":[],"product_cat":[173,169,177,172],"product_tag":[],"class_list":{"0":"post-12340","1":"product","2":"type-product","3":"status-publish","4":"has-post-thumbnail","6":"product_cat-angebote","7":"product_cat-hasenladen","8":"product_cat-kaninchen-kauspielzeug","9":"product_cat-spielzeug-fur-kaninchen","11":"first","12":"instock","13":"taxable","14":"shipping-taxable","15":"purchasable","16":"product-type-simple"},"_links":{"self":[{"href":"https:\/\/www.bunzyland.com\/de\/wp-json\/wp\/v2\/product\/12340","targetHints":{"allow":["GET"]}}],"collection":[{"href":"https:\/\/www.bunzyland.com\/de\/wp-json\/wp\/v2\/product"}],"about":[{"href":"https:\/\/www.bunzyland.com\/de\/wp-json\/wp\/v2\/types\/product"}],"replies":[{"embeddable":true,"href":"https:\/\/www.bunzyland.com\/de\/wp-json\/wp\/v2\/comments?post=12340"}],"wp:featuredmedia":[{"embeddable":true,"href":"https:\/\/www.bunzyland.com\/de\/wp-json\/wp\/v2\/media\/11067"}],"wp:attachment":[{"href":"https:\/\/www.bunzyland.com\/de\/wp-json\/wp\/v2\/media?parent=12340"}],"wp:term":[{"taxonomy":"product_brand","embeddable":true,"href":"https:\/\/www.bunzyland.com\/de\/wp-json\/wp\/v2\/product_brand?post=12340"},{"taxonomy":"product_cat","embeddable":true,"href":"https:\/\/www.bunzyland.com\/de\/wp-json\/wp\/v2\/product_cat?post=12340"},{"taxonomy":"product_tag","embeddable":true,"href":"https:\/\/www.bunzyland.com\/de\/wp-json\/wp\/v2\/product_tag?post=12340"}],"curies":[{"name":"wp","href":"https:\/\/api.w.org\/{rel}","templated":true}]}}