{"id":12341,"date":"2024-02-19T15:56:43","date_gmt":"2024-02-19T14:56:43","guid":{"rendered":"https:\/\/bunzyland.com\/product\/kaninchenhalsband\/"},"modified":"2025-12-08T07:08:49","modified_gmt":"2025-12-08T06:08:49","slug":"kaninchenhalsband","status":"publish","type":"product","link":"https:\/\/www.bunzyland.com\/de\/produkt\/kaninchenhalsband\/","title":{"rendered":"Kaninchenhalsband"},"content":{"rendered":"<div class=\"detailmodule_html\" style=\"text-align: left;\">\n<div class=\"detail-desc-decorate-richtext\">\n<div class=\"detailmodule_html\">\n<div class=\"detail-desc-decorate-richtext\">\n<div class=\"detailmodule_html\">\n<div class=\"detail-desc-decorate-richtext\">\n<div style=\"text-align: left;\">\n<h2 style=\"margin: 0px;\">Kaninchenhalsband: ein Accessoire nach der Operation<\/h2>\n<p>Sie kommen gerade vom Tierarzt und Ihr Kaninchen kratzt sich dort, wo es nicht sollte? Dieses <strong>Kaninchenhalsband<\/strong> verf\u00fcgt \u00fcber ein Anti-Kratz-System und verhindert, dass sich Ihr Kaninchen kratzt. Sein Fleece-Futter schont sein Sichtfeld im Vergleich zu einem herk\u00f6mmlichen spitz zulaufenden Kunststoffkragen. Es ist ein gro\u00dfartiges<strong> Kaninchen-Accessoire<\/strong> und ein Ersatzteil, wenn Ihr Kaninchen aus einer Operation wie einer Kastration kommt.<\/p>\n<h2>Ein Accessoire, das leicht anzulegen ist<\/h2>\n<p>Legen Sie einfach den Kopf Ihres Kaninchens in die Mitte des Halsbandes, ziehen Sie die Kordel leicht an und schon ist es fertig! Das <strong>Kaninchenhalsband<\/strong> hat die richtige Gr\u00f6\u00dfe f\u00fcr den Hals eines Schopfhundes und ben\u00f6tigt keine weiteren Verschl\u00fcsse, die Ihr Haustier verletzen k\u00f6nnten. Dieses strapazierf\u00e4hige Baumwollhalsband ist in verschiedenen Ausf\u00fchrungen und Farben erh\u00e4ltlich. Sie m\u00fcssen sich nur f\u00fcr das Modell entscheiden, das am besten zu Ihrem kleinen, flauschigen H\u00e4schen passt. Die am besten geeignete Gr\u00f6\u00dfe f\u00fcr ein Kaninchen ist ein Halsband mit einem Halsumfang von 19 cm \/ 7,48&#8243;.<\/p>\n<p><img fetchpriority=\"high\" decoding=\"async\" class=\"alignnone wp-image-12069\" src=\"https:\/\/mon-lapinnain.com\/wp-content\/uploads\/2021\/07\/collerette-lapin.jpg\" alt=\"Collerette Lapin\" width=\"600\" height=\"600\" \/><\/p>\n<p><strong>Mehr Details:<\/strong><\/p>\n<ul>\n<li>Verstellbare Gr\u00f6\u00dfe: bis zu 19 cm (Gr\u00f6\u00dfe des Halsumfangs des Kaninchens)<\/li>\n<li>Farbe: Zitronenmuster<\/li>\n<li>Geeignet f\u00fcr Zwergkaninchen, Zwergwidder und Kaninchen mit einem Halsumfang von bis zu 19 cm&#8220;<\/li>\n<\/ul>\n<p>Um das Wohlbefinden und den Komfort Ihres Kaninchens zu gew\u00e4hrleisten, entdecken Sie unser umfangreiches Angebot an <a href=\"https:\/\/www.bunzyland.com\/de\/kaninchen-zubehoer\/\">Kaninchenzubeh\u00f6r<\/a>, das auf alle seine Bed\u00fcrfnisse abgestimmt ist.<\/p>\n<\/div>\n<\/div>\n<\/div>\n<\/div>\n<\/div>\n<\/div>\n<\/div>\n","protected":false},"excerpt":{"rendered":"<ul>\n<li>Anti-Kratzmittel<\/li>\n<li>Besser als der Kegelkragen<\/li>\n<\/ul>\n","protected":false},"featured_media":10903,"comment_status":"closed","ping_status":"closed","template":"","meta":{"_seopress_robots_primary_cat":"none","_seopress_titles_title":"","_seopress_titles_desc":"Das Kaninchenhalsband ist praktisch w\u00e4hrend einer Operation. Dieses Kaninchenzubeh\u00f6r verhindert, dass Ihr Kaninchen an den Dr\u00e4hten kratzt oder bei\u00dft.","_seopress_robots_index":""},"product_brand":[],"product_cat":[169,189],"product_tag":[],"class_list":{"0":"post-12341","1":"product","2":"type-product","3":"status-publish","4":"has-post-thumbnail","6":"product_cat-hasenladen","7":"product_cat-kaninchen-zubehoer","9":"first","10":"outofstock","11":"taxable","12":"shipping-taxable","13":"purchasable","14":"product-type-simple"},"_links":{"self":[{"href":"https:\/\/www.bunzyland.com\/de\/wp-json\/wp\/v2\/product\/12341","targetHints":{"allow":["GET"]}}],"collection":[{"href":"https:\/\/www.bunzyland.com\/de\/wp-json\/wp\/v2\/product"}],"about":[{"href":"https:\/\/www.bunzyland.com\/de\/wp-json\/wp\/v2\/types\/product"}],"replies":[{"embeddable":true,"href":"https:\/\/www.bunzyland.com\/de\/wp-json\/wp\/v2\/comments?post=12341"}],"wp:featuredmedia":[{"embeddable":true,"href":"https:\/\/www.bunzyland.com\/de\/wp-json\/wp\/v2\/media\/10903"}],"wp:attachment":[{"href":"https:\/\/www.bunzyland.com\/de\/wp-json\/wp\/v2\/media?parent=12341"}],"wp:term":[{"taxonomy":"product_brand","embeddable":true,"href":"https:\/\/www.bunzyland.com\/de\/wp-json\/wp\/v2\/product_brand?post=12341"},{"taxonomy":"product_cat","embeddable":true,"href":"https:\/\/www.bunzyland.com\/de\/wp-json\/wp\/v2\/product_cat?post=12341"},{"taxonomy":"product_tag","embeddable":true,"href":"https:\/\/www.bunzyland.com\/de\/wp-json\/wp\/v2\/product_tag?post=12341"}],"curies":[{"name":"wp","href":"https:\/\/api.w.org\/{rel}","templated":true}]}}