{"id":12355,"date":"2024-02-19T15:56:45","date_gmt":"2024-02-19T14:56:45","guid":{"rendered":"https:\/\/bunzyland.com\/product\/kaninchenklo-cleanbunny\/"},"modified":"2025-09-12T16:28:51","modified_gmt":"2025-09-12T14:28:51","slug":"kaninchenklo-cleanbunny","status":"publish","type":"product","link":"https:\/\/www.bunzyland.com\/de\/produkt\/kaninchenklo-cleanbunny\/","title":{"rendered":"Kaninchenklo | CleanBunny"},"content":{"rendered":"<h2>Die 100% saubere Katzentoilette<\/h2>\n<p>Entdecken Sie das <strong>Kaninchenklo | CleanBunny<\/strong>, die perfekte L\u00f6sung f\u00fcr eine gesunde, saubere Umgebung f\u00fcr Ihr Kaninchen. Diese hygienische Katzentoilette sorgt daf\u00fcr, dass die Pfoten Ihres Kaninchens sauber bleiben. Manche Kaninchen neigen dazu, sich in ihre <strong>Katzentoilette<\/strong> zu legen oder dort viel Zeit zu verbringen, was nicht sehr hygienisch ist. Diese<strong> Kaninchentoilette<\/strong> ist die perfekte L\u00f6sung.<\/p>\n<p><img fetchpriority=\"high\" decoding=\"async\" class=\"alignnone wp-image-16510\" src=\"https:\/\/mon-lapinnain.com\/wp-content\/uploads\/2021\/07\/litiere-pour-lapin-bleu.png\" alt=\"Kaninchen Katzentoilette\" width=\"600\" height=\"600\"><\/p>\n<p>Dieses <strong>Kaninchenzubeh\u00f6r<\/strong> verf\u00fcgt \u00fcber ein Trenngitter, das einen Abstand zwischen Ihrem Kaninchen und seinem Kot h\u00e4lt. Diese Trennung ist der Schl\u00fcssel dazu, dass Ihr Kaninchen sein weiches, seidiges Fell nicht verschmutzt. Durch die gro\u00dfen L\u00f6cher im Gitter kann sein Kot leicht in den darunter liegenden Tank fallen.<\/p>\n<h2>Ein pflegeleichtes Pflanzgef\u00e4\u00df<\/h2>\n<p><img decoding=\"async\" class=\"alignnone\" src=\"https:\/\/cdn.shopify.com\/s\/files\/1\/0450\/8303\/3765\/files\/litiere-pour-lapin-belier-nain_mon_lapin_nain_600x600.gif?v=1609085289\" alt=\"Kaninchen Katzentoilette\" width=\"400\" height=\"400\"><\/p>\n<p>Die Pflege des <strong>Kaninchenkastens | CleanBunny<\/strong> ist ein Kinderspiel. Die herausnehmbare Tropfschale l\u00e4sst sich mit einem Handgriff entfernen, so dass die Reinigung schnell und m\u00fchelos vonstatten geht. F\u00fcr einen zus\u00e4tzlichen Hauch von Frische k\u00f6nnen Sie Hanfsp\u00e4ne in die Tropfschale geben: Sie absorbieren Ger\u00fcche und sorgen f\u00fcr ein gesundes, angenehmes Zuhause f\u00fcr Ihr Kaninchen.<\/p>\n<p><img decoding=\"async\" class=\"alignnone wp-image-16509\" src=\"https:\/\/mon-lapinnain.com\/wp-content\/uploads\/2021\/07\/litiere-pour-lapin.png\" alt=\"Kaninchen Katzentoilette\" width=\"600\" height=\"600\"><\/p>\n<p>Stellen Sie diese <strong>Katzentoilette mit Gitter<\/strong> in das Gehege oder Zimmer Ihres Kaninchens. Sie k\u00f6nnen auch sein Heu darauf legen, um es f\u00fcr ihn angenehmer zu machen. Und ja, Kaninchen lieben es, sich zu erleichtern, w\u00e4hrend sie ihr Heu fressen \ud83d\ude09 Dies ist ein praktischer Tipp, den Sie beim T\u00f6pfchentraining Ihres Kaninchens ausprobieren k\u00f6nnen.<\/p>\n<p><img loading=\"lazy\" decoding=\"async\" class=\"alignnone wp-image-16519\" src=\"https:\/\/mon-lapinnain.com\/wp-content\/uploads\/2021\/07\/cleanbunny.png\" alt=\"Kaninchenklo | CleanBunny\" width=\"600\" height=\"427\"><\/p>\n<p><strong>Merkmale:<\/strong><\/p>\n<p>Materialien: Kunststoff<br \/>\nGr\u00f6\u00dfe: B 41cm x L 30cm x H 16cm<br \/>\nFarben: Rosa oder Blau<\/p>\n","protected":false},"excerpt":{"rendered":"<p>Die 100% saubere Katzentoilette Entdecken Sie das Kaninchenklo | CleanBunny, die perfekte L\u00f6sung f\u00fcr eine gesunde, saubere Umgebung f\u00fcr Ihr Kaninchen. Diese hygienische Katzentoilette sorgt daf\u00fcr, dass die Pfoten Ihres Kaninchens sauber bleiben. Manche Kaninchen neigen dazu, sich in ihre Katzentoilette zu legen oder dort viel Zeit zu verbringen, was nicht sehr hygienisch ist. Diese [&hellip;]<\/p>\n","protected":false},"featured_media":10843,"comment_status":"closed","ping_status":"closed","template":"","meta":{"_seopress_robots_primary_cat":"none","_seopress_titles_title":"","_seopress_titles_desc":"","_seopress_robots_index":""},"product_brand":[],"product_cat":[169,192,189],"product_tag":[],"class_list":{"0":"post-12355","1":"product","2":"type-product","3":"status-publish","4":"has-post-thumbnail","6":"product_cat-hasenladen","7":"product_cat-kaninchen-toilette","8":"product_cat-kaninchen-zubehoer","10":"first","11":"outofstock","12":"taxable","13":"shipping-taxable","14":"purchasable","15":"product-type-variable","16":"has-default-attributes"},"_links":{"self":[{"href":"https:\/\/www.bunzyland.com\/de\/wp-json\/wp\/v2\/product\/12355","targetHints":{"allow":["GET"]}}],"collection":[{"href":"https:\/\/www.bunzyland.com\/de\/wp-json\/wp\/v2\/product"}],"about":[{"href":"https:\/\/www.bunzyland.com\/de\/wp-json\/wp\/v2\/types\/product"}],"replies":[{"embeddable":true,"href":"https:\/\/www.bunzyland.com\/de\/wp-json\/wp\/v2\/comments?post=12355"}],"wp:featuredmedia":[{"embeddable":true,"href":"https:\/\/www.bunzyland.com\/de\/wp-json\/wp\/v2\/media\/10843"}],"wp:attachment":[{"href":"https:\/\/www.bunzyland.com\/de\/wp-json\/wp\/v2\/media?parent=12355"}],"wp:term":[{"taxonomy":"product_brand","embeddable":true,"href":"https:\/\/www.bunzyland.com\/de\/wp-json\/wp\/v2\/product_brand?post=12355"},{"taxonomy":"product_cat","embeddable":true,"href":"https:\/\/www.bunzyland.com\/de\/wp-json\/wp\/v2\/product_cat?post=12355"},{"taxonomy":"product_tag","embeddable":true,"href":"https:\/\/www.bunzyland.com\/de\/wp-json\/wp\/v2\/product_tag?post=12355"}],"curies":[{"name":"wp","href":"https:\/\/api.w.org\/{rel}","templated":true}]}}