{"id":12357,"date":"2024-02-19T15:56:39","date_gmt":"2024-02-19T14:56:39","guid":{"rendered":"https:\/\/bunzyland.com\/product\/spielzeug-fuer-kaninchen-aus-holz\/"},"modified":"2025-09-12T13:51:14","modified_gmt":"2025-09-12T11:51:14","slug":"spielzeug-fuer-kaninchen-aus-holz","status":"publish","type":"product","link":"https:\/\/www.bunzyland.com\/de\/produkt\/spielzeug-fuer-kaninchen-aus-holz\/","title":{"rendered":"Spielzeug f\u00fcr Kaninchen aus Holz"},"content":{"rendered":"<div class=\"detailmodule_html\">\n<h2 class=\"detail-desc-decorate-richtext\">Spielzeug f\u00fcr Kaninchen in Holz: das Unvermeidliche<\/h2>\n<p>Mit diesem <strong>Spielzeug f\u00fcr Kaninchen aus Holz<\/strong> kann Ihr kleines Haustier spielen und Spa\u00df haben, w\u00e4hrend Sie weg sind. Ihr Kaninchen kann sich in Ihrer Abwesenheit sehr einsam f\u00fchlen, wenn es nichts gibt, womit es sich besch\u00e4ftigen und Ihre Abwesenheit vergessen kann. Dieses <strong>Kauspielzeug f\u00fcr Kaninchen<\/strong> ist eine tolle Erg\u00e4nzung f\u00fcr die Umgebung Ihres Kaninchens, um es zu unterhalten.<\/p>\n<p>Dieses <strong>h\u00f6lzerne Kaninchenspielzeug<\/strong> ist perfekt f\u00fcr Ihr Haustier, um damit zu spielen, wenn Sie nicht zu Hause sind. Betrachten Sie es als eine Investition, um Ihrem kleinen Freund etwas zu bieten, mit dem er sich besch\u00e4ftigen kann, w\u00e4hrend Sie bei der Arbeit sind oder andere Dinge am Tag erledigen.<\/p>\n<p><img fetchpriority=\"high\" decoding=\"async\" class=\"alignnone\" src=\"https:\/\/monlapinnain.hellodr.tech\/wp-content\/uploads\/sites\/532\/2021\/02\/Jouet-en-bois-pour-lapin_600x600.jpg?v=1608396584\" alt=\"Spielzeug f\u00fcr Kaninchen aus Holz\" width=\"600\" height=\"600\"><\/p>\n<p>Ihr Haustier wird es lieben, dieses wunderbare <strong>Kaninchenspielzeug<\/strong> zu sch\u00fctteln, denn die Gl\u00f6ckchen im Inneren wecken seine Neugierde. Ihr Haustier wird auch gerne auf diesem kleinen Spielzeug herumkauen, um seine Z\u00e4hne abzunutzen. Es ist wichtig, dass Ihr Kaninchen seine Z\u00e4hne t\u00e4glich pflegt, indem es Heu frisst und an verschiedenen Gegenst\u00e4nden knabbert. Dieses <strong>h\u00f6lzerne Kauspielzeug f\u00fcr Kaninchen<\/strong> ist perfekt geeignet, um das Kauverlangen Ihres Kaninchens zu befriedigen. Ihre St\u00fchle und T\u00fcren werden mit diesem Kauspielzeug sicher sein.<\/p>\n<p><strong>Mehr Details zu diesem Spielzeug:<\/strong><\/p>\n<p>Material: Holz, Metall<br \/>\nGr\u00f6\u00dfe: 7 x 5 cm \/ 2,75&#8243; x 1,96&#8243;<\/p>\n<\/div>\n","protected":false},"excerpt":{"rendered":"<ul>\n<li>Spielzeug f\u00fcr Kaninchen<\/li>\n<li>Gegen Langeweile<\/li>\n<\/ul>\n","protected":false},"featured_media":11075,"comment_status":"closed","ping_status":"closed","template":"","meta":{"_seopress_robots_primary_cat":"none","_seopress_titles_title":"","_seopress_titles_desc":"Spielzeug f\u00fcr Kaninchen aus Holz, ein nat\u00fcrliches Spielzeug f\u00fcr Ihr Haustier zum Spielen. Ein Produkt aus Holz, an dem Ihr Kaninchen kauen kann! Bestes Kaninchenspielzeug","_seopress_robots_index":""},"product_brand":[],"product_cat":[173,169,177,172],"product_tag":[],"class_list":{"0":"post-12357","1":"product","2":"type-product","3":"status-publish","4":"has-post-thumbnail","6":"product_cat-angebote","7":"product_cat-hasenladen","8":"product_cat-kaninchen-kauspielzeug","9":"product_cat-spielzeug-fur-kaninchen","11":"first","12":"instock","13":"taxable","14":"shipping-taxable","15":"purchasable","16":"product-type-simple"},"_links":{"self":[{"href":"https:\/\/www.bunzyland.com\/de\/wp-json\/wp\/v2\/product\/12357","targetHints":{"allow":["GET"]}}],"collection":[{"href":"https:\/\/www.bunzyland.com\/de\/wp-json\/wp\/v2\/product"}],"about":[{"href":"https:\/\/www.bunzyland.com\/de\/wp-json\/wp\/v2\/types\/product"}],"replies":[{"embeddable":true,"href":"https:\/\/www.bunzyland.com\/de\/wp-json\/wp\/v2\/comments?post=12357"}],"wp:featuredmedia":[{"embeddable":true,"href":"https:\/\/www.bunzyland.com\/de\/wp-json\/wp\/v2\/media\/11075"}],"wp:attachment":[{"href":"https:\/\/www.bunzyland.com\/de\/wp-json\/wp\/v2\/media?parent=12357"}],"wp:term":[{"taxonomy":"product_brand","embeddable":true,"href":"https:\/\/www.bunzyland.com\/de\/wp-json\/wp\/v2\/product_brand?post=12357"},{"taxonomy":"product_cat","embeddable":true,"href":"https:\/\/www.bunzyland.com\/de\/wp-json\/wp\/v2\/product_cat?post=12357"},{"taxonomy":"product_tag","embeddable":true,"href":"https:\/\/www.bunzyland.com\/de\/wp-json\/wp\/v2\/product_tag?post=12357"}],"curies":[{"name":"wp","href":"https:\/\/api.w.org\/{rel}","templated":true}]}}