{"id":12363,"date":"2024-02-19T15:56:42","date_gmt":"2024-02-19T14:56:42","guid":{"rendered":"https:\/\/bunzyland.com\/product\/hasen-kissen-hasen-bett\/"},"modified":"2025-11-07T14:21:23","modified_gmt":"2025-11-07T13:21:23","slug":"hasen-kissen-hasen-bett","status":"publish","type":"product","link":"https:\/\/www.bunzyland.com\/de\/produkt\/hasen-kissen-hasen-bett\/","title":{"rendered":"Hasen-Kissen | Hasen-Bett"},"content":{"rendered":"<h2>Das weiche Bunny Bed Kissen \ud83d\ude0b.<\/h2>\n<p>Ihr Kaninchen wird es lieben, sich in unser weiches, ultrabequemes <strong>Bunny Bed Kaninchenkissen<\/strong> in pilou pilou einzukuscheln. Der erh\u00f6hte Rand sorgt daf\u00fcr, dass sich Ihr Kaninchen sicher und gesch\u00fctzt f\u00fchlt. Ein richtig gem\u00fctliches Nest f\u00fcr Ihren Fellball. Dank seiner Polsterung ist dieses <strong>Kaninchenbett<\/strong> 5-mal bequemer als ein herk\u00f6mmliches Kissen.<\/p>\n<h2><img fetchpriority=\"high\" decoding=\"async\" class=\"alignnone wp-image-16562\" src=\"https:\/\/mon-lapinnain.com\/wp-content\/uploads\/2021\/07\/lit-pour-lapin-doux.png\" alt=\"Kaninchenbett\" width=\"600\" height=\"600\"><\/h2>\n<p>Das<strong> Bett f\u00fcr Kaninchen<\/strong> ist ultra-bequem, sein weiches Pilou-Pilou-Material bietet unvergleichlichen Komfort. Geben Sie es zu, Sie w\u00fcrden sogar gerne darin schlafen, oder?<br \/>\nEs ist das ideale Kissen f\u00fcr jedes Kaninchen, das sich entspannen und erholen m\u00f6chte.<\/p>\n<p><img decoding=\"async\" class=\"alignnone wp-image-16559\" src=\"https:\/\/mon-lapinnain.com\/wp-content\/uploads\/2021\/07\/lit-pour-lapin-gris.png\" alt=\"Kaninchenbett grau\" width=\"600\" height=\"600\"><\/p>\n<h2>Ein Bett f\u00fcr Zwergkaninchen, ideal zum Ausruhen<\/h2>\n<p>Das <strong>Bunny Bed Kaninchenkissen<\/strong> kann im Zimmer Ihres Kaninchens, in seinem Gehege oder sogar in Ihrem Wohnzimmer platziert werden. Ihr Kaninchen wird sein eigenes kleines Pl\u00e4tzchen im Wohnzimmer sicher lieben. Das <strong>Bunny Bed<\/strong> ist der perfekte Ort f\u00fcr eine s\u00fc\u00dfe Pause.<\/p>\n<p><img decoding=\"async\" class=\"alignnone wp-image-16560\" src=\"https:\/\/mon-lapinnain.com\/wp-content\/uploads\/2021\/07\/bunny-bed-lit-lapin.png\" alt=\"Bett f\u00fcr Kaninchen\" width=\"600\" height=\"600\"><\/p>\n<p>Dieses Kaninchenbett ist leicht zu reinigen, da es bei niedriger Temperatur in der Maschine gewaschen werden kann. Keine Angst vor Unf\u00e4llen! Das Bett hat au\u00dferdem eine rutschfeste Unterseite.<\/p>\n<p>Das in zwei Farben, grau oder taupe, erh\u00e4ltliche <strong>Kissen f\u00fcr Kaninchen<\/strong> passt zu jeder Einrichtung und verleiht dem Raum Ihres Kaninchens einen Hauch von Klasse und Gem\u00fctlichkeit.<\/p>\n<p><strong><br \/>\nMerkmale:<br \/>\n<\/strong><\/p>\n<p><strong>Gr\u00f6\u00dfen:<\/strong> 40cm<br \/>\n<strong>Farben:<\/strong> 2 Farben zur Auswahl<br \/>\n<strong>Materialien:<\/strong> Au\u00dfen Kunstpelz, innen Baumwolle<\/p>\n","protected":false},"excerpt":{"rendered":"<ul>\n<li>Sehr weiches Bett<\/li>\n<li>Ein kuscheliger Kokon<\/li>\n<\/ul>\n","protected":false},"featured_media":10919,"comment_status":"closed","ping_status":"closed","template":"","meta":{"_seopress_robots_primary_cat":"none","_seopress_titles_title":"","_seopress_titles_desc":"","_seopress_robots_index":""},"product_brand":[],"product_cat":[169,193],"product_tag":[],"class_list":{"0":"post-12363","1":"product","2":"type-product","3":"status-publish","4":"has-post-thumbnail","6":"product_cat-hasenladen","7":"product_cat-kaninchenbett","9":"first","10":"instock","11":"taxable","12":"shipping-taxable","13":"purchasable","14":"product-type-variable","15":"has-default-attributes"},"_links":{"self":[{"href":"https:\/\/www.bunzyland.com\/de\/wp-json\/wp\/v2\/product\/12363","targetHints":{"allow":["GET"]}}],"collection":[{"href":"https:\/\/www.bunzyland.com\/de\/wp-json\/wp\/v2\/product"}],"about":[{"href":"https:\/\/www.bunzyland.com\/de\/wp-json\/wp\/v2\/types\/product"}],"replies":[{"embeddable":true,"href":"https:\/\/www.bunzyland.com\/de\/wp-json\/wp\/v2\/comments?post=12363"}],"wp:featuredmedia":[{"embeddable":true,"href":"https:\/\/www.bunzyland.com\/de\/wp-json\/wp\/v2\/media\/10919"}],"wp:attachment":[{"href":"https:\/\/www.bunzyland.com\/de\/wp-json\/wp\/v2\/media?parent=12363"}],"wp:term":[{"taxonomy":"product_brand","embeddable":true,"href":"https:\/\/www.bunzyland.com\/de\/wp-json\/wp\/v2\/product_brand?post=12363"},{"taxonomy":"product_cat","embeddable":true,"href":"https:\/\/www.bunzyland.com\/de\/wp-json\/wp\/v2\/product_cat?post=12363"},{"taxonomy":"product_tag","embeddable":true,"href":"https:\/\/www.bunzyland.com\/de\/wp-json\/wp\/v2\/product_tag?post=12363"}],"curies":[{"name":"wp","href":"https:\/\/api.w.org\/{rel}","templated":true}]}}