{"id":12366,"date":"2024-02-19T15:56:37","date_gmt":"2024-02-19T14:56:37","guid":{"rendered":"https:\/\/bunzyland.com\/product\/kaninchenheufutterautomat-aus-holz\/"},"modified":"2025-09-12T13:50:43","modified_gmt":"2025-09-12T11:50:43","slug":"kaninchenheufutterautomat-aus-holz","status":"publish","type":"product","link":"https:\/\/www.bunzyland.com\/de\/produkt\/kaninchenheufutterautomat-aus-holz\/","title":{"rendered":"Kaninchenheufutterautomat aus Holz"},"content":{"rendered":"<h2>Ein Kaninchenheufutterautomat aus Holz sehr praktisch<\/h2>\n<p>Kaninchen m\u00fcssen jeden Tag viel Heu fressen, um gesund zu bleiben. Der <strong>Kaninchen Heufutterautomat aus Holz<\/strong> ist aus unbehandeltem Naturholz gefertigt. Befestigen Sie die <strong>Kaninchenheuraufe<\/strong> am K\u00e4fig Ihres Kaninchens, damit es den ganzen Tag \u00fcber sauber und leicht zug\u00e4nglich ist.<\/p>\n<h3>Vorteile dieses Kaninchenzubeh\u00f6rs<\/h3>\n<p>Mit der <strong>Kaninchentr\u00e4nke<\/strong> bleibt das Heu Ihres Kaninchens sauber und ordentlich. Wenn Sie das Heu einfach auf den Boden legen, kann es mit dem Urin oder Kot Ihres Zwergkaninchens verschmutzt werden, was nicht sehr hygienisch ist. Es ist einfach zu installieren und zu reinigen, wischen Sie es einfach mit einem Tuch ab.<\/p>\n<p>Mehr Details:<\/p>\n<p><strong>Material: <\/strong>Naturholz<\/p>\n<p><strong>Gr\u00f6\u00dfe:<\/strong> 24cm x 15cm \/ 9,44&#8243; x 5,90&#8243;<\/p>\n<p>Um das Wohlbefinden und den Komfort Ihres Kaninchens zu gew\u00e4hrleisten, entdecken Sie unser umfangreiches Angebot an <a href=\"https:\/\/www.bunzyland.com\/de\/kaninchen-zubehoer\/\">Kaninchenzubeh\u00f6r<\/a>, das auf alle seine Bed\u00fcrfnisse abgestimmt ist.<\/p>\n","protected":false},"excerpt":{"rendered":"<p>Ein Kaninchenheufutterautomat aus Holz sehr praktisch Kaninchen m\u00fcssen jeden Tag viel Heu fressen, um gesund zu bleiben. Der Kaninchen Heufutterautomat aus Holz ist aus unbehandeltem Naturholz gefertigt. Befestigen Sie die Kaninchenheuraufe am K\u00e4fig Ihres Kaninchens, damit es den ganzen Tag \u00fcber sauber und leicht zug\u00e4nglich ist. Vorteile dieses Kaninchenzubeh\u00f6rs Mit der Kaninchentr\u00e4nke bleibt das Heu [&hellip;]<\/p>\n","protected":false},"featured_media":11119,"comment_status":"closed","ping_status":"closed","template":"","meta":{"_seopress_robots_primary_cat":"none","_seopress_titles_title":"","_seopress_titles_desc":"Kaninchenheufutterautomat aus Holz, das Kaninchenzubeh\u00f6r, um Ihrem Haustier die t\u00e4gliche Dosis Heu zu geben, die es braucht. Das ist das beste Kaninchenfutter!","_seopress_robots_index":""},"product_brand":[],"product_cat":[169,199,189],"product_tag":[],"class_list":{"0":"post-12366","1":"product","2":"type-product","3":"status-publish","4":"has-post-thumbnail","6":"product_cat-hasenladen","7":"product_cat-heuspender-kaninchen","8":"product_cat-kaninchen-zubehoer","10":"first","11":"outofstock","12":"taxable","13":"shipping-taxable","14":"purchasable","15":"product-type-simple"},"_links":{"self":[{"href":"https:\/\/www.bunzyland.com\/de\/wp-json\/wp\/v2\/product\/12366","targetHints":{"allow":["GET"]}}],"collection":[{"href":"https:\/\/www.bunzyland.com\/de\/wp-json\/wp\/v2\/product"}],"about":[{"href":"https:\/\/www.bunzyland.com\/de\/wp-json\/wp\/v2\/types\/product"}],"replies":[{"embeddable":true,"href":"https:\/\/www.bunzyland.com\/de\/wp-json\/wp\/v2\/comments?post=12366"}],"wp:featuredmedia":[{"embeddable":true,"href":"https:\/\/www.bunzyland.com\/de\/wp-json\/wp\/v2\/media\/11119"}],"wp:attachment":[{"href":"https:\/\/www.bunzyland.com\/de\/wp-json\/wp\/v2\/media?parent=12366"}],"wp:term":[{"taxonomy":"product_brand","embeddable":true,"href":"https:\/\/www.bunzyland.com\/de\/wp-json\/wp\/v2\/product_brand?post=12366"},{"taxonomy":"product_cat","embeddable":true,"href":"https:\/\/www.bunzyland.com\/de\/wp-json\/wp\/v2\/product_cat?post=12366"},{"taxonomy":"product_tag","embeddable":true,"href":"https:\/\/www.bunzyland.com\/de\/wp-json\/wp\/v2\/product_tag?post=12366"}],"curies":[{"name":"wp","href":"https:\/\/api.w.org\/{rel}","templated":true}]}}