{"id":12369,"date":"2024-02-19T15:56:34","date_gmt":"2024-02-19T14:56:34","guid":{"rendered":"https:\/\/bunzyland.com\/product\/kaninchentunnel-grau\/"},"modified":"2025-10-02T17:25:16","modified_gmt":"2025-10-02T15:25:16","slug":"kaninchentunnel-grau","status":"publish","type":"product","link":"https:\/\/www.bunzyland.com\/de\/produkt\/kaninchentunnel-grau\/","title":{"rendered":"Kaninchentunnel grau"},"content":{"rendered":"<div class=\"detail-desc-decorate-richtext\" style=\"text-align: start;\">\n<h2>Der graue Tunnel f\u00fcr Ihr Kaninchen !<\/h2>\n<p>Der BunZyland Grey Rabbit Tunnel ist das perfekte Kaninchenspielzeug f\u00fcr Ihren pelzigen Freund. Versteckt sich Ihr Kaninchen gerne an ungew\u00f6hnlichen Orten? Das ist ganz nat\u00fcrlich! Kaninchen f\u00fchlen sich gerne so sicher wie in einem Bau.<\/p>\n<p><img fetchpriority=\"high\" decoding=\"async\" class=\"alignnone wp-image-6658\" src=\"https:\/\/mon-lapinnain.com\/wp-content\/uploads\/2021\/07\/tunnel-gris-pour-lapin-jeu-mon-lapin-nain.jpg\" alt=\"Tunnel f\u00fcr Kaninchen\" width=\"600\" height=\"600\"><\/p>\n<p>Dieser Kaninchentunnel gibt Ihrem Kaninchen ein Gef\u00fchl von Sicherheit und Wohlbefinden. Die verschiedenen Eing\u00e4nge und Ausg\u00e4nge dieses Tunnels sind ein echter Spielplatz f\u00fcr Ihre Br\u00f6tchen. Es ist das A und O f\u00fcr ein gl\u00fcckliches und erf\u00fclltes Kaninchen.<\/p>\n<p><img decoding=\"async\" class=\"alignnone wp-image-16547\" src=\"https:\/\/mon-lapinnain.com\/wp-content\/uploads\/2021\/07\/tunnel-gris-pour-lapin.png\" alt=\"Grauer Kaninchentunnel\" width=\"600\" height=\"600\"><\/p>\n<p>Dieser <strong>Tunnel<\/strong> ist das perfekte <strong>Spielzeug<\/strong> f\u00fcr Ihr kleines Haustier. Ihr Kaninchen wird es lieben, einen neuen Platz zum Spielen zu haben, w\u00e4hrend es sich versteckt. Er kann auch als Schlafplatz verwendet werden, so dass er einen bequemen Platz zum Ausruhen hat, w\u00e4hrend er Spa\u00df hat.<\/p>\n<h3>Ein unentbehrliches Kaninchenspielzeug<\/h3>\n<p><img decoding=\"async\" class=\"alignnone wp-image-16548\" src=\"https:\/\/mon-lapinnain.com\/wp-content\/uploads\/2021\/07\/tunnel-pour-lapin-long.png\" alt=\"langer Kaninchentunnel\" width=\"600\" height=\"600\"><\/p>\n<p>Dieses <strong>Kaninchentunnelsystem<\/strong> gibt es in zwei verschiedenen Gr\u00f6\u00dfen: der kleinere ist 67cm \/ 26,3&#8243; lang und der gr\u00f6\u00dfere ist 1,30m \/ 51,1&#8243; lang. Er ist aus langlebigen, hochwertigen Materialien gefertigt und leicht zu pflegen. Ihr Hase wird es lieben, seinen kleinen Kopf durch die verschiedenen L\u00f6cher im <strong>Hasentunnel<\/strong> zu stecken. Die Versteckspiele sind endlos!<\/p>\n<p><img loading=\"lazy\" decoding=\"async\" class=\"alignnone wp-image-16545\" src=\"https:\/\/mon-lapinnain.com\/wp-content\/uploads\/2021\/07\/tunnel-pour-lapin-pratique.png\" alt=\"Praktischer Kaninchentunnel\" width=\"600\" height=\"600\"><\/p>\n<div class=\"detail-desc-decorate-richtext\" style=\"text-align: start;\">\n<p><strong>Mehr Details:<\/strong><\/p>\n<\/div>\n<div class=\"detail-desc-decorate-richtext\"><strong>Gr\u00f6\u00dfen :  <\/strong><\/div>\n<div class=\"detail-desc-decorate-richtext\">67 x 30 cm \/ 26,3&#8243; x 11,8&#8243;<br \/>\n<span style=\"font-size: revert; color: initial; font-family: var(--wp--preset--font-family--primary);\">oder<br \/>\n130 x 30 cm \/ 51,1&#8243; x 11,8&#8243;<\/span><\/div>\n<div class=\"detail-desc-decorate-richtext\">\n<p><strong>Materialien:<\/strong> Coton-Gewebe<\/p>\n<p><strong>Farben:<\/strong> grau<\/p>\n<\/div>\n<\/div>\n","protected":false},"excerpt":{"rendered":"<p>Der graue Tunnel f\u00fcr Ihr Kaninchen ! Der BunZyland Grey Rabbit Tunnel ist das perfekte Kaninchenspielzeug f\u00fcr Ihren pelzigen Freund. Versteckt sich Ihr Kaninchen gerne an ungew\u00f6hnlichen Orten? Das ist ganz nat\u00fcrlich! Kaninchen f\u00fchlen sich gerne so sicher wie in einem Bau. Dieser Kaninchentunnel gibt Ihrem Kaninchen ein Gef\u00fchl von Sicherheit und Wohlbefinden. Die verschiedenen [&hellip;]<\/p>\n","protected":false},"featured_media":11161,"comment_status":"closed","ping_status":"closed","template":"","meta":{"_seopress_robots_primary_cat":"none","_seopress_titles_title":"","_seopress_titles_desc":"Kaninchentunnel grau, dieses Accessoire ist ein perfektes Spielzeug f\u00fcr Kaninchen. Sein Untergrund nur f\u00fcr ihn, ein Spielzeug, das er lieben wird! Das beste Kaninchenspielzeug!","_seopress_robots_index":""},"product_brand":[],"product_cat":[169,183,172],"product_tag":[],"class_list":{"0":"post-12369","1":"product","2":"type-product","3":"status-publish","4":"has-post-thumbnail","6":"product_cat-hasenladen","7":"product_cat-kaninchentunnel","8":"product_cat-spielzeug-fur-kaninchen","10":"first","11":"instock","12":"taxable","13":"shipping-taxable","14":"purchasable","15":"product-type-variable","16":"has-default-attributes"},"_links":{"self":[{"href":"https:\/\/www.bunzyland.com\/de\/wp-json\/wp\/v2\/product\/12369","targetHints":{"allow":["GET"]}}],"collection":[{"href":"https:\/\/www.bunzyland.com\/de\/wp-json\/wp\/v2\/product"}],"about":[{"href":"https:\/\/www.bunzyland.com\/de\/wp-json\/wp\/v2\/types\/product"}],"replies":[{"embeddable":true,"href":"https:\/\/www.bunzyland.com\/de\/wp-json\/wp\/v2\/comments?post=12369"}],"wp:featuredmedia":[{"embeddable":true,"href":"https:\/\/www.bunzyland.com\/de\/wp-json\/wp\/v2\/media\/11161"}],"wp:attachment":[{"href":"https:\/\/www.bunzyland.com\/de\/wp-json\/wp\/v2\/media?parent=12369"}],"wp:term":[{"taxonomy":"product_brand","embeddable":true,"href":"https:\/\/www.bunzyland.com\/de\/wp-json\/wp\/v2\/product_brand?post=12369"},{"taxonomy":"product_cat","embeddable":true,"href":"https:\/\/www.bunzyland.com\/de\/wp-json\/wp\/v2\/product_cat?post=12369"},{"taxonomy":"product_tag","embeddable":true,"href":"https:\/\/www.bunzyland.com\/de\/wp-json\/wp\/v2\/product_tag?post=12369"}],"curies":[{"name":"wp","href":"https:\/\/api.w.org\/{rel}","templated":true}]}}