{"id":12372,"date":"2024-02-19T15:56:27","date_gmt":"2024-02-19T14:56:27","guid":{"rendered":"https:\/\/bunzyland.com\/product\/weihnachtskleidung-fuer-kaninchen\/"},"modified":"2025-09-12T13:28:46","modified_gmt":"2025-09-12T11:28:46","slug":"weihnachtskleidung-fuer-kaninchen","status":"publish","type":"product","link":"https:\/\/www.bunzyland.com\/de\/produkt\/weihnachtskleidung-fuer-kaninchen\/","title":{"rendered":"Weihnachtskleidung f\u00fcr Kaninchen"},"content":{"rendered":"<h2>Kaninchenkleidung: eine niedliche Verkleidung<\/h2>\n<p>Dieses <strong>H\u00e4schen-Outfit<\/strong> ist perfekt f\u00fcr Weihnachten. Sie werden dieses <strong>Kost\u00fcm<\/strong> lieben, das an die kleine Gr\u00f6\u00dfe Ihres H\u00e4schens angepasst ist. Suchen Sie ein <strong>H\u00e4schen-Outfit<\/strong> f\u00fcr die Weihnachtszeit? Dieses <strong>Weihnachtshasenkost\u00fcm<\/strong> ist das perfekte <strong>Accessoire<\/strong>, das niemanden gleichg\u00fcltig l\u00e4sst! Ist er nicht einfach zu niedlich!<\/p>\n<p><img fetchpriority=\"high\" decoding=\"async\" class=\"alignnone wp-image-7984\" src=\"https:\/\/mon-lapinnain.com\/wp-content\/uploads\/2021\/11\/habit-pour-lapin.jpg\" alt=\"Outfit Kaninchen\" width=\"600\" height=\"600\"><\/p>\n<p>Dieses <strong>Weihnachtskost\u00fcm<\/strong> besteht aus einem Weihnachtsmann-Umhang, einer <strong>Hasenm\u00fctze<\/strong> mit Rentiergeweih und einem entz\u00fcckenden wei\u00dfen Bommel. Jeder wird sein eigenes Festtagsoutfit haben, sogar Ihr Hase.<\/p>\n<p><img decoding=\"async\" class=\"alignnone size-full wp-image-7982\" src=\"https:\/\/mon-lapinnain.com\/wp-content\/uploads\/2021\/11\/vetement-pour-lapin-noel_1.gif\" alt=\"Kost\u00fcm de noel pour lapin\" width=\"300\" height=\"300\"><\/p>\n<h3>Das perfekte Kaninchengeschirr f\u00fcr Weihnachten<\/h3>\n<p>Das <strong>Kaninchenkost\u00fcm<\/strong> ist eigentlich ein <strong>Geschirr<\/strong>, das Sie ganz einfach an Ihr <strong>Zwergkaninchen<\/strong> anpassen k\u00f6nnen. Dieses Kaninchenkleidungsst\u00fcck ist in 3 Gr\u00f6\u00dfen erh\u00e4ltlich. Z\u00f6gern Sie also nicht, Ihr kleines Haustier zu messen, um die richtige Gr\u00f6\u00dfe zu w\u00e4hlen. Sie verf\u00fcgt \u00fcber 2 verstellbare Clips am Hals und an der Taille. Wenn Sie sich \u00fcber die Gr\u00f6\u00dfe nicht sicher sind oder wenn Ihr Kaninchen zwischen 2 Gr\u00f6\u00dfen liegt, nehmen Sie die n\u00e4chsth\u00f6here Gr\u00f6\u00dfe. Dieses Noel <strong>Kaninchenkleidungsst\u00fcck<\/strong> wird auch mit einer Leine geliefert.<\/p>\n<p><img decoding=\"async\" class=\"alignnone wp-image-7986\" src=\"https:\/\/mon-lapinnain.com\/wp-content\/uploads\/2021\/11\/harnais-lapin-vetement.jpg\" alt=\"Weihnachtsoutfit f\u00fcr Kaninchen\" width=\"600\" height=\"600\"><\/p>\n<p><strong>Merkmale und Vorteile:<\/strong><\/p>\n<ul>\n<li>Kaninchengeschirr<\/li>\n<li>Kaninchen Kost\u00fcm<\/li>\n<li>Materialien: Weicher Stoff<\/li>\n<li>Gr\u00f6\u00dfe: Geeignet f\u00fcr Halsgr\u00f6\u00dfen von 19 bis 29cm und Brustgr\u00f6\u00dfen von 25 bis 41cm<\/li>\n<li>Einstellbare und leicht verstellbare Gr\u00f6\u00dfe<br \/>\nDiese Gr\u00f6\u00dfe ist ideal f\u00fcr einen Zwergwidder oder ein Zwergkaninchen.<\/li>\n<\/ul>\n<p><img loading=\"lazy\" decoding=\"async\" class=\"alignnone wp-image-14222\" src=\"https:\/\/mon-lapinnain.com\/wp-content\/uploads\/2021\/11\/vetement-noel-pour-lapin-taille.png\" alt=\"vetement noel pour lapin taille\" width=\"600\" height=\"516\"><\/p>\n<p>Um Ihrem Begleiter einen Hauch von Stil zu verleihen, entdecken Sie unsere Auswahl an <a href=\"https:\/\/www.bunzyland.com\/de\/kaninchen-zubehoer\/\">Kaninchenbekleidung<\/a>, die \u00c4sthetik und Komfort vereint.<\/p>\n","protected":false},"excerpt":{"rendered":"<p>Kaninchenkleidung: eine niedliche Verkleidung Dieses H\u00e4schen-Outfit ist perfekt f\u00fcr Weihnachten. Sie werden dieses Kost\u00fcm lieben, das an die kleine Gr\u00f6\u00dfe Ihres H\u00e4schens angepasst ist. Suchen Sie ein H\u00e4schen-Outfit f\u00fcr die Weihnachtszeit? Dieses Weihnachtshasenkost\u00fcm ist das perfekte Accessoire, das niemanden gleichg\u00fcltig l\u00e4sst! Ist er nicht einfach zu niedlich! Dieses Weihnachtskost\u00fcm besteht aus einem Weihnachtsmann-Umhang, einer Hasenm\u00fctze [&hellip;]<\/p>\n","protected":false},"featured_media":11329,"comment_status":"closed","ping_status":"closed","template":"","meta":{"_seopress_robots_primary_cat":"none","_seopress_titles_title":"","_seopress_titles_desc":"Dieses Hasen-Outfit ist das perfekte Geschirr und die perfekte Verkleidung, um Weihnachten mit Ihrer Familie zu feiern. Die Noel-Hasen-Verkleidung ist so s\u00fc\u00df!","_seopress_robots_index":""},"product_brand":[],"product_cat":[173,169,202,200],"product_tag":[],"class_list":{"0":"post-12372","1":"product","2":"type-product","3":"status-publish","4":"has-post-thumbnail","6":"product_cat-angebote","7":"product_cat-hasenladen","8":"product_cat-kaninchen-kleidung","9":"product_cat-kaninchengeschirr","10":"product_shipping_class-ok-mondial-relais-de","12":"first","13":"outofstock","14":"sale","15":"taxable","16":"shipping-taxable","17":"purchasable","18":"product-type-simple"},"_links":{"self":[{"href":"https:\/\/www.bunzyland.com\/de\/wp-json\/wp\/v2\/product\/12372","targetHints":{"allow":["GET"]}}],"collection":[{"href":"https:\/\/www.bunzyland.com\/de\/wp-json\/wp\/v2\/product"}],"about":[{"href":"https:\/\/www.bunzyland.com\/de\/wp-json\/wp\/v2\/types\/product"}],"replies":[{"embeddable":true,"href":"https:\/\/www.bunzyland.com\/de\/wp-json\/wp\/v2\/comments?post=12372"}],"wp:featuredmedia":[{"embeddable":true,"href":"https:\/\/www.bunzyland.com\/de\/wp-json\/wp\/v2\/media\/11329"}],"wp:attachment":[{"href":"https:\/\/www.bunzyland.com\/de\/wp-json\/wp\/v2\/media?parent=12372"}],"wp:term":[{"taxonomy":"product_brand","embeddable":true,"href":"https:\/\/www.bunzyland.com\/de\/wp-json\/wp\/v2\/product_brand?post=12372"},{"taxonomy":"product_cat","embeddable":true,"href":"https:\/\/www.bunzyland.com\/de\/wp-json\/wp\/v2\/product_cat?post=12372"},{"taxonomy":"product_tag","embeddable":true,"href":"https:\/\/www.bunzyland.com\/de\/wp-json\/wp\/v2\/product_tag?post=12372"}],"curies":[{"name":"wp","href":"https:\/\/api.w.org\/{rel}","templated":true}]}}