{"id":12373,"date":"2024-02-19T15:56:33","date_gmt":"2024-02-19T14:56:33","guid":{"rendered":"https:\/\/bunzyland.com\/product\/kaninchen-schnuffelmatte\/"},"modified":"2025-10-02T18:26:00","modified_gmt":"2025-10-02T16:26:00","slug":"kaninchen-schnuffelmatte","status":"publish","type":"product","link":"https:\/\/www.bunzyland.com\/de\/produkt\/kaninchen-schnuffelmatte\/","title":{"rendered":"Kaninchen Schnuffelmatte"},"content":{"rendered":"<div class=\"detailmodule_html\">\n<div class=\"detail-desc-decorate-richtext\">\n<div class=\"custom-tempate-content\">\n<h2>W\u00fchlmatte: Das neue Kaninchenspielzeug<\/h2>\n<p>Die BunZyland <strong>Digging Mat<\/strong> ist das perfekte Kaninchenspielzeug, um Ihr Kaninchen zu unterhalten. <strong>Kaninchen<\/strong> sind von Natur aus neugierig und lieben es, alles um sie herum zu erforschen und zu erkunden. Dieses <strong>Schn\u00fcffelspiel<\/strong> wird Ihr Kaninchen stundenlang besch\u00e4ftigen. Verstecken Sie einfach ein paar Leckereien in der <strong>Kaninchengrabmatte<\/strong> und gehen Sie auf Entdeckungstour.<\/p>\n<p><img fetchpriority=\"high\" decoding=\"async\" class=\"alignnone wp-image-8300\" src=\"https:\/\/mon-lapinnain.com\/wp-content\/uploads\/2021\/07\/jeu-pour-lapin-2.jpg\" alt=\"Spielzeug f\u00fcr Kaninchen\" width=\"600\" height=\"762\"><\/p>\n<h2><span data-sheets-value=\"{\"1\":2,\"2\":\"rabbit enrichment\"}\" data-sheets-userformat=\"{\"2\":25281,\"3\":{\"1\":0},\"9\":1,\"10\":1,\"12\":0,\"16\":11,\"17\":1}\">Ein Spiel, das zur Bereicherung des Kaninchens beitr\u00e4gt<\/span><\/h2>\n<p>Die <strong>Kaninchen-Schnuffelmatte<\/strong> ist die perfekte L\u00f6sung f\u00fcr das Problem der Langeweile. Ihr kleiner Freund wird damit besch\u00e4ftigt sein, die Leckereien zu erschn\u00fcffeln, die Sie in der Matte verstecken, so dass er Ihre l\u00e4ngere Abwesenheit nicht bemerken wird. Dieses<strong> Kaninchenspielzeug uk<\/strong> ist eine gute Besch\u00e4ftigung, um seine Sinne und seine Intelligenz zu stimulieren, was ihm hilft, geistig gesund und erf\u00fcllt in seinem Kaninchenleben zu bleiben. Es ist eine tolle <strong>Kaninchenaktivit\u00e4t<\/strong> f\u00fcr junge, alte und sogar erwachsene Kaninchen. Kaufen Sie also noch heute diese <strong>Futtermatte f\u00fcr Kaninchen<\/strong>, damit Ihr Haustier gesund und gl\u00fccklich bleibt!<\/p>\n<p><img decoding=\"async\" class=\"alignnone wp-image-7391\" src=\"https:\/\/mon-lapinnain.com\/wp-content\/uploads\/2021\/07\/Tapis-de-fouille-pour-lapin-2.jpg\" alt=\"Futtermatte f\u00fcr Kaninchen\" width=\"600\" height=\"600\"><\/p>\n<p><b>Mehr Details zu diesem Spielzeug f\u00fcr Kaninchen:<\/b><\/p>\n<ul>\n<li style=\"font-weight: 400;\" aria-level=\"1\"><span style=\"font-weight: 400;\">Stimuliert Sinne und Intelligenz<\/span><\/li>\n<li style=\"font-weight: 400;\" aria-level=\"1\"><span style=\"font-weight: 400;\">Bewahrt seine geistige Gesundheit<\/span><\/li>\n<li style=\"font-weight: 400;\" aria-level=\"1\"><span style=\"font-weight: 400;\">Tipp gegen V\u00f6llerei (damit Ihr Kaninchen weniger schnell frisst)<\/span><\/li>\n<li style=\"font-weight: 400;\" aria-level=\"1\"><span style=\"font-weight: 400;\">Gr\u00f6\u00dfe: Durchmesser von etwa 45 cm \/ 17,7&#8243;<\/span><\/li>\n<li style=\"font-weight: 400;\" aria-level=\"1\"><span style=\"font-weight: 400;\">Materialien: Filz<\/span><\/li>\n<li style=\"font-weight: 400;\" aria-level=\"1\"><span style=\"font-weight: 400;\">Farbe: Grau und Wei\u00df<\/span><\/li>\n<\/ul>\n<\/div>\n<p>Um die nat\u00fcrlichen Instinkte Ihres Kaninchens zu stimulieren und es zur Futtersuche und Erkundung anzuregen, entdecken Sie unser Sortiment an <a href=\"https:\/\/www.bunzyland.com\/de\/kaninchen-futtermatte\/\">Kaninchen-Futtermatten,<\/a> die f\u00fcr stundenlangen, gesunden Spa\u00df sorgen.<\/p>\n<\/div>\n<\/div>\n","protected":false},"excerpt":{"rendered":"<p>W\u00fchlmatte: Das neue Kaninchenspielzeug Die BunZyland Digging Mat ist das perfekte Kaninchenspielzeug, um Ihr Kaninchen zu unterhalten. Kaninchen sind von Natur aus neugierig und lieben es, alles um sie herum zu erforschen und zu erkunden. Dieses Schn\u00fcffelspiel wird Ihr Kaninchen stundenlang besch\u00e4ftigen. Verstecken Sie einfach ein paar Leckereien in der Kaninchengrabmatte und gehen Sie auf [&hellip;]<\/p>\n","protected":false},"featured_media":11235,"comment_status":"closed","ping_status":"closed","template":"","meta":{"_seopress_robots_primary_cat":"none","_seopress_titles_title":"","_seopress_titles_desc":"Eine Kaninchen-Schnuffelmatte ist eine lustige M\u00f6glichkeit, Ihr Kaninchen zu unterhalten. Es ist das perfekte Spielzeug f\u00fcr Zwerghasen, die gerne schn\u00fcffeln und erkunden.","_seopress_robots_index":""},"product_brand":[],"product_cat":[169,195,201,172],"product_tag":[],"class_list":{"0":"post-12373","1":"product","2":"type-product","3":"status-publish","4":"has-post-thumbnail","6":"product_cat-hasenladen","7":"product_cat-kaninchen-matten","8":"product_cat-kaninchen-futtermatte","9":"product_cat-spielzeug-fur-kaninchen","11":"first","12":"instock","13":"taxable","14":"shipping-taxable","15":"purchasable","16":"product-type-simple"},"_links":{"self":[{"href":"https:\/\/www.bunzyland.com\/de\/wp-json\/wp\/v2\/product\/12373","targetHints":{"allow":["GET"]}}],"collection":[{"href":"https:\/\/www.bunzyland.com\/de\/wp-json\/wp\/v2\/product"}],"about":[{"href":"https:\/\/www.bunzyland.com\/de\/wp-json\/wp\/v2\/types\/product"}],"replies":[{"embeddable":true,"href":"https:\/\/www.bunzyland.com\/de\/wp-json\/wp\/v2\/comments?post=12373"}],"wp:featuredmedia":[{"embeddable":true,"href":"https:\/\/www.bunzyland.com\/de\/wp-json\/wp\/v2\/media\/11235"}],"wp:attachment":[{"href":"https:\/\/www.bunzyland.com\/de\/wp-json\/wp\/v2\/media?parent=12373"}],"wp:term":[{"taxonomy":"product_brand","embeddable":true,"href":"https:\/\/www.bunzyland.com\/de\/wp-json\/wp\/v2\/product_brand?post=12373"},{"taxonomy":"product_cat","embeddable":true,"href":"https:\/\/www.bunzyland.com\/de\/wp-json\/wp\/v2\/product_cat?post=12373"},{"taxonomy":"product_tag","embeddable":true,"href":"https:\/\/www.bunzyland.com\/de\/wp-json\/wp\/v2\/product_tag?post=12373"}],"curies":[{"name":"wp","href":"https:\/\/api.w.org\/{rel}","templated":true}]}}