{"id":12376,"date":"2024-02-19T15:56:31","date_gmt":"2024-02-19T14:56:31","guid":{"rendered":"https:\/\/bunzyland.com\/product\/kaninchenschloss\/"},"modified":"2025-09-12T17:22:08","modified_gmt":"2025-09-12T15:22:08","slug":"kaninchenschloss","status":"publish","type":"product","link":"https:\/\/www.bunzyland.com\/de\/produkt\/kaninchenschloss\/","title":{"rendered":"Kaninchenschloss"},"content":{"rendered":"<h2><b>Kaninchenschloss: das perfekte Haus<\/b><\/h2>\n<p>Die <b>Kaninchenburg<\/b> ist ein<strong> Haus f\u00fcr drinnen<\/strong>, das Ihr Haustier sicher unterhalten wird. Er kann sich unter den T\u00fcren oder auf dem <strong>h\u00f6lzernen<\/strong> Deck <strong>der Kaninchenburg<\/strong> bewegen! Sie k\u00f6nnen Leckereien an der Spitze des Turms platzieren, nach denen Ihr Zwerghase suchen kann, um noch mehr Spa\u00df zu haben. Das wird seine Neugierde wecken und seine geistige und k\u00f6rperliche Aktivit\u00e4t anregen. F\u00fcr das Wohlbefinden Ihres Haustieres ist es wichtig, dass es seine Energie ausleben kann!<\/p>\n<p><img fetchpriority=\"high\" decoding=\"async\" class=\"alignnone\" src=\"https:\/\/mon-lapinnain.com\/wp-content\/uploads\/2021\/08\/Chateau-pour-lapin-Castle-bunny.gif\" alt=\"Kaninchenstall aus Holz\" width=\"450\" height=\"450\"><\/p>\n<p>Auch Ihr kleiner Freund findet in seinem <strong>Kaninchenschloss<\/strong> einen ruhigen Platz zum Ausruhen und Einschlafen. Er wird sich in seinem friedlichen Unterschlupf wohl und sicher f\u00fchlen. Ihr Holland Lop wird es lieben, sich in diesem <strong>Kaninchenstall<\/strong> zu verstecken!<\/p>\n<h3>Die besten Hauskaninchen<\/h3>\n<p>Der <strong>Kaninchenstall f\u00fcr drinnen<\/strong> ist aus Birkenholz gefertigt. Diese originelle und lustige Installation wurde speziell f\u00fcr Ihren kleinen Freund entworfen. Die Kanten sind nicht scharf, was f\u00fcr Ihr Kaninchen sicher ist. Es l\u00e4sst sich ganz einfach zu einer <strong>h\u00f6lzernen Kaninchenburg<\/strong> zusammenbauen. Und wenn es einmal zusammengebaut ist, bleibt es dank des starken und haltbaren Materials an seinem Platz. Sie brauchen kein Werkzeug, um es zusammenzubauen!<\/p>\n<ul>\n<li aria-level=\"1\">Nat\u00fcrliches Birkenholz<\/li>\n<li aria-level=\"1\">Stark und langlebig<\/li>\n<li aria-level=\"1\">Einfach zu installieren<\/li>\n<li aria-level=\"1\">Originelle und lustige Installation<\/li>\n<\/ul>\n<p><img decoding=\"async\" class=\"alignnone\" src=\"https:\/\/mon-lapinnain.com\/wp-content\/uploads\/2021\/08\/Cabane-pour-lapin-Chateau.jpg\" alt=\"Kaninchenschloss aus Holz\" width=\"600\" height=\"600\"><\/p>\n<p><b>Mehr Details zu diesem Kaninchenheim<\/b><\/p>\n<p>Abmessungen: H\u00f6he des <strong>Kaninchenhauses<\/strong> 34,5 cm, Gesamtl\u00e4nge 86,4 cm (13,5&#8243; x 34&#8243;).<\/p>\n<p>Farbe: Nat\u00fcrliche Holzfarbe.<\/p>\n<p>F\u00fcr noch mehr Spa\u00df k\u00f6nnen Sie den<strong> luxuri\u00f6sen Kaninchenstall f\u00fcr drinnen<\/strong> bemalen und dekorieren. Achten Sie darauf, dass Sie eine ungiftige Farbe verwenden, die f\u00fcr Ihr Haustier geeignet ist.<\/p>\n<p><strong> <\/strong><\/p>\n<p><img decoding=\"async\" class=\"alignnone\" src=\"https:\/\/mon-lapinnain.com\/wp-content\/uploads\/2021\/08\/Castle-bunny-maison.jpg\" alt=\"Kaninchenschloss\" width=\"600\" height=\"600\"><\/p>\n","protected":false},"excerpt":{"rendered":"<ul>\n<li aria-level=\"1\">Kaninchenstall<\/li>\n<li aria-level=\"1\">Beste Hauskaninchen<\/li>\n<\/ul>\n","protected":false},"featured_media":11273,"comment_status":"closed","ping_status":"closed","template":"","meta":{"_seopress_robots_primary_cat":"none","_seopress_titles_title":"","_seopress_titles_desc":"Das Kaninchenschloss, der ideale Kaninchenstall f\u00fcr sein Reich. Ihr Haustier wird sich wie ein Prinz f\u00fchlen, wenn es in diesem lustigen Haus spielt!","_seopress_robots_index":""},"product_brand":[],"product_cat":[169,175],"product_tag":[],"class_list":{"0":"post-12376","1":"product","2":"type-product","3":"status-publish","4":"has-post-thumbnail","6":"product_cat-hasenladen","7":"product_cat-kaninchenstall","9":"first","10":"outofstock","11":"taxable","12":"shipping-taxable","13":"purchasable","14":"product-type-simple"},"_links":{"self":[{"href":"https:\/\/www.bunzyland.com\/de\/wp-json\/wp\/v2\/product\/12376","targetHints":{"allow":["GET"]}}],"collection":[{"href":"https:\/\/www.bunzyland.com\/de\/wp-json\/wp\/v2\/product"}],"about":[{"href":"https:\/\/www.bunzyland.com\/de\/wp-json\/wp\/v2\/types\/product"}],"replies":[{"embeddable":true,"href":"https:\/\/www.bunzyland.com\/de\/wp-json\/wp\/v2\/comments?post=12376"}],"wp:featuredmedia":[{"embeddable":true,"href":"https:\/\/www.bunzyland.com\/de\/wp-json\/wp\/v2\/media\/11273"}],"wp:attachment":[{"href":"https:\/\/www.bunzyland.com\/de\/wp-json\/wp\/v2\/media?parent=12376"}],"wp:term":[{"taxonomy":"product_brand","embeddable":true,"href":"https:\/\/www.bunzyland.com\/de\/wp-json\/wp\/v2\/product_brand?post=12376"},{"taxonomy":"product_cat","embeddable":true,"href":"https:\/\/www.bunzyland.com\/de\/wp-json\/wp\/v2\/product_cat?post=12376"},{"taxonomy":"product_tag","embeddable":true,"href":"https:\/\/www.bunzyland.com\/de\/wp-json\/wp\/v2\/product_tag?post=12376"}],"curies":[{"name":"wp","href":"https:\/\/api.w.org\/{rel}","templated":true}]}}