{"id":12377,"date":"2024-02-19T15:56:29","date_gmt":"2024-02-19T14:56:29","guid":{"rendered":"https:\/\/bunzyland.com\/product\/spielzeug-fuer-kaninchen-stapeltassen\/"},"modified":"2026-03-13T11:22:00","modified_gmt":"2026-03-13T10:22:00","slug":"spielzeug-fuer-kaninchen-stapeltassen","status":"publish","type":"product","link":"https:\/\/www.bunzyland.com\/de\/produkt\/spielzeug-fuer-kaninchen-stapeltassen\/","title":{"rendered":"Spielzeug f\u00fcr Kaninchen Stapeltassen"},"content":{"rendered":"\n<h2 class=\"wp-block-heading\"><strong>Spielzeug f\u00fcr Kaninchen Becher stapeln : Spa\u00df und interaktiv<\/strong><\/h2>\n\n<p>Dieses <strong>Spielzeug f\u00fcr Kaninchen Stapeltassen<\/strong> ist ein tolles Spielzeug, um Ihr Kaninchen zu unterhalten. Kaninchen lieben es, zu spielen, zu suchen und zu schn\u00fcffeln, daher ist dieses <strong>preiswerte Kaninchenspielzeug<\/strong> perfekt f\u00fcr sie. Es ist wichtig, die Sinne Ihres Kaninchens zu stimulieren, um seine geistige Gesundheit zu erhalten. Beim Spielen kann Ihr Haustier seine Sinne, aber auch seine Intelligenz entwickeln. Ein gesundes Kaninchen ist ein gl\u00fcckliches Kaninchen!<\/p>\n\n<figure class=\"wp-block-image\"><img decoding=\"async\" src=\"https:\/\/mon-lapinnain.com\/wp-content\/uploads\/2021\/09\/Jeu-pour-lapin-pot.gif\" alt=\"H&#xE4;schen Tassen\" class=\"wp-image-7622\"\/><\/figure>\n\n<h2 class=\"wp-block-heading\">Wie spielen Sie mit Ihrem Kaninchen?<\/h2>\n\n<p>Mit diesen <strong>Kaninchen-Stapelbechern<\/strong> ist das Spielen mit Ihrem Kaninchen einfach und macht Spa\u00df. Legen Sie ein paar Leckereien in die Gl\u00e4ser, stapeln Sie sie, damit Ihr Hase sie sich schnappen und spielen kann! Ihr Kaninchen wird sich auf die Suche nach den Leckereien machen, die Sie im <strong>Kaninchenspielzeug<\/strong> versteckt haben, und ist ganz verr\u00fcckt nach dieser neuen Aktivit\u00e4t! Sie k\u00f6nnen auch ein einzelnes Leckerli in einem der Gl\u00e4ser verstecken und sie auf den Boden stellen. Ihre Br\u00f6tchen werden sich auf die Suche nach den versteckten Leckereien machen! Sie werden sehen, er gewinnt immer!<\/p>\n\n<figure class=\"wp-block-image is-resized\"><img decoding=\"async\" src=\"https:\/\/mon-lapinnain.com\/wp-content\/uploads\/2024\/02\/stacking-cups-lapin.png\" alt=\"Kaninchen Spielzeug Tassen\" class=\"wp-image-16828\" style=\"width:auto;height:599px\"\/><\/figure>\n\n<h2 class=\"wp-block-heading\">Ein Grabungsspielzeug f\u00fcr Kaninchen<\/h2>\n\n<p>Das <strong>Spielzeug f\u00fcr Kaninchen, die Becher stapeln<\/strong>, ist ein W\u00fchlspielzeug, das auf dem gleichen Prinzip wie die <strong>Kaninchen-Schnuffelmatte<\/strong> basiert. Es ist eine lustige und sportliche Aktivit\u00e4t f\u00fcr Ihr Kaninchen, denn 10 Minuten Spiel reichen aus, um es gesund zu halten.<\/p>\n\n<figure class=\"wp-block-image\"><img decoding=\"async\" src=\"https:\/\/mon-lapinnain.com\/wp-content\/uploads\/2021\/09\/Jeux-pour-lapin.gif\" alt=\"Jeu pour lapin\" class=\"wp-image-7625\"\/><\/figure>\n\n<p><strong>Mehr Details:<\/strong><\/p>\n\n<ul class=\"wp-block-list\">\n<li>Set mit 8 T\u00f6pfen in verschiedenen Gr\u00f6\u00dfen<\/li>\n\n\n\n<li>Pastellfarbene T\u00f6pfe<\/li>\n\n\n\n<li>Plastik<\/li>\n<\/ul>\n\n<p>F\u00fcr noch mehr Spa\u00df f\u00fcr Ihren pelzigen Freund entdecken Sie unsere Auswahl an <a href=\"https:\/\/www.bunzyland.com\/de\/spielzeug-fur-kaninchen\/\">Kaninchenspielzeug<\/a>, das speziell f\u00fcr sein Wohlbefinden und seine Freude entwickelt wurde.<\/p>\n","protected":false},"excerpt":{"rendered":"<ul>\n<li>Kaninchenspielzeug<\/li>\n<li>Bek\u00e4mpft die Langeweile bei Kaninchen<\/li>\n<li>Entwickelt die Intelligenz von Kaninchen<\/li>\n<li>Erh\u00e4lt die geistige Gesundheit<\/li>\n<\/ul>\n","protected":false},"featured_media":11305,"comment_status":"closed","ping_status":"closed","template":"","meta":{"_seopress_robots_primary_cat":"none","_seopress_titles_title":"","_seopress_titles_desc":"Das Spielzeug f\u00fcr Kaninchen Stapeltassen ist ein spielerisches Kaninchenspielzeug, das perfekt f\u00fcr die Entwicklung der Sinne und der Intelligenz des Zwergkaninchens geeignet ist.","_seopress_robots_index":""},"product_brand":[],"product_cat":[169,172],"product_tag":[],"class_list":{"0":"post-12377","1":"product","2":"type-product","3":"status-publish","4":"has-post-thumbnail","6":"product_cat-hasenladen","7":"product_cat-spielzeug-fur-kaninchen","8":"product_shipping_class-ok-mondial-relais-de","10":"first","11":"outofstock","12":"sale","13":"taxable","14":"shipping-taxable","15":"purchasable","16":"product-type-simple"},"_links":{"self":[{"href":"https:\/\/www.bunzyland.com\/de\/wp-json\/wp\/v2\/product\/12377","targetHints":{"allow":["GET"]}}],"collection":[{"href":"https:\/\/www.bunzyland.com\/de\/wp-json\/wp\/v2\/product"}],"about":[{"href":"https:\/\/www.bunzyland.com\/de\/wp-json\/wp\/v2\/types\/product"}],"replies":[{"embeddable":true,"href":"https:\/\/www.bunzyland.com\/de\/wp-json\/wp\/v2\/comments?post=12377"}],"wp:featuredmedia":[{"embeddable":true,"href":"https:\/\/www.bunzyland.com\/de\/wp-json\/wp\/v2\/media\/11305"}],"wp:attachment":[{"href":"https:\/\/www.bunzyland.com\/de\/wp-json\/wp\/v2\/media?parent=12377"}],"wp:term":[{"taxonomy":"product_brand","embeddable":true,"href":"https:\/\/www.bunzyland.com\/de\/wp-json\/wp\/v2\/product_brand?post=12377"},{"taxonomy":"product_cat","embeddable":true,"href":"https:\/\/www.bunzyland.com\/de\/wp-json\/wp\/v2\/product_cat?post=12377"},{"taxonomy":"product_tag","embeddable":true,"href":"https:\/\/www.bunzyland.com\/de\/wp-json\/wp\/v2\/product_tag?post=12377"}],"curies":[{"name":"wp","href":"https:\/\/api.w.org\/{rel}","templated":true}]}}