{"id":12383,"date":"2024-02-19T15:56:34","date_gmt":"2024-02-19T14:56:34","guid":{"rendered":"https:\/\/bunzyland.com\/product\/kaninchentunnel-aus-kunststoff\/"},"modified":"2025-09-12T17:21:56","modified_gmt":"2025-09-12T15:21:56","slug":"kaninchentunnel-aus-kunststoff","status":"publish","type":"product","link":"https:\/\/www.bunzyland.com\/de\/produkt\/kaninchentunnel-aus-kunststoff\/","title":{"rendered":"Kaninchentunnel aus Kunststoff"},"content":{"rendered":"<h2>Kaninchentunnel aus Kunststoff : ein perfektes Kaninchenspielzeug<\/h2>\n<p>Dieser <strong>Kaninchentunnel aus Kunststoff<\/strong> ist das perfekte <strong>Kaninchenspielzeug<\/strong> zum Verstecken und stundenlangen Spielen. Wie Sie wissen, verstecken sich Kaninchen gerne an den unwahrscheinlichsten Orten. Dieses <strong>Spielzeug f\u00fcr Kaninchen<\/strong> wird sein nicht ganz so geheimes Versteck sein. Ihr Kaninchen braucht t\u00e4glich Bewegung, daher sind <strong>Kaninchentunnel<\/strong> sehr n\u00fctzlich. Dieses Kunststoffspiel wird das Lieblingsspielzeug Ihres Kaninchens werden. Er wird sich so sicher f\u00fchlen wie in seiner H\u00f6hle. Ihr Zwergkaninchen wird es lieben, wie eine Rakete herumzulaufen.<\/p>\n<p><img fetchpriority=\"high\" decoding=\"async\" class=\"alignnone\" src=\"https:\/\/monlapinnain.hellodr.tech\/wp-content\/uploads\/sites\/532\/2021\/02\/jeu-tunnel-pour-lapin-mon-lapin-nain_600x600.jpg?v=1608716911\" alt=\"billiger Kaninchentunnel\" width=\"600\" height=\"450\"><\/p>\n<h2>Wie halte ich mein Kaninchen bei Laune?<\/h2>\n<p>Langweilt sich Ihr Kaninchen und Sie wissen nicht, was Sie tun k\u00f6nnen, um es zu besch\u00e4ftigen? Dieser <strong>Kaninchentunnel<\/strong> ist eine tolle M\u00f6glichkeit, Ihr Kaninchen zu besch\u00e4ftigen. Legen Sie ihn in den Stall oder ins Wohnzimmer und Ihr Kaninchen wird ihn sofort entdecken. Er ist gl\u00fccklich, darin herumzulaufen und sich hinzulegen. F\u00fcr zus\u00e4tzlichen Spa\u00df k\u00f6nnen Sie sogar Leckereien hineinlegen, um Ihr Kaninchen zu unterhalten.<\/p>\n<p><strong>Mehr Details:<\/strong><\/p>\n<p>Farbe : Blau \/ rosa<\/p>\n<p>Gr\u00f6\u00dfe: 18 x 100 cm \/ 7,08&#8243; x 39,37&#8243;<\/p>\n","protected":false},"excerpt":{"rendered":"<p>Kaninchentunnel aus Kunststoff : ein perfektes Kaninchenspielzeug Dieser Kaninchentunnel aus Kunststoff ist das perfekte Kaninchenspielzeug zum Verstecken und stundenlangen Spielen. Wie Sie wissen, verstecken sich Kaninchen gerne an den unwahrscheinlichsten Orten. Dieses Spielzeug f\u00fcr Kaninchen wird sein nicht ganz so geheimes Versteck sein. Ihr Kaninchen braucht t\u00e4glich Bewegung, daher sind Kaninchentunnel sehr n\u00fctzlich. Dieses Kunststoffspiel [&hellip;]<\/p>\n","protected":false},"featured_media":11169,"comment_status":"closed","ping_status":"closed","template":"","meta":{"_seopress_robots_primary_cat":"none","_seopress_titles_title":"","_seopress_titles_desc":"Der Kaninchentunnel aus Kunststoff ist das unverzichtbare Spielzeug f\u00fcr alle Kaninchen und Zwergkaninchen. Er wird das Gef\u00fchl haben, sich in einem unterirdischen Gang zu befinden.","_seopress_robots_index":""},"product_brand":[],"product_cat":[169,183,172],"product_tag":[],"class_list":{"0":"post-12383","1":"product","2":"type-product","3":"status-publish","4":"has-post-thumbnail","6":"product_cat-hasenladen","7":"product_cat-kaninchentunnel","8":"product_cat-spielzeug-fur-kaninchen","10":"first","11":"outofstock","12":"sale","13":"taxable","14":"shipping-taxable","15":"purchasable","16":"product-type-variable","17":"has-default-attributes"},"_links":{"self":[{"href":"https:\/\/www.bunzyland.com\/de\/wp-json\/wp\/v2\/product\/12383","targetHints":{"allow":["GET"]}}],"collection":[{"href":"https:\/\/www.bunzyland.com\/de\/wp-json\/wp\/v2\/product"}],"about":[{"href":"https:\/\/www.bunzyland.com\/de\/wp-json\/wp\/v2\/types\/product"}],"replies":[{"embeddable":true,"href":"https:\/\/www.bunzyland.com\/de\/wp-json\/wp\/v2\/comments?post=12383"}],"wp:featuredmedia":[{"embeddable":true,"href":"https:\/\/www.bunzyland.com\/de\/wp-json\/wp\/v2\/media\/11169"}],"wp:attachment":[{"href":"https:\/\/www.bunzyland.com\/de\/wp-json\/wp\/v2\/media?parent=12383"}],"wp:term":[{"taxonomy":"product_brand","embeddable":true,"href":"https:\/\/www.bunzyland.com\/de\/wp-json\/wp\/v2\/product_brand?post=12383"},{"taxonomy":"product_cat","embeddable":true,"href":"https:\/\/www.bunzyland.com\/de\/wp-json\/wp\/v2\/product_cat?post=12383"},{"taxonomy":"product_tag","embeddable":true,"href":"https:\/\/www.bunzyland.com\/de\/wp-json\/wp\/v2\/product_tag?post=12383"}],"curies":[{"name":"wp","href":"https:\/\/api.w.org\/{rel}","templated":true}]}}