{"id":12396,"date":"2024-02-19T15:56:32","date_gmt":"2024-02-19T14:56:32","guid":{"rendered":"https:\/\/bunzyland.com\/product\/kaninchen-sammelmatte\/"},"modified":"2025-10-02T16:52:49","modified_gmt":"2025-10-02T14:52:49","slug":"kaninchen-sammelmatte","status":"publish","type":"product","link":"https:\/\/www.bunzyland.com\/de\/produkt\/kaninchen-sammelmatte\/","title":{"rendered":"Kaninchen-Sammelmatte"},"content":{"rendered":"\n<h2 class=\"wp-block-heading\"><b>Kaninchen-Suchmatte: ein lustiges und anregendes Spiel<\/b><\/h2>\n\n<p><span style=\"font-weight: 400;\">Diese <\/span><b>Kaninchen-Sammelmatte<\/b><span style=\"font-weight: 400;\">  ist ein Mini-Gem\u00fcsegarten. Es hat mehrere Spielelemente f\u00fcr Ihre  <\/span><b>Kaninchen als Haustier<\/b><span style=\"font-weight: 400;\">. Alle sind mit einer Pr\u00e4gung versehen, so dass Sie Trockenfutter oder Leckerbissen f\u00fcr Ihr Kind verstecken k\u00f6nnen.  <\/span><b>Hase<\/b><span style=\"font-weight: 400;\">  durch Geruchssuche, Futtersuche und Schn\u00fcffeln zu suchen. Wenn sie in die freie Wildbahn entlassen werden, werden die  <\/span><b>Zwerghase<\/b><span style=\"font-weight: 400;\">  ist in der Lage, mit Hilfe seines Geruchssinns Nahrung unter der Erde zu finden. Es ist daher wichtig, sie zu stimulieren!<\/span><\/p>\n\n<h2 class=\"wp-block-heading\"><img fetchpriority=\"high\" decoding=\"async\" class=\"alignnone size-full wp-image-7341\" src=\"https:\/\/mon-lapinnain.com\/wp-content\/uploads\/2021\/07\/tapis-de-fouille-lapin-jeux.gif\" alt=\"Jeu pour lapin\" width=\"400\" height=\"400\"\/><\/h2>\n\n<h2 class=\"wp-block-heading\"><b>Ein Spielzeug f\u00fcr Kaninchen, das ihre Bed\u00fcrfnisse erf\u00fcllt<\/b><\/h2>\n\n<p><span style=\"font-weight: 400;\">Die <\/span><b>Kaninchen-Sammelmatte<\/b><span style=\"font-weight: 400;\">  hat einen ersten Streifen mit Kohlk\u00f6pfen mit allen Bl\u00e4ttern im Relief, einen zweiten Streifen mit Karotten, die auch Schlitze f\u00fcr noch schwieriger zu findende Verstecke haben! Dann folgt ein dritter Streifen mit zwei \u00c4hren und schlie\u00dflich ein dickerer, vollerer Streifen aus Gras mit gr\u00fcnem Filz, der \u00fcber die Matte hinausragt (ca. 5 cm). Es ist eine perfekte  <\/span><b>Spielzeug f\u00fcr Hasen<\/b><span style=\"font-weight: 400;\">!<\/span><\/p>\n\n<figure class=\"wp-block-image is-resized\"><img decoding=\"async\" src=\"https:\/\/mon-lapinnain.com\/wp-content\/uploads\/2021\/07\/jeu-pour-lapin.jpg\" alt=\"Kaninchenspielzeug\" class=\"wp-image-7340\" style=\"width:auto;height:600px\"\/><\/figure>\n\n<p>Dieses <strong>Spielzeug f\u00fcr Kaninchen<\/strong> wurde speziell f\u00fcr <strong>kleine Haustiere<\/strong> hergestellt und ist sicher f\u00fcr Ihr <strong>Kaninchen<\/strong>. Er ist aus langlebigen und widerstandsf\u00e4higen Materialien gefertigt.<\/p>\n\n<p>Sie k\u00f6nnen Ihrem Zwergkaninchen helfen, sich zu unterhalten, indem Sie seine Lieblingsleckereien in den Ecken der Matte verstecken! <strong>Kaninchen<\/strong> sind soziale Tiere, die unterhalten und stimuliert werden m\u00fcssen, und dieses Spiel ist ideal, um ihre Bed\u00fcrfnisse zu erf\u00fcllen!<\/p>\n\n<figure class=\"wp-block-image\"><img decoding=\"async\" src=\"https:\/\/mon-lapinnain.com\/wp-content\/uploads\/2021\/07\/Tapis-de-fouille-pour-lapin.gif\" alt=\"Tapis de fouille pour lapin\" class=\"wp-image-7334\"\/><\/figure>\n\n<p><strong>Eigenschaften der Kaninchen-Futtermatte<\/strong><\/p>\n\n<ul class=\"wp-block-list\">\n<li>Kaninchensammelmatte in Form eines Mini-Gem\u00fcsegartens<\/li>\n\n\n\n<li>Unterhaltsam und lustig<\/li>\n\n\n\n<li>Ungiftiger, langlebiger und widerstandsf\u00e4higer Stoff<\/li>\n\n\n\n<li>Rutschfester Boden<\/li>\n\n\n\n<li>Leicht zu waschen<\/li>\n\n\n\n<li>Gr\u00f6\u00dfe: Quadratisch, die Matte misst ungef\u00e4hr 73 cm x 73 cm \/ 28,7&#8243; x 28,7&#8243;<\/li>\n\n\n\n<li>Farbe: Der Hintergrund ist wei\u00df und die Matte hat mehrere Farben: braun, orange, gr\u00fcn und gelb.<\/li>\n<\/ul>\n\n<p>Um die nat\u00fcrlichen Instinkte Ihres Kaninchens zu stimulieren und es zur Futtersuche und Erkundung anzuregen, entdecken Sie unser Sortiment an <a href=\"https:\/\/www.bunzyland.com\/de\/kaninchen-futtermatte\/\">Kaninchen-Futtermatten<\/a>, die f\u00fcr stundenlangen, gesunden Spa\u00df sorgen.<\/p>\n","protected":false},"excerpt":{"rendered":"<p>Kaninchen-Suchmatte: ein lustiges und anregendes Spiel Diese Kaninchen-Sammelmatte ist ein Mini-Gem\u00fcsegarten. Es hat mehrere Spielelemente f\u00fcr Ihre Kaninchen als Haustier. Alle sind mit einer Pr\u00e4gung versehen, so dass Sie Trockenfutter oder Leckerbissen f\u00fcr Ihr Kind verstecken k\u00f6nnen. Hase durch Geruchssuche, Futtersuche und Schn\u00fcffeln zu suchen. Wenn sie in die freie Wildbahn entlassen werden, werden die [&hellip;]<\/p>\n","protected":false},"featured_media":11251,"comment_status":"closed","ping_status":"closed","template":"","meta":{"_seopress_robots_primary_cat":"none","_seopress_titles_title":"","_seopress_titles_desc":"Die Kaninchen-Futtermatte ist ein lustiges und farbenfrohes Filzspielzeug f\u00fcr Kaninchen, das nicht nur unterhaltsam, sondern auch spielerisch f\u00fcr Ihr Haustier ist. Ein perfektes Kaninchenspielzeug!","_seopress_robots_index":""},"product_brand":[],"product_cat":[169,195,201,172],"product_tag":[],"class_list":{"0":"post-12396","1":"product","2":"type-product","3":"status-publish","4":"has-post-thumbnail","6":"product_cat-hasenladen","7":"product_cat-kaninchen-matten","8":"product_cat-kaninchen-futtermatte","9":"product_cat-spielzeug-fur-kaninchen","11":"first","12":"instock","13":"taxable","14":"shipping-taxable","15":"purchasable","16":"product-type-simple"},"_links":{"self":[{"href":"https:\/\/www.bunzyland.com\/de\/wp-json\/wp\/v2\/product\/12396","targetHints":{"allow":["GET"]}}],"collection":[{"href":"https:\/\/www.bunzyland.com\/de\/wp-json\/wp\/v2\/product"}],"about":[{"href":"https:\/\/www.bunzyland.com\/de\/wp-json\/wp\/v2\/types\/product"}],"replies":[{"embeddable":true,"href":"https:\/\/www.bunzyland.com\/de\/wp-json\/wp\/v2\/comments?post=12396"}],"wp:featuredmedia":[{"embeddable":true,"href":"https:\/\/www.bunzyland.com\/de\/wp-json\/wp\/v2\/media\/11251"}],"wp:attachment":[{"href":"https:\/\/www.bunzyland.com\/de\/wp-json\/wp\/v2\/media?parent=12396"}],"wp:term":[{"taxonomy":"product_brand","embeddable":true,"href":"https:\/\/www.bunzyland.com\/de\/wp-json\/wp\/v2\/product_brand?post=12396"},{"taxonomy":"product_cat","embeddable":true,"href":"https:\/\/www.bunzyland.com\/de\/wp-json\/wp\/v2\/product_cat?post=12396"},{"taxonomy":"product_tag","embeddable":true,"href":"https:\/\/www.bunzyland.com\/de\/wp-json\/wp\/v2\/product_tag?post=12396"}],"curies":[{"name":"wp","href":"https:\/\/api.w.org\/{rel}","templated":true}]}}