{"id":12397,"date":"2024-02-19T15:56:33","date_gmt":"2024-02-19T14:56:33","guid":{"rendered":"https:\/\/bunzyland.com\/product\/kaninchen-tipi-mit-pompon\/"},"modified":"2025-09-12T17:21:54","modified_gmt":"2025-09-12T15:21:54","slug":"kaninchen-tipi-mit-pompon","status":"publish","type":"product","link":"https:\/\/www.bunzyland.com\/de\/produkt\/kaninchen-tipi-mit-pompon\/","title":{"rendered":"Kaninchen-Tipi mit Pompon"},"content":{"rendered":"<h2><b>Kaninchen-Tipi mit Pompon: ein niedliches Versteck<\/b><\/h2>\n<p>Das <strong>Kaninchen-Tipi<\/strong> &#8222;Rabbit World&#8220; <strong>mit Pompon<\/strong> ist das perfekte <strong>Kaninchenheim<\/strong> f\u00fcr Ihren kleinen Freund. Ihr Kaninchen wird es lieben, sich in diesem niedlichen <strong>Kaninchenhaus<\/strong> zu verstecken und auszuruhen. Buns verstecken sich im Allgemeinen gerne und f\u00fchlen sich sicher, wenn sie sich ausruhen. Sie m\u00f6chten au\u00dfer Sichtweite sein und nicht gest\u00f6rt werden. Dieser <strong>Kaninchenstall f\u00fcr drinnen<\/strong> ist die perfekte L\u00f6sung, damit sich Ihr Haustier in seiner Umgebung wohlf\u00fchlt.<\/p>\n<p><img fetchpriority=\"high\" decoding=\"async\" class=\"alignnone wp-image-7380\" src=\"https:\/\/mon-lapinnain.com\/wp-content\/uploads\/2021\/07\/cabane-pour-lapin.png\" alt=\"Kaninchen-Tipi\" width=\"600\" height=\"600\"><\/p>\n<h2><b>Ein hochwertiger Kaninchenstall<\/b><\/h2>\n<p>Dieses <strong>Kaninchentipi<\/strong> ist aus hochwertigem Baumwolltuch gefertigt und die Beine des Zubeh\u00f6rs sind aus Kiefernholz. Au\u00dferdem hat er ein bequemes Baumwollkissen, auf dem Ihr Kaninchen liegen kann. Dieses <strong>Kaninchenversteck<\/strong> im Boho-Stil verleiht Ihrem Zuhause einen dekorativen Touch. Sie k\u00f6nnen es direkt in Ihrem Kaninchenstall aufstellen. Sie k\u00f6nnen diesen sch\u00f6nen Unterschlupf auch im Wohnzimmer aufstellen und Ihr Holland Lop wird seinen eigenen kleinen Ruheplatz haben.<\/p>\n<p>Poms sind ein einfacher Weg, um jedem Haus, Spielzimmer oder Garten Stil zu verleihen. Dieser bezaubernde <strong>Luxus-Innenkaninchenstall<\/strong> ist das perfekte Versteck f\u00fcr Ihr Kaninchen. Der getuftete Hasenstoff macht dieses Tipi sehr weich.<\/p>\n<p><img decoding=\"async\" class=\"alignnone wp-image-7381\" src=\"https:\/\/mon-lapinnain.com\/wp-content\/uploads\/2021\/07\/Tipi-lapin-nain.png\" alt=\"Tipi f\u00fcr Kaninchen\" width=\"600\" height=\"600\"><\/p>\n<p><b>Mehr Details:  <\/b><\/p>\n<p><b>Gr\u00f6\u00dfe:<\/b><span style=\"font-weight: 400;\"> 50 cm x 50 cm x 70cm \/ 19,6&#8243; x 27,7&#8243;<br \/>\n<\/span><b>Farbe: <\/b><span style=\"font-weight: 400;\">Wei\u00df<br \/>\n<\/span><b>Materialien: <\/b><span style=\"font-weight: 400;\">Baumwolle + Holz<\/span><\/p>\n<p>Wenn Sie weitere Modelle f\u00fcr Ihren kleinen Begleiter entdecken m\u00f6chten, werfen Sie einen Blick auf unsere <a href=\"https:\/\/www.bunzyland.com\/de\/kaninchen-tipi\/\">Kaninchentipi-Kollektion<\/a>.<\/p>\n","protected":false},"excerpt":{"rendered":"<p>Kaninchen-Tipi mit Pompon: ein niedliches Versteck Das Kaninchen-Tipi &#8222;Rabbit World&#8220; mit Pompon ist das perfekte Kaninchenheim f\u00fcr Ihren kleinen Freund. Ihr Kaninchen wird es lieben, sich in diesem niedlichen Kaninchenhaus zu verstecken und auszuruhen. Buns verstecken sich im Allgemeinen gerne und f\u00fchlen sich sicher, wenn sie sich ausruhen. Sie m\u00f6chten au\u00dfer Sichtweite sein und nicht [&hellip;]<\/p>\n","protected":false},"featured_media":11245,"comment_status":"closed","ping_status":"closed","template":"","meta":{"_seopress_robots_primary_cat":"none","_seopress_titles_title":"","_seopress_titles_desc":"Das Kaninchen-Tipi mit Pompon ist das perfekte Kaninchenhaus f\u00fcr Ihren kleinen Freund. Ihr H\u00e4schen wird es lieben, sich in dieser niedlichen H\u00fctte zu verstecken und auszuruhen.","_seopress_robots_index":""},"product_brand":[],"product_cat":[169,179,175],"product_tag":[],"class_list":{"0":"post-12397","1":"product","2":"type-product","3":"status-publish","4":"has-post-thumbnail","6":"product_cat-hasenladen","7":"product_cat-kaninchen-tipi","8":"product_cat-kaninchenstall","10":"first","11":"instock","12":"taxable","13":"shipping-taxable","14":"purchasable","15":"product-type-simple"},"_links":{"self":[{"href":"https:\/\/www.bunzyland.com\/de\/wp-json\/wp\/v2\/product\/12397","targetHints":{"allow":["GET"]}}],"collection":[{"href":"https:\/\/www.bunzyland.com\/de\/wp-json\/wp\/v2\/product"}],"about":[{"href":"https:\/\/www.bunzyland.com\/de\/wp-json\/wp\/v2\/types\/product"}],"replies":[{"embeddable":true,"href":"https:\/\/www.bunzyland.com\/de\/wp-json\/wp\/v2\/comments?post=12397"}],"wp:featuredmedia":[{"embeddable":true,"href":"https:\/\/www.bunzyland.com\/de\/wp-json\/wp\/v2\/media\/11245"}],"wp:attachment":[{"href":"https:\/\/www.bunzyland.com\/de\/wp-json\/wp\/v2\/media?parent=12397"}],"wp:term":[{"taxonomy":"product_brand","embeddable":true,"href":"https:\/\/www.bunzyland.com\/de\/wp-json\/wp\/v2\/product_brand?post=12397"},{"taxonomy":"product_cat","embeddable":true,"href":"https:\/\/www.bunzyland.com\/de\/wp-json\/wp\/v2\/product_cat?post=12397"},{"taxonomy":"product_tag","embeddable":true,"href":"https:\/\/www.bunzyland.com\/de\/wp-json\/wp\/v2\/product_tag?post=12397"}],"curies":[{"name":"wp","href":"https:\/\/api.w.org\/{rel}","templated":true}]}}