{"id":12401,"date":"2024-02-19T15:56:27","date_gmt":"2024-02-19T14:56:27","guid":{"rendered":"https:\/\/bunzyland.com\/product\/rutschfeste-kaninchenmatte\/"},"modified":"2025-12-20T08:22:50","modified_gmt":"2025-12-20T07:22:50","slug":"rutschfeste-kaninchenmatte","status":"publish","type":"product","link":"https:\/\/www.bunzyland.com\/de\/produkt\/rutschfeste-kaninchenmatte\/","title":{"rendered":"Rutschfeste Kaninchenmatte"},"content":{"rendered":"<h2>Die rutschfeste Kaninchenmatte, die Komfort und Zweckm\u00e4\u00dfigkeit vereint<\/h2>\n<p>Egal, ob Ihr Kaninchen freilaufend oder halbfreilaufend ist, geben Sie ihm die <strong>rutschfeste Kaninchenmatte<\/strong>, die speziell f\u00fcr seine Lebensweise entwickelt wurde. Diese ebenso h\u00fcbsche wie praktische <strong>Bodenmatte<\/strong> f\u00fcgt sich harmonisch in den Raum Ihres Kaninchens ein und bietet ihm einen eigenen Platz f\u00fcr seine t\u00e4glichen Aktivit\u00e4ten. Diese<strong> Kaninchenspielmatte kann<\/strong>auch leicht als Boden f\u00fcr ein Gehege umfunktioniert werden, um Ihrem Kaninchen einen bequemen Platz zu bieten. Die weiche Oberfl\u00e4che ist perfekt f\u00fcr Ihr Kaninchen zum Ausruhen, Spielen und Herumtollen.<\/p>\n<p><img fetchpriority=\"high\" decoding=\"async\" class=\"alignnone wp-image-14113 size-full\" src=\"https:\/\/mon-lapinnain.com\/wp-content\/uploads\/2021\/11\/grand-tapis-lapin.gif\" alt=\"gro\u00dfe Kaninchenmatte\" width=\"415\" height=\"500\" \/><\/p>\n<p>Unsere <strong>Kaninchenmatte<\/strong> ist ein echter Gewinn f\u00fcr das Wohlbefinden Ihres Tieres, insbesondere f\u00fcr Kaninchen mit empfindlichen Pfoten. Die rutschfeste Beschichtung sorgt daf\u00fcr, dass die <strong>Matte<\/strong> fest an ihrem Platz bleibt, auch wenn Ihr Kaninchen vor Energie strotzt und herumrennt. Er wurde entwickelt, um die Verletzungsgefahr durch pl\u00f6tzliche Bewegungen zu verringern und so sicherzustellen, dass das Spielen immer ein sicheres und lustiges Vergn\u00fcgen bleibt. Seine leicht flauschige Textur ist au\u00dferdem ideal, um seine empfindlichen kleinen Pfoten gesund zu halten.<\/p>\n<p><img decoding=\"async\" class=\"alignnone wp-image-14114\" src=\"https:\/\/mon-lapinnain.com\/wp-content\/uploads\/2021\/11\/Tapis-pour-lapin-antiderapant.png\" alt=\"Rutschfeste Kaninchenmatte\" width=\"600\" height=\"600\" \/><\/p>\n<h3>Warum ein Teppich f\u00fcr Ihr Kaninchen?<\/h3>\n<p>Mit dieser <strong>rutschfesten Kaninchenmatte<\/strong> k\u00f6nnen Sie den Wohnraum Ihres kleinen Schatzes in einen echten Spielplatz verwandeln. Sie k\u00f6nnen die Katzentoilette, die H\u00fctte, das kuschelige Bett und die Fressn\u00e4pfe ganz einfach positionieren, um eine Umgebung zu schaffen, die perfekt auf seine Bed\u00fcrfnisse abgestimmt ist. Unsere <strong>Matte<\/strong> dient als ideale Unterlage, um den pers\u00f6nlichen Bereich Ihres Kaninchens zu organisieren und abzugrenzen, so dass es sich in seiner eigenen kleinen Welt sicher f\u00fchlen kann.<\/p>\n<p><img decoding=\"async\" class=\"alignnone wp-image-14120\" src=\"https:\/\/mon-lapinnain.com\/wp-content\/uploads\/2021\/11\/Tapis-pour-lapin-grand.png\" alt=\"Gro\u00dfe Kaninchenmatte\" width=\"600\" height=\"485\" \/><\/p>\n<p>Ihre Pflegeleichtigkeit ist ein unbestreitbarer Vorteil f\u00fcr alle Bunny-Eltern: Geben Sie sie einfach bei niedriger Temperatur (30\u00b0C) in die Waschmaschine und die <strong>Kaninchenmatte<\/strong> beh\u00e4lt ihre Griffigkeit und weiche Textur. Wie Sie sehen, ist es ein Muss, wenn Sie ein Kaninchen zu Hause haben. Es ist eine praktische und \u00e4sthetische L\u00f6sung, um den Lebensraum Ihres Kaninchens einzurichten. \ud83d\udc07\u2728\ud83c\udfe1 <strong> Merkmale <\/strong>:<\/p>\n<ul>\n<li>Materialien: Baumwolle<\/li>\n<li>Kaninchengehege-Matte<\/li>\n<li>Beugt Pododermatitis vor<\/li>\n<li>Gr\u00f6\u00dfe: Erh\u00e4ltlich in 3 Gr\u00f6\u00dfen<\/li>\n<li>Farbe : 2 verschiedene Kaninchendrucke (Blau \/ Rosa)<\/li>\n<li>Bei niedriger Temperatur ( 30\u00b0C ) waschen<\/li>\n<\/ul>\n<p><img loading=\"lazy\" decoding=\"async\" class=\"alignnone wp-image-14116\" src=\"https:\/\/mon-lapinnain.com\/wp-content\/uploads\/2021\/11\/Tapis-de-sol-pour-lapin.png\" alt=\"Fu\u00dfmatten f\u00fcr Kaninchen\" width=\"600\" height=\"600\" \/><\/p>\n<p>Entdecken Sie unsere Kollektion von<strong> Kaninchenmatten<\/strong>, die perfekt f\u00fcr den Komfort Ihres kleinen Begleiters sind, f\u00fcr einen angenehmen, geeigneten Spiel- oder Ruhebereich.<\/p>\n","protected":false},"excerpt":{"rendered":"<ul>\n<li>Kaninchenmatte<\/li>\n<li>Kaninchen Zubeh\u00f6r<\/li>\n<\/ul>\n","protected":false},"featured_media":11371,"comment_status":"closed","ping_status":"closed","template":"","meta":{"_seopress_robots_primary_cat":"none","_seopress_titles_title":"","_seopress_titles_desc":"","_seopress_robots_index":""},"product_brand":[],"product_cat":[169,195],"product_tag":[],"class_list":{"0":"post-12401","1":"product","2":"type-product","3":"status-publish","4":"has-post-thumbnail","6":"product_cat-hasenladen","7":"product_cat-kaninchen-matten","8":"product_shipping_class-ok-mondial-relais-de","10":"first","11":"instock","12":"taxable","13":"shipping-taxable","14":"purchasable","15":"product-type-variable","16":"has-default-attributes"},"_links":{"self":[{"href":"https:\/\/www.bunzyland.com\/de\/wp-json\/wp\/v2\/product\/12401","targetHints":{"allow":["GET"]}}],"collection":[{"href":"https:\/\/www.bunzyland.com\/de\/wp-json\/wp\/v2\/product"}],"about":[{"href":"https:\/\/www.bunzyland.com\/de\/wp-json\/wp\/v2\/types\/product"}],"replies":[{"embeddable":true,"href":"https:\/\/www.bunzyland.com\/de\/wp-json\/wp\/v2\/comments?post=12401"}],"wp:featuredmedia":[{"embeddable":true,"href":"https:\/\/www.bunzyland.com\/de\/wp-json\/wp\/v2\/media\/11371"}],"wp:attachment":[{"href":"https:\/\/www.bunzyland.com\/de\/wp-json\/wp\/v2\/media?parent=12401"}],"wp:term":[{"taxonomy":"product_brand","embeddable":true,"href":"https:\/\/www.bunzyland.com\/de\/wp-json\/wp\/v2\/product_brand?post=12401"},{"taxonomy":"product_cat","embeddable":true,"href":"https:\/\/www.bunzyland.com\/de\/wp-json\/wp\/v2\/product_cat?post=12401"},{"taxonomy":"product_tag","embeddable":true,"href":"https:\/\/www.bunzyland.com\/de\/wp-json\/wp\/v2\/product_tag?post=12401"}],"curies":[{"name":"wp","href":"https:\/\/api.w.org\/{rel}","templated":true}]}}