{"id":12411,"date":"2024-02-19T15:56:31","date_gmt":"2024-02-19T14:56:31","guid":{"rendered":"https:\/\/bunzyland.com\/product\/kaninchen-kuehlmatte-wasserdicht\/"},"modified":"2025-09-12T17:22:21","modified_gmt":"2025-09-12T15:22:21","slug":"kaninchen-kuehlmatte-wasserdicht","status":"publish","type":"product","link":"https:\/\/www.bunzyland.com\/de\/produkt\/kaninchen-kuehlmatte-wasserdicht\/","title":{"rendered":"Kaninchen K\u00fchlmatte wasserdicht"},"content":{"rendered":"<h2><b>Die Kaninchenk\u00fchlmatte, die k\u00fchl bleibt und wasserdicht ist<\/b><\/h2>\n<p><span style=\"font-weight: 400;\">Diese <strong>wasserdichte Kaninchenk\u00fchlmatte <\/strong><\/span>ist die L\u00f6sung, um Ihr kleines Kaninchen von der Hitze zu befreien! Kaninchen sind an gem\u00e4\u00dfigte bis kalte Temperaturen gew\u00f6hnt, daher ist es ratsam, Ihr Kaninchen in einer k\u00fchlen Umgebung zu halten. W\u00e4hrend der hei\u00dfesten Tage des Sommers sollten Sie das Verhalten Ihres Haustieres genau im Auge behalten. Dieses <strong>Kaninchenk\u00fchlkissen<\/strong> ist die L\u00f6sung, um Ihr Kaninchen von der Hitze zu befreien! Es besteht aus einem leichten Material mit einem perforierten System, das die Oberfl\u00e4che nat\u00fcrlich k\u00fchl h\u00e4lt. Er h\u00e4lt Ihr Haustier k\u00fchl und bietet einen bequemen Platz. Lassen Sie Ihren Holland Lop Spa\u00df haben und entspannen Sie sich auf der k\u00fchlenden Kaninchenmatte, die idealerweise im Schatten liegt. Es wird empfohlen, die <strong>Kaninchenmatte<\/strong> nicht in die Sonne zu legen.<\/p>\n<p>Das <strong>Kaninchenbett<\/strong> hat einen rutschfesten Boden und ist sehr leicht zu reinigen. Sie k\u00f6nnen es einfach von Hand mit Wasser und Seife waschen. F\u00fcr eine bessere Hygiene k\u00f6nnen Sie ihn an den Tagen, an denen Sie ihn verwenden, auch mit einem feuchten Tuch abwischen.<\/p>\n<p><img fetchpriority=\"high\" decoding=\"async\" class=\"alignnone wp-image-7364\" src=\"https:\/\/mon-lapinnain.com\/wp-content\/uploads\/2021\/07\/Tapis-rafraichissant-pour-lapin-antiderapant.jpg\" alt=\"K\u00fchlmatte f\u00fcr Kaninchen\" width=\"600\" height=\"600\"><\/p>\n<ul class=\"ul1\">\n<li>K\u00fchlmatte<\/li>\n<li>Leicht und langlebig<\/li>\n<li>Rutschfester Boden<\/li>\n<li>Leicht zu waschen<\/li>\n<li>Frei von Gel (Gel ist schlecht f\u00fcr Ihr Kaninchen)<\/li>\n<\/ul>\n<p>Tipp: F\u00fcr noch mehr Frische k\u00f6nnen Sie das Kissen in den K\u00fchlschrank legen, um es l\u00e4nger frisch zu halten.<\/p>\n<p><img decoding=\"async\" class=\"alignnone wp-image-7366\" src=\"https:\/\/mon-lapinnain.com\/wp-content\/uploads\/2021\/07\/Tapis-rafraichissant-pour-lapin-waterproof.jpg\" alt=\"Sommer-Kaninchenmatte\" width=\"600\" height=\"600\"><\/p>\n<p class=\"p4\"><strong><span class=\"s1\"> <\/span><\/strong><\/p>\n<p><b>Mehr Details:<\/b><\/p>\n<p><span style=\"font-weight: 400;\">Sier : 54cm x 40cm \/ 21,2&#8243; x 15,7&#8243;<\/span><\/p>\n<p class=\"p4\"><span style=\"font-weight: 400;\">Farbe : Es gibt 3 Designs f\u00fcr dieses <strong>Kaninchen <\/strong><\/span><b>Bett<\/b><span style=\"font-weight: 400;\">, alle mit bunten Obstmotiven. W\u00e4hlen Sie Ihr Lieblingsmodell und Ihre Lieblingsfarbe aus diesen drei Designs (t\u00fcrkis, rosa oder gelb).<\/span><\/p>\n<p class=\"p4\"><strong><span class=\"s1\"> <\/span><\/strong><\/p>\n<p>Damit Ihr Kaninchen an hei\u00dfen Tagen k\u00fchl bleibt, sehen Sie sich unsere Auswahl an <a href=\"https:\/\/www.rabbit-world.com\/product-category\/rabbit-cooling-mat\/\">k\u00fchlenden Kaninchenmatten<\/a> an, die speziell f\u00fcr sein thermisches Wohlbefinden entwickelt wurden.<\/p>\n","protected":false},"excerpt":{"rendered":"<p>Die Kaninchenk\u00fchlmatte, die k\u00fchl bleibt und wasserdicht ist Diese wasserdichte Kaninchenk\u00fchlmatte ist die L\u00f6sung, um Ihr kleines Kaninchen von der Hitze zu befreien! Kaninchen sind an gem\u00e4\u00dfigte bis kalte Temperaturen gew\u00f6hnt, daher ist es ratsam, Ihr Kaninchen in einer k\u00fchlen Umgebung zu halten. W\u00e4hrend der hei\u00dfesten Tage des Sommers sollten Sie das Verhalten Ihres Haustieres [&hellip;]<\/p>\n","protected":false},"featured_media":11267,"comment_status":"closed","ping_status":"closed","template":"","meta":{"_seopress_robots_primary_cat":"none","_seopress_titles_title":"","_seopress_titles_desc":"Die wasserdichte Kaninchenk\u00fchlmatte ist sehr praktisch, um einen Hitzschlag zu verhindern. Wie kann man Kaninchen im Sommer k\u00fchl halten? W\u00e4hlen Sie dieses Kaninchenbett","_seopress_robots_index":""},"product_brand":[],"product_cat":[169,207,195,193],"product_tag":[],"class_list":{"0":"post-12411","1":"product","2":"type-product","3":"status-publish","4":"has-post-thumbnail","6":"product_cat-hasenladen","7":"product_cat-kaninchen-kuhlmatte","8":"product_cat-kaninchen-matten","9":"product_cat-kaninchenbett","11":"first","12":"outofstock","13":"taxable","14":"shipping-taxable","15":"purchasable","16":"product-type-variable","17":"has-default-attributes"},"_links":{"self":[{"href":"https:\/\/www.bunzyland.com\/de\/wp-json\/wp\/v2\/product\/12411","targetHints":{"allow":["GET"]}}],"collection":[{"href":"https:\/\/www.bunzyland.com\/de\/wp-json\/wp\/v2\/product"}],"about":[{"href":"https:\/\/www.bunzyland.com\/de\/wp-json\/wp\/v2\/types\/product"}],"replies":[{"embeddable":true,"href":"https:\/\/www.bunzyland.com\/de\/wp-json\/wp\/v2\/comments?post=12411"}],"wp:featuredmedia":[{"embeddable":true,"href":"https:\/\/www.bunzyland.com\/de\/wp-json\/wp\/v2\/media\/11267"}],"wp:attachment":[{"href":"https:\/\/www.bunzyland.com\/de\/wp-json\/wp\/v2\/media?parent=12411"}],"wp:term":[{"taxonomy":"product_brand","embeddable":true,"href":"https:\/\/www.bunzyland.com\/de\/wp-json\/wp\/v2\/product_brand?post=12411"},{"taxonomy":"product_cat","embeddable":true,"href":"https:\/\/www.bunzyland.com\/de\/wp-json\/wp\/v2\/product_cat?post=12411"},{"taxonomy":"product_tag","embeddable":true,"href":"https:\/\/www.bunzyland.com\/de\/wp-json\/wp\/v2\/product_tag?post=12411"}],"curies":[{"name":"wp","href":"https:\/\/api.w.org\/{rel}","templated":true}]}}