{"id":12414,"date":"2024-02-19T15:56:33","date_gmt":"2024-02-19T14:56:33","guid":{"rendered":"https:\/\/bunzyland.com\/product\/xxl-kaninchengehege\/"},"modified":"2026-03-04T06:06:53","modified_gmt":"2026-03-04T05:06:53","slug":"xxl-kaninchengehege","status":"publish","type":"product","link":"https:\/\/www.bunzyland.com\/de\/produkt\/xxl-kaninchengehege\/","title":{"rendered":"XXL Kaninchengehege"},"content":{"rendered":"<div class=\"detailmodule_html\">\n<div class=\"detail-desc-decorate-richtext\">\n<div class=\"custom-tempate-content\">\n<h2>Das XXL-Kaninchengehege: Die ideale L\u00f6sung<\/h2>\n<p>Ein gl\u00fcckliches Kaninchen ist ein Kaninchen, das sich in seiner Umgebung wohl f\u00fchlt. Ihr Kaninchen braucht Platz, um zu rennen, zu spielen und sein Kaninchenleben in v\u00f6lliger Sicherheit zu leben. Das <strong>XXL-Kaninchengehege<\/strong> ist die ideale L\u00f6sung f\u00fcr eine Lebensqualit\u00e4t, die diesen Namen auch verdient. Dieses <strong>modulare Gehege<\/strong> kann leicht auf zwei Ebenen oder auf einer Ebene f\u00fcr einen noch gr\u00f6\u00dferen Kaninchenauslauf aufgebaut werden. Dieses Innengehege ist auch f\u00fcr mehrere Kaninchen geeignet.<\/p>\n<p><img fetchpriority=\"high\" decoding=\"async\" class=\"alignnone wp-image-16756\" src=\"https:\/\/mon-lapinnain.com\/wp-content\/uploads\/2021\/07\/enclos-pour-lapin-modulable-XL.jpg\" alt=\"XXL Kaninchengehege\" width=\"600\" height=\"600\"><\/p>\n<p>Ihr Kaninchen muss nicht in einem K\u00e4fig leben! Entgegen der landl\u00e4ufigen Meinung ist das Kaninchen ein Tier, das ziemlich viel Platz braucht.<\/p>\n<h2><img decoding=\"async\" class=\"alignnone wp-image-16755\" src=\"https:\/\/mon-lapinnain.com\/wp-content\/uploads\/2021\/07\/enclos-lapin-xxl-grand.jpg\" alt=\"Kaninchengehege\" width=\"600\" height=\"600\"><\/h2>\n<\/div>\n<h2><\/h2>\n<div class=\"custom-tempate-content\">\n<h2>Das einfach zu montierende Kaninchengehege<\/h2>\n<p>Das <strong>XXL-Kaninchengehege<\/strong> besteht aus 36 Platten. Der Zusammenbau ist einfach und macht Spa\u00df, dank der mitgelieferten Verbindungsst\u00fccke. Sie k\u00f6nnen auch eine Hanfmatte hinzuf\u00fcgen, damit Ihr Kaninchen die zweite Etage des Geheges genie\u00dfen kann. Sie k\u00f6nnen auch Zubeh\u00f6r und ein Kaninchenhaus hinzuf\u00fcgen, damit Ihr Kaninchen sich verstecken und in Ruhe ausruhen kann.<\/p>\n<p><strong>Merkmale:<\/strong><\/p>\n<ul>\n<li>Kaninchenstall<\/li>\n<li>Modulares Kaninchengehege<\/li>\n<li>Anzahl der Paneele: 36 Paneele einschlie\u00dflich 2 Gittern<\/li>\n<li>Gr\u00f6\u00dfe des Paneels: H 35 x B 35 c<\/li>\n<li>Materialien: Metall<\/li>\n<li>Farbe: Schwarz oder Wei\u00df<\/li>\n<\/ul>\n<p><img decoding=\"async\" class=\"alignnone wp-image-7399\" src=\"https:\/\/mon-lapinnain.com\/wp-content\/uploads\/2021\/07\/enclos-a%CC%80-lapin.jpg\" alt=\"XXL Kaninchengehege\" width=\"600\" height=\"600\"><\/p>\n<\/div><\/div>\n<\/p><\/div>\n","protected":false},"excerpt":{"rendered":"<ul>\n<li>Modulares Geh\u00e4use<\/li>\n<li>Gro\u00dfer Kaninchenlaufstall<\/li>\n<li>Mehrere Layouts m\u00f6glich<\/li>\n<\/ul>\n","protected":false},"featured_media":11213,"comment_status":"closed","ping_status":"closed","template":"","meta":{"_seopress_robots_primary_cat":"none","_seopress_titles_title":"","_seopress_titles_desc":"","_seopress_robots_index":""},"product_brand":[],"product_cat":[169,180],"product_tag":[],"class_list":{"0":"post-12414","1":"product","2":"type-product","3":"status-publish","4":"has-post-thumbnail","6":"product_cat-hasenladen","7":"product_cat-kaninchen-laufstall","8":"product_shipping_class-nicht-vorbeikommen-an-mondial-relais","10":"first","11":"instock","12":"taxable","13":"shipping-taxable","14":"purchasable","15":"product-type-simple"},"_links":{"self":[{"href":"https:\/\/www.bunzyland.com\/de\/wp-json\/wp\/v2\/product\/12414","targetHints":{"allow":["GET"]}}],"collection":[{"href":"https:\/\/www.bunzyland.com\/de\/wp-json\/wp\/v2\/product"}],"about":[{"href":"https:\/\/www.bunzyland.com\/de\/wp-json\/wp\/v2\/types\/product"}],"replies":[{"embeddable":true,"href":"https:\/\/www.bunzyland.com\/de\/wp-json\/wp\/v2\/comments?post=12414"}],"wp:featuredmedia":[{"embeddable":true,"href":"https:\/\/www.bunzyland.com\/de\/wp-json\/wp\/v2\/media\/11213"}],"wp:attachment":[{"href":"https:\/\/www.bunzyland.com\/de\/wp-json\/wp\/v2\/media?parent=12414"}],"wp:term":[{"taxonomy":"product_brand","embeddable":true,"href":"https:\/\/www.bunzyland.com\/de\/wp-json\/wp\/v2\/product_brand?post=12414"},{"taxonomy":"product_cat","embeddable":true,"href":"https:\/\/www.bunzyland.com\/de\/wp-json\/wp\/v2\/product_cat?post=12414"},{"taxonomy":"product_tag","embeddable":true,"href":"https:\/\/www.bunzyland.com\/de\/wp-json\/wp\/v2\/product_tag?post=12414"}],"curies":[{"name":"wp","href":"https:\/\/api.w.org\/{rel}","templated":true}]}}