{"id":12424,"date":"2024-02-19T15:56:29","date_gmt":"2024-02-19T14:56:29","guid":{"rendered":"https:\/\/bunzyland.com\/product\/kaninchen-heufuttertasche\/"},"modified":"2025-09-12T17:21:59","modified_gmt":"2025-09-12T15:21:59","slug":"kaninchen-heufuttertasche","status":"publish","type":"product","link":"https:\/\/www.bunzyland.com\/de\/produkt\/kaninchen-heufuttertasche\/","title":{"rendered":"Kaninchen Heufuttertasche"},"content":{"rendered":"<h2><b>Kaninchenheuf\u00fctterung: eine praktische Tasche und wirtschaftlich<\/b><\/h2>\n<p>Sind Sie es leid, dass Ihr Kaninchen oder Ihr Holland Lop Heu verschwendet? Der <strong>Kaninchen-Heufutterbeutel<\/strong> ist die Anti-Abfall-L\u00f6sung! F\u00fcllen Sie die<strong> Kaninchenheuraufe<\/strong> bis oben hin und Ihr Haustier wird es genie\u00dfen, aus diesem lustigen neuen Accessoire zu fressen. Der Anti-Abfall-Heuhalter macht Ihr Leben so viel einfacher! Kein Heu mehr \u00fcberall!<\/p>\n<p>Es ist eine sicherere, sauberere und kosteng\u00fcnstigere L\u00f6sung f\u00fcr Ihr Kaninchen. Es ist nicht empfehlenswert, Heu auf dem Boden liegen zu lassen, da es durch Ihr kleines Haustier verschmutzt werden kann, was nicht sehr hygienisch ist. Auch Ihr Kaninchen braucht den ganzen Tag \u00fcber Heu, und mit diesem Beutel ist das Auff\u00fcllen ganz einfach.<\/p>\n<p><img fetchpriority=\"high\" decoding=\"async\" class=\"alignnone wp-image-7683\" src=\"https:\/\/mon-lapinnain.com\/wp-content\/uploads\/2021\/09\/Sac-a%CC%80-foin-jaune.jpg\" alt=\"Kaninchen Heufuttertasche\" width=\"600\" height=\"600\"><\/p>\n<h2><b>Die <span data-sheets-value=\"{\"1\":2,\"2\":\"rabbit hay rack\"}\" data-sheets-userformat=\"{\"2\":25281,\"3\":{\"1\":0},\"9\":1,\"10\":1,\"12\":0,\"16\":11,\"17\":1}\">Kaninchenheuraufe<\/span> f\u00fcr das Einstreutraining<\/b><\/h2>\n<p>Legen Sie den<strong> Heusack f\u00fcr Kaninchen<\/strong> in den Stall oder direkt \u00fcber die Toilette, denn Kaninchen fressen gerne Heu, w\u00e4hrend sie pinkeln und kacken. Hier ist ein Tipp f\u00fcr das T\u00f6pfchentraining von Kaninchen. Um Ihr Kaninchen davon abzuhalten, anderswo zu kacken, muss es den Reflex bekommen, zu gehen. Die <strong>Kaninchentr\u00e4nke<\/strong> hilft Ihrem Kaninchen zu verstehen, dass die Toilette ein sch\u00f6ner Ort ist, an den es gehen kann.<\/p>\n<h2>Niedliche Heutasche<\/h2>\n<p>Der <strong>Heuhalter<\/strong> ist in 3 verschiedenen Farben erh\u00e4ltlich. Er l\u00e4sst sich mit 2 Metallhaken leicht an den Gitterst\u00e4ben des K\u00e4figs oder des Geheges befestigen.<\/p>\n<p><b>Mehr Details:<\/b><\/p>\n<ul>\n<li aria-level=\"1\">Baumwolle<\/li>\n<li aria-level=\"1\">Gr\u00f6\u00dfe: 33cm lang x 24cm hoch x 5,5cm breit \/ 13&#8243; l x 9,4&#8243; h x 2,1&#8243; w<\/li>\n<li aria-level=\"1\">Gelb<\/li>\n<\/ul>\n","protected":false},"excerpt":{"rendered":"<ul>\n<li aria-level=\"1\">Hasenfutter<\/li>\n<li aria-level=\"1\">Kaninchen Heufutterautomat<\/li>\n<li aria-level=\"1\">Kaninchen aufs T\u00f6pfchen setzen<\/li>\n<\/ul>\n","protected":false},"featured_media":11313,"comment_status":"closed","ping_status":"closed","template":"","meta":{"_seopress_robots_primary_cat":"none","_seopress_titles_title":"","_seopress_titles_desc":"Die Kaninchen-Heufuttertasche ist das unverzichtbare Zubeh\u00f6r f\u00fcr Kaninchen, um Abfall zu vermeiden und Sauberkeit zu lernen. Perfekt f\u00fcr das Wurftraining von Kaninchen.","_seopress_robots_index":""},"product_brand":[],"product_cat":[173,169,199,189],"product_tag":[],"class_list":{"0":"post-12424","1":"product","2":"type-product","3":"status-publish","4":"has-post-thumbnail","6":"product_cat-angebote","7":"product_cat-hasenladen","8":"product_cat-heuspender-kaninchen","9":"product_cat-kaninchen-zubehoer","11":"first","12":"instock","13":"sale","14":"taxable","15":"shipping-taxable","16":"purchasable","17":"product-type-simple"},"_links":{"self":[{"href":"https:\/\/www.bunzyland.com\/de\/wp-json\/wp\/v2\/product\/12424","targetHints":{"allow":["GET"]}}],"collection":[{"href":"https:\/\/www.bunzyland.com\/de\/wp-json\/wp\/v2\/product"}],"about":[{"href":"https:\/\/www.bunzyland.com\/de\/wp-json\/wp\/v2\/types\/product"}],"replies":[{"embeddable":true,"href":"https:\/\/www.bunzyland.com\/de\/wp-json\/wp\/v2\/comments?post=12424"}],"wp:featuredmedia":[{"embeddable":true,"href":"https:\/\/www.bunzyland.com\/de\/wp-json\/wp\/v2\/media\/11313"}],"wp:attachment":[{"href":"https:\/\/www.bunzyland.com\/de\/wp-json\/wp\/v2\/media?parent=12424"}],"wp:term":[{"taxonomy":"product_brand","embeddable":true,"href":"https:\/\/www.bunzyland.com\/de\/wp-json\/wp\/v2\/product_brand?post=12424"},{"taxonomy":"product_cat","embeddable":true,"href":"https:\/\/www.bunzyland.com\/de\/wp-json\/wp\/v2\/product_cat?post=12424"},{"taxonomy":"product_tag","embeddable":true,"href":"https:\/\/www.bunzyland.com\/de\/wp-json\/wp\/v2\/product_tag?post=12424"}],"curies":[{"name":"wp","href":"https:\/\/api.w.org\/{rel}","templated":true}]}}