{"id":12427,"date":"2024-02-19T15:56:32","date_gmt":"2024-02-19T14:56:32","guid":{"rendered":"https:\/\/bunzyland.com\/product\/vorleger-fuer-kaninchen\/"},"modified":"2025-09-12T17:22:22","modified_gmt":"2025-09-12T15:22:22","slug":"vorleger-fuer-kaninchen","status":"publish","type":"product","link":"https:\/\/www.bunzyland.com\/de\/produkt\/vorleger-fuer-kaninchen\/","title":{"rendered":"Vorleger f\u00fcr Kaninchen"},"content":{"rendered":"<h2 class=\"p1\"><b>Teppich f\u00fcr Kaninchen: eine orthop\u00e4dische Ged\u00e4chtnismatte<\/b><\/h2>\n<p>Mit seinem pl\u00fcschartigen Fell ist dieser <strong>Teppich f\u00fcr Kaninchen<\/strong> dick, weich und kuschelig. Ihr Kaninchen wird diesen Komfort sicher zu sch\u00e4tzen wissen. Mit seiner Polsterung aus Memory-Schaumstoff passt er sich dem K\u00f6rper Ihres Kaninchens an und gibt ihm das bestm\u00f6gliche Gef\u00fchl. Anstatt sich ein kuscheliges Pl\u00e4tzchen zwischen Decken und Plaids oder zwischen den Kissen auf der Couch zu suchen, hat Ihr kleiner Freund jetzt seine eigene <strong>Kaninchenmatte<\/strong>!<\/p>\n<p class=\"p1\"><span class=\"s1\"><span style=\"font-weight: 400;\">Sie ist leicht erh\u00f6ht: zwischen 5 und 10 cm (1,9&#8243; und 3,9&#8243;), je nach Gr\u00f6\u00dfe. Ihr Kaninchen wird einen sicheren Platz zum Spielen und Schlafen haben. Kurzum, dieser <strong>Kaninchenteppich<\/strong> wird ein gem\u00fctlicher Ort sein, der zu 100% f\u00fcr Ihr Zwergkaninchen oder Ihren Holland Lop entworfen wurde! Es ist der ideale Ort f\u00fcr Ihr Kaninchen, um sich auszuruhen und seine kleinen Muskeln zu entspannen.<\/span><\/span><\/p>\n<p><img fetchpriority=\"high\" decoding=\"async\" class=\"alignnone wp-image-7385\" src=\"https:\/\/mon-lapinnain.com\/wp-content\/uploads\/2021\/07\/Tapis-pour-lapin_sure%CC%81leve%CC%81.jpg\" alt=\"Fu\u00dfmatten f\u00fcr Kaninchen\" width=\"600\" height=\"600\"><\/p>\n<p><span style=\"font-weight: 400;\">Die <\/span><b>Kaninchenmatte<\/b><span style=\"font-weight: 400;\">  ist aus Materialien hergestellt, die f\u00fcr Ihr Haustier ungiftig sind. Es ist daher sicher f\u00fcr die Gesundheit Ihres Haustieres. Der Bezug ist vollst\u00e4ndig abnehmbar, so dass er im Falle eines Unfalls leicht gewaschen werden kann. Au\u00dferdem hat er einen rutschfesten Boden.<\/span><\/p>\n<ul>\n<li style=\"font-weight: 400;\" aria-level=\"1\"><span style=\"font-weight: 400;\">Ultra-weicher Pl\u00fcschteppich<\/span><\/li>\n<li style=\"font-weight: 400;\" aria-level=\"1\"><span style=\"font-weight: 400;\">Ungiftiges Material<\/span><\/li>\n<li style=\"font-weight: 400;\" aria-level=\"1\"><span style=\"font-weight: 400;\">Rutschfester Boden<\/span><\/li>\n<li style=\"font-weight: 400;\" aria-level=\"1\"><span style=\"font-weight: 400;\">Vollst\u00e4ndig abnehmbar und leicht zu waschen<\/span><\/li>\n<\/ul>\n<p><img decoding=\"async\" class=\"alignnone wp-image-7384\" src=\"https:\/\/mon-lapinnain.com\/wp-content\/uploads\/2021\/07\/Tapis-pour-lapin_memoire-de-forme.jpg\" alt=\"Fu\u00dfmatten f\u00fcr Kaninchen\" width=\"600\" height=\"600\"><\/p>\n<p class=\"p3\"><strong><span class=\"s1\"> <\/span><\/strong><\/p>\n<p><strong>Mehr Details zu diesem Kaninchen-Bodenbelag:<\/strong><\/p>\n<p><b>Gr\u00f6\u00dfe:<\/b> <span style=\"font-weight: 400;\">M : 50 cm x 40 cm x 5 cm \/ 19,6&#8243; x 15,7 x 1,9&#8243;<\/span><\/p>\n<p class=\"p3\"><strong><span class=\"s1\"><b>Farbe :<\/b><span style=\"font-weight: 400;\"> Dieses Modell ist in zwei Farben erh\u00e4ltlich: grau oder braun.<\/span><\/span><\/strong><\/p>\n<p class=\"p3\"><strong><span class=\"s1\"> <\/span><\/strong><\/p>\n<p>Entdecken Sie unsere Kollektion von <a href=\"https:\/\/www.bunzyland.com\/de\/kaninchen-matten\/\">Kaninchenmatten<\/a>, die perfekt f\u00fcr den Komfort Ihres kleinen Begleiters sind, f\u00fcr einen angenehmen und geeigneten Spiel- oder Ruhebereich.<\/p>\n","protected":false},"excerpt":{"rendered":"<ul>\n<li>Kaninchenmatte<\/li>\n<li>Bett f\u00fcr Kaninchen<\/li>\n<li>Bequem<\/li>\n<\/ul>\n","protected":false},"featured_media":11259,"comment_status":"closed","ping_status":"closed","template":"","meta":{"_seopress_robots_primary_cat":"none","_seopress_titles_title":"","_seopress_titles_desc":"Dieser bequeme Teppich f\u00fcr Kaninchen it's a rabbit mat bietet Ihrem Kaninchen einen sch\u00f6nen, ruhigen Platz f\u00fcr den Abend oder die Nacht.","_seopress_robots_index":""},"product_brand":[],"product_cat":[169,195,193],"product_tag":[],"class_list":{"0":"post-12427","1":"product","2":"type-product","3":"status-publish","4":"has-post-thumbnail","6":"product_cat-hasenladen","7":"product_cat-kaninchen-matten","8":"product_cat-kaninchenbett","10":"first","11":"outofstock","12":"taxable","13":"shipping-taxable","14":"purchasable","15":"product-type-variable","16":"has-default-attributes"},"_links":{"self":[{"href":"https:\/\/www.bunzyland.com\/de\/wp-json\/wp\/v2\/product\/12427","targetHints":{"allow":["GET"]}}],"collection":[{"href":"https:\/\/www.bunzyland.com\/de\/wp-json\/wp\/v2\/product"}],"about":[{"href":"https:\/\/www.bunzyland.com\/de\/wp-json\/wp\/v2\/types\/product"}],"replies":[{"embeddable":true,"href":"https:\/\/www.bunzyland.com\/de\/wp-json\/wp\/v2\/comments?post=12427"}],"wp:featuredmedia":[{"embeddable":true,"href":"https:\/\/www.bunzyland.com\/de\/wp-json\/wp\/v2\/media\/11259"}],"wp:attachment":[{"href":"https:\/\/www.bunzyland.com\/de\/wp-json\/wp\/v2\/media?parent=12427"}],"wp:term":[{"taxonomy":"product_brand","embeddable":true,"href":"https:\/\/www.bunzyland.com\/de\/wp-json\/wp\/v2\/product_brand?post=12427"},{"taxonomy":"product_cat","embeddable":true,"href":"https:\/\/www.bunzyland.com\/de\/wp-json\/wp\/v2\/product_cat?post=12427"},{"taxonomy":"product_tag","embeddable":true,"href":"https:\/\/www.bunzyland.com\/de\/wp-json\/wp\/v2\/product_tag?post=12427"}],"curies":[{"name":"wp","href":"https:\/\/api.w.org\/{rel}","templated":true}]}}