{"id":12428,"date":"2024-02-19T15:56:31","date_gmt":"2024-02-19T14:56:31","guid":{"rendered":"https:\/\/bunzyland.com\/product\/kaninchentraeger\/"},"modified":"2025-10-02T18:26:03","modified_gmt":"2025-10-02T16:26:03","slug":"kaninchentraeger","status":"publish","type":"product","link":"https:\/\/www.bunzyland.com\/de\/produkt\/kaninchentraeger\/","title":{"rendered":"Kaninchentr\u00e4ger"},"content":{"rendered":"<h2><b>Kaninchentasche: eine praktische und passende Tasche<\/b><\/h2>\n<p>Haben Sie ein Kaninchen und fragen sich, wie Sie es in den Urlaub oder zum Tierarzt bringen k\u00f6nnen? Diese <strong>Kaninchentasche<\/strong> ist Ihre L\u00f6sung. Es ist bequem dank des inneren Fleecekissens, auf dem Ihr Kaninchen sitzen kann. Au\u00dferdem hat er kleine Netzfenster zur Bel\u00fcftung. Luft kann leicht eindringen und Ihr kleines Kaninchen kann hinaussehen. Die <strong>Kaninchentasche<\/strong> hat mehrere \u00d6ffnungen, durch die Ihr Haustier ein- und aussteigen kann: eine gro\u00dfe \u00d6ffnung auf der R\u00fcckseite wie eine T\u00fcr, eine kleinere an der Seite und schlie\u00dflich eine dritte \u00d6ffnung an der Oberseite der <strong>Kaninchentiertasche<\/strong>.<\/p>\n<p><img fetchpriority=\"high\" decoding=\"async\" class=\"alignnone wp-image-8981\" src=\"https:\/\/mon-lapinnain.com\/wp-content\/uploads\/2021\/08\/sac-de-transport-lapin-1.jpg\" alt=\"Kaninchen Tragetasche\" width=\"600\" height=\"600\"><\/p>\n<h3><b>Eine Kaninchentasche: Bequem und leicht zu pflegen<\/b><\/h3>\n<p>Die Innenmatte kann zur einfachen Reinigung vollst\u00e4ndig entfernt werden. Der <strong>Hasenanh\u00e4nger<\/strong> kann sogar in der Waschmaschine gewaschen werden. F\u00fcr den Transport hat der Polsterhalter zwei kurze Riemen und einen langen, verstellbaren und abnehmbaren Schulterriemen. Er kann auch an einem Rollkoffer befestigt werden, und mit dem Gurtsystem l\u00e4sst er sich bei Autofahrten am Sitz befestigen.<\/p>\n<p><img decoding=\"async\" class=\"alignnone wp-image-7459\" src=\"https:\/\/mon-lapinnain.com\/wp-content\/uploads\/2021\/08\/Sac-transport-lapin-nain.jpg\" alt=\"Kaninchen Tasche\" width=\"600\" height=\"413\"><\/p>\n<p>Au\u00dferdem ist der <strong>Kaninchentransporter<\/strong> mit reflektierenden Streifen f\u00fcr die Sicherheit in der Nacht ausgestattet.<\/p>\n<p>Und schlie\u00dflich ist die<strong> Hasentasche<\/strong> leicht zu verstauen: einmal gefaltet, nimmt sie keinen Platz mehr weg!<\/p>\n<ul>\n<li>Drei \u00d6ffnungen mit Rei\u00dfverschluss<\/li>\n<li>Herausnehmbare und maschinenwaschbare Innenmatte<\/li>\n<li>Kurze Griffe + verstellbarer und abnehmbarer Schultergurt<\/li>\n<\/ul>\n<p><img decoding=\"async\" class=\"alignnone wp-image-8982\" src=\"https:\/\/mon-lapinnain.com\/wp-content\/uploads\/2021\/08\/sac-transport-lapin-1.jpg\" alt=\"Kaninchentr\u00e4ger\" width=\"600\" height=\"600\"><\/p>\n<p><b>Mehr Details :<\/b><\/p>\n<p>Eine Gr\u00f6\u00dfe f\u00fcr alle: Sie ist 44,5 cm lang, 24 cm breit und 28 cm hoch (17,5&#8243; x 9,4&#8243; x 11&#8243;\u00b0). Es ist ratsam, einen <strong>Kaninchentransporter<\/strong> zu w\u00e4hlen, der kleiner ist als der \u00fcbliche Aufenthaltsort Ihres Kaninchens. Er sollte immer noch gro\u00df genug sein, damit Ihr Haustier bequem darin liegen und sich wohlf\u00fchlen kann.<\/p>\n<p>1 Farbe: Grau, Schwarz und Braun<\/p>\n","protected":false},"excerpt":{"rendered":"<ul>\n<li style=\"font-weight: 400;\" aria-level=\"1\"><span style=\"font-weight: 400;\">Hasen-Tragegestell<\/span><\/li>\n<li style=\"font-weight: 400;\" aria-level=\"1\"><span style=\"font-weight: 400;\">Bequem<\/span><\/li>\n<li style=\"font-weight: 400;\" aria-level=\"1\"><span style=\"font-weight: 400;\">F\u00fcr Reisen<\/span><\/li>\n<\/ul>\n","protected":false},"featured_media":11287,"comment_status":"closed","ping_status":"closed","template":"","meta":{"_seopress_robots_primary_cat":"none","_seopress_titles_title":"","_seopress_titles_desc":"Die Rabbit-Tragetasche ist eine bequeme und stilvolle Kaninchentragetasche. Ihr Kaninchen wird es auf all Ihren Reisen als sicheren Hafen empfinden!","_seopress_robots_index":""},"product_brand":[],"product_cat":[169,194,189],"product_tag":[],"class_list":{"0":"post-12428","1":"product","2":"type-product","3":"status-publish","4":"has-post-thumbnail","6":"product_cat-hasenladen","7":"product_cat-kaninchen-transportbox","8":"product_cat-kaninchen-zubehoer","9":"product_shipping_class-ok-mondial-relais-de","11":"first","12":"instock","13":"taxable","14":"shipping-taxable","15":"purchasable","16":"product-type-simple"},"_links":{"self":[{"href":"https:\/\/www.bunzyland.com\/de\/wp-json\/wp\/v2\/product\/12428","targetHints":{"allow":["GET"]}}],"collection":[{"href":"https:\/\/www.bunzyland.com\/de\/wp-json\/wp\/v2\/product"}],"about":[{"href":"https:\/\/www.bunzyland.com\/de\/wp-json\/wp\/v2\/types\/product"}],"replies":[{"embeddable":true,"href":"https:\/\/www.bunzyland.com\/de\/wp-json\/wp\/v2\/comments?post=12428"}],"wp:featuredmedia":[{"embeddable":true,"href":"https:\/\/www.bunzyland.com\/de\/wp-json\/wp\/v2\/media\/11287"}],"wp:attachment":[{"href":"https:\/\/www.bunzyland.com\/de\/wp-json\/wp\/v2\/media?parent=12428"}],"wp:term":[{"taxonomy":"product_brand","embeddable":true,"href":"https:\/\/www.bunzyland.com\/de\/wp-json\/wp\/v2\/product_brand?post=12428"},{"taxonomy":"product_cat","embeddable":true,"href":"https:\/\/www.bunzyland.com\/de\/wp-json\/wp\/v2\/product_cat?post=12428"},{"taxonomy":"product_tag","embeddable":true,"href":"https:\/\/www.bunzyland.com\/de\/wp-json\/wp\/v2\/product_tag?post=12428"}],"curies":[{"name":"wp","href":"https:\/\/api.w.org\/{rel}","templated":true}]}}