{"id":12435,"date":"2024-02-19T15:56:28","date_gmt":"2024-02-19T14:56:28","guid":{"rendered":"https:\/\/bunzyland.com\/product\/natuerliche-kaninchenmatte\/"},"modified":"2025-11-13T20:13:35","modified_gmt":"2025-11-13T19:13:35","slug":"natuerliche-kaninchenmatte","status":"publish","type":"product","link":"https:\/\/www.bunzyland.com\/de\/produkt\/natuerliche-kaninchenmatte\/","title":{"rendered":"Nat\u00fcrliche Kaninchenmatte"},"content":{"rendered":"<h2>Sisal Kaninchenmatte: Nat\u00fcrlich und bequem<\/h2>\n<p>Entdecken Sie die <strong>Kaninchenmatte Natural Rabbit Mat<\/strong>, die den Lebensraum Ihres Kaninchens verwandeln wird. Diese <strong>Matte<\/strong> ist kein einfaches <strong>Accessoire<\/strong>, sondern eine Einladung zur Ruhe f\u00fcr Ihren kleinen Schatz, ein Ort, an dem sich Ihr Kaninchen ausstrecken, auf die Seite legen und Momente der Entspannung genie\u00dfen kann. Mit ihrem eleganten Aussehen und ihrer angenehmen Textur bietet sie Ihrem Kaninchen eine gem\u00fctliche Bodenmatte, auf der es sich wohlf\u00fchlen kann.<\/p>\n<p><img fetchpriority=\"high\" decoding=\"async\" class=\"alignnone wp-image-13913\" src=\"https:\/\/mon-lapinnain.com\/wp-content\/uploads\/2021\/11\/tapis-pour-lapin-sisal.jpg\" alt=\"Sisal-Kaninchenmatte\" width=\"600\" height=\"600\"><\/p>\n<p>Diese<strong> Kaninchenmatte<\/strong> wurde mit gr\u00f6\u00dfter Sorgfalt f\u00fcr den Komfort Ihres Tieres entworfen. Es bietet eine beruhigende Oberfl\u00e4che f\u00fcr seine kleinen Pfoten und verleiht Ihrem Zuhause einen Hauch von nat\u00fcrlicher Eleganz. Seine beruhigende Pr\u00e4senz wird ein echter Orientierungspunkt f\u00fcr Ihr Kaninchen sein, ein Ort, den es erkennen und lieben wird.<\/p>\n<p><img decoding=\"async\" class=\"alignnone wp-image-13908\" src=\"https:\/\/mon-lapinnain.com\/wp-content\/uploads\/2021\/11\/tapis-pour-lapin-fond-de-cage.jpg\" alt=\"nat\u00fcrliche Kaninchenmatte\" width=\"600\" height=\"600\"><\/p>\n<h3>Eine Bodenmatte, die sich perfekt zum Kratzen und f\u00fcr Ihr H\u00e4schen eignet<\/h3>\n<p>Diese <strong>nat\u00fcrliche Kaninchenmatte<\/strong> ist viel mehr als nur ein Bett; sie ist ein Lebensraum, in dem Ihr Kaninchen seinen Lieblingsaktivit\u00e4ten nachgehen kann. Ob beim Knabbern an einem Lieblingsleckerbissen oder bei einem Nickerchen, diese Matte wird schnell zu seinem Lieblingsplatz. Seine Beschaffenheit und die Tatsache, dass er aus nat\u00fcrlichen Materialien hergestellt ist, f\u00f6rdern den Erkundungs- und Spieltrieb Ihres Kaninchens in v\u00f6lliger Sicherheit.<\/p>\n<p><img decoding=\"async\" class=\"alignnone wp-image-13910\" src=\"https:\/\/mon-lapinnain.com\/wp-content\/uploads\/2021\/11\/tapis-pour-lapin-nain-naturel.jpg\" alt=\"nat\u00fcrliche Kaninchenmatte Sisal\" width=\"600\" height=\"600\"><\/p>\n<p>Und wenn Ihr Kaninchen zu den Menschen geh\u00f6rt, die ihre Freude gerne mit fr\u00f6hlichen kleinen Kratzern ausdr\u00fccken, ist diese<strong> Bodenmatte<\/strong> ideal. Er kann ohne Probleme daran kratzen und knabbern, was ihn zum perfekten nat\u00fcrlichen Kratzbaum macht. Dieses <strong>Kaninchenzubeh\u00f6r<\/strong> wurde entwickelt, um die instinktiven Bed\u00fcrfnisse Ihres Gef\u00e4hrten zu befriedigen. Es bietet ihm eine gesunde und befriedigende Besch\u00e4ftigung f\u00fcr sein Kratzbed\u00fcrfnis.<\/p>\n<p>Dieser <strong>Sisalteppich<\/strong> l\u00e4sst sich leicht in jeder Ecke Ihres Zuhauses platzieren und ist zudem einfach zu pflegen. Er sorgt nicht nur f\u00fcr das Wohlbefinden Ihres ohrenbet\u00e4ubenden Freundes, sondern verleiht Ihrer Einrichtung auch einen nat\u00fcrlichen, \u00e4sthetischen Touch.\ud83d\udc07\u2728<\/p>\n<p><strong>Merkmale:<\/strong><\/p>\n<ul>\n<li aria-level=\"1\">Matten aus nat\u00fcrlichen Sisalfasern<\/li>\n<li aria-level=\"1\">Geeignete Beschichtung<\/li>\n<li aria-level=\"1\">Leicht in kaltem Wasser waschbar<\/li>\n<li aria-level=\"1\">Anti-Pododermatitis<\/li>\n<li aria-level=\"1\">Gr\u00f6\u00dfen: 50x80cm<\/li>\n<li aria-level=\"1\">Farbe: Nat\u00fcrlich (hellbraun)<\/li>\n<\/ul>\n<p><img loading=\"lazy\" decoding=\"async\" class=\"alignnone wp-image-8019 size-full\" src=\"https:\/\/mon-lapinnain.com\/wp-content\/uploads\/2021\/11\/Tapis-de-sol-pour-lapin.gif\" alt=\"Tapis de sol pour lapin\" width=\"300\" height=\"400\"><\/p>\n<p>Entdecken Sie unsere Kollektion von <strong>Kaninchenmatten<\/strong>, perfekt f\u00fcr den Komfort Ihres kleinen Begleiters, f\u00fcr einen angenehmen, geeigneten Spiel- oder Ruhebereich.<\/p>\n","protected":false},"excerpt":{"rendered":"<ul>\n<li>Fu\u00dfmatten f\u00fcr Kaninchen<\/li>\n<li>Anti-Pododermatitis<\/li>\n<\/ul>\n<p>&nbsp;<\/p>\n","protected":false},"featured_media":11339,"comment_status":"closed","ping_status":"closed","template":"","meta":{"_seopress_robots_primary_cat":"none","_seopress_titles_title":"","_seopress_titles_desc":"Entdecken Sie die Natural Rabbit Mat, das unverzichtbare Zubeh\u00f6r f\u00fcr Ihr Kaninchen. Auf dieser Matte kann er in aller Ruhe kratzen und knabbern.","_seopress_robots_index":""},"product_brand":[],"product_cat":[173,169,195,189],"product_tag":[],"class_list":{"0":"post-12435","1":"product","2":"type-product","3":"status-publish","4":"has-post-thumbnail","6":"product_cat-angebote","7":"product_cat-hasenladen","8":"product_cat-kaninchen-matten","9":"product_cat-kaninchen-zubehoer","10":"product_shipping_class-ok-mondial-relais-de","12":"first","13":"outofstock","14":"sale","15":"taxable","16":"shipping-taxable","17":"purchasable","18":"product-type-simple"},"_links":{"self":[{"href":"https:\/\/www.bunzyland.com\/de\/wp-json\/wp\/v2\/product\/12435","targetHints":{"allow":["GET"]}}],"collection":[{"href":"https:\/\/www.bunzyland.com\/de\/wp-json\/wp\/v2\/product"}],"about":[{"href":"https:\/\/www.bunzyland.com\/de\/wp-json\/wp\/v2\/types\/product"}],"replies":[{"embeddable":true,"href":"https:\/\/www.bunzyland.com\/de\/wp-json\/wp\/v2\/comments?post=12435"}],"wp:featuredmedia":[{"embeddable":true,"href":"https:\/\/www.bunzyland.com\/de\/wp-json\/wp\/v2\/media\/11339"}],"wp:attachment":[{"href":"https:\/\/www.bunzyland.com\/de\/wp-json\/wp\/v2\/media?parent=12435"}],"wp:term":[{"taxonomy":"product_brand","embeddable":true,"href":"https:\/\/www.bunzyland.com\/de\/wp-json\/wp\/v2\/product_brand?post=12435"},{"taxonomy":"product_cat","embeddable":true,"href":"https:\/\/www.bunzyland.com\/de\/wp-json\/wp\/v2\/product_cat?post=12435"},{"taxonomy":"product_tag","embeddable":true,"href":"https:\/\/www.bunzyland.com\/de\/wp-json\/wp\/v2\/product_tag?post=12435"}],"curies":[{"name":"wp","href":"https:\/\/api.w.org\/{rel}","templated":true}]}}