{"id":12437,"date":"2024-02-19T15:56:27","date_gmt":"2024-02-19T14:56:27","guid":{"rendered":"https:\/\/bunzyland.com\/product\/kaninchen-schuessel\/"},"modified":"2025-09-12T17:22:09","modified_gmt":"2025-09-12T15:22:09","slug":"kaninchen-schuessel","status":"publish","type":"product","link":"https:\/\/www.bunzyland.com\/de\/produkt\/kaninchen-schuessel\/","title":{"rendered":"Kaninchen Sch\u00fcssel"},"content":{"rendered":"<h2>Kaninchennapf: Die ideale Futterstelle<\/h2>\n<p>Der <strong>Kaninchennapf <\/strong>ist das perfekte <strong>Accessoire<\/strong> f\u00fcr Ihren kleinen Freund. Dieses <strong>Kaninchenfutter<\/strong> bietet viele Vorteile f\u00fcr Ihr kleines Kaninchen. Sie k\u00f6nnen darin Futter, Heu und Wasser aufbewahren. Machen Sie sich keine Sorgen, dass Ihr Haustier den Futternapf umkippt und den Stall \u00fcberschwemmt, denn dieser <strong>Kaninchennapf<\/strong> ist speziell so konstruiert, dass kein Wasser versch\u00fcttet wird. Das Futter ist aus schwerer Keramik gefertigt, damit Ihr Kaninchen seinen Stall nicht in eine Pf\u00fctze verwandelt!<\/p>\n<p>Ihr Kaninchen wird in der Lage sein, so viel zu fressen und zu trinken, wie es m\u00f6chte. Stellen Sie die <strong>Kaninchennapfschale<\/strong> in eine Ecke des Geheges, wenn m\u00f6glich gegen\u00fcber der Toilette, damit das Wasser sauber und sicher bleibt.<\/p>\n<p><img fetchpriority=\"high\" decoding=\"async\" class=\"alignnone wp-image-8083\" src=\"https:\/\/mon-lapinnain.com\/wp-content\/uploads\/2021\/11\/gamelle-lapin.jpg\" alt=\"Kaninchennapf\" width=\"600\" height=\"600\"><\/p>\n<p>Es gibt zwei <strong>N\u00e4pfe f\u00fcr Kaninchen<\/strong>, einen runden und einen dreieckigen. W\u00e4hlen Sie den, der Ihnen am besten gef\u00e4llt. Diese beiden Keramik-Futterautomaten mit ihren sch\u00f6nen Karottenmotiven passen perfekt in die Voliere Ihres Tieres. Dieser <strong>Futternapf f\u00fcr Kaninchen<\/strong> kann auch Heu, Salat oder die Pellets Ihres Kaninchens aufnehmen.<\/p>\n<h3><span data-sheets-value=\"{\"1\":2,\"2\":\"can rabbits drink out of a bowl\"}\" data-sheets-userformat=\"{\"2\":8897,\"3\":{\"1\":0},\"9\":1,\"10\":1,\"12\":0,\"16\":11}\">K\u00f6nnen Kaninchen aus einem Napf trinken?<\/span><\/h3>\n<p>Es ist besser, einen <strong>Kaninchennapf<\/strong> statt einer Flasche zu w\u00e4hlen. Die letztere Option ist viel besser an das Verhalten Ihres Kaninchens angepasst. Er bietet eine bessere Trinkposition und es besteht keine Gefahr, dass die Z\u00e4hne Ihres Kaninchens auf Dauer besch\u00e4digt werden.<\/p>\n<p><strong><br \/>\nMehr Details zu dieser Kaninchenf\u00fctterung:<\/strong><\/p>\n<ul>\n<li>Materialien: Schwere Keramik<\/li>\n<li>Formen: Rund oder Dreieck<\/li>\n<li>Dimension:<br \/>\nrunde Schale : D 13cm x H 6cm (D 5.1in x H 2.4in)<br \/>\nDreieckige Schale : L 10,5 x B 12 x H 5,5 cm (L 4.1in x B 4.7in x H 2.2in)<\/li>\n<\/ul>\n<p>Um das Wohlbefinden und den Komfort Ihres Kaninchens zu gew\u00e4hrleisten, entdecken Sie unser umfangreiches Angebot an <a href=\"https:\/\/www.bunzyland.com\/de\/kaninchen-zubehoer\/\">Kaninchenzubeh\u00f6r<\/a>, das auf alle seine Bed\u00fcrfnisse abgestimmt ist.<\/p>\n","protected":false},"excerpt":{"rendered":"<ul>\n<li>Gamelle lapin<\/li>\n<li>C\u00e9ramique<\/li>\n<\/ul>\n","protected":false},"featured_media":11365,"comment_status":"closed","ping_status":"closed","template":"","meta":{"_seopress_robots_primary_cat":"none","_seopress_titles_title":"","_seopress_titles_desc":"","_seopress_robots_index":""},"product_brand":[],"product_cat":[173,169,205,189],"product_tag":[],"class_list":{"0":"post-12437","1":"product","2":"type-product","3":"status-publish","4":"has-post-thumbnail","6":"product_cat-angebote","7":"product_cat-hasenladen","8":"product_cat-kaninchen-trinkflasche","9":"product_cat-kaninchen-zubehoer","10":"product_shipping_class-ok-mondial-relais-de","12":"first","13":"instock","14":"sale","15":"taxable","16":"shipping-taxable","17":"purchasable","18":"product-type-variable","19":"has-default-attributes"},"_links":{"self":[{"href":"https:\/\/www.bunzyland.com\/de\/wp-json\/wp\/v2\/product\/12437","targetHints":{"allow":["GET"]}}],"collection":[{"href":"https:\/\/www.bunzyland.com\/de\/wp-json\/wp\/v2\/product"}],"about":[{"href":"https:\/\/www.bunzyland.com\/de\/wp-json\/wp\/v2\/types\/product"}],"replies":[{"embeddable":true,"href":"https:\/\/www.bunzyland.com\/de\/wp-json\/wp\/v2\/comments?post=12437"}],"wp:featuredmedia":[{"embeddable":true,"href":"https:\/\/www.bunzyland.com\/de\/wp-json\/wp\/v2\/media\/11365"}],"wp:attachment":[{"href":"https:\/\/www.bunzyland.com\/de\/wp-json\/wp\/v2\/media?parent=12437"}],"wp:term":[{"taxonomy":"product_brand","embeddable":true,"href":"https:\/\/www.bunzyland.com\/de\/wp-json\/wp\/v2\/product_brand?post=12437"},{"taxonomy":"product_cat","embeddable":true,"href":"https:\/\/www.bunzyland.com\/de\/wp-json\/wp\/v2\/product_cat?post=12437"},{"taxonomy":"product_tag","embeddable":true,"href":"https:\/\/www.bunzyland.com\/de\/wp-json\/wp\/v2\/product_tag?post=12437"}],"curies":[{"name":"wp","href":"https:\/\/api.w.org\/{rel}","templated":true}]}}