{"id":12439,"date":"2024-02-19T15:56:30","date_gmt":"2024-02-19T14:56:30","guid":{"rendered":"https:\/\/bunzyland.com\/product\/regal-heu-kaninchen-fass\/"},"modified":"2025-09-12T17:21:58","modified_gmt":"2025-09-12T15:21:58","slug":"regal-heu-kaninchen-fass","status":"publish","type":"product","link":"https:\/\/www.bunzyland.com\/de\/produkt\/regal-heu-kaninchen-fass\/","title":{"rendered":"Regal Heu Kaninchen Fass"},"content":{"rendered":"<h2>Kaninchenheuraufe: das perfekte Accessoire f\u00fcr ihn<\/h2>\n<p>Dieser <strong>Kaninchenheufutterautomat<\/strong> ist ein unverzichtbares t\u00e4gliches <strong>Zubeh\u00f6r<\/strong> f\u00fcr Ihr Kaninchen. Im Gegensatz zu anderen <strong>Futterspendern<\/strong> aus Plastik oder Metall ist dieser <strong>Kaninchenheuspender<\/strong> aus Holz gefertigt, was ihn viel widerstandsf\u00e4higer und langlebiger macht. Diese <strong>Kaninchentr\u00e4nke<\/strong> ist ideal, um das Futter Ihres Kaninchens sauber und gesund zu halten. \u00d6ffnen Sie einfach den Deckel, f\u00fcllen Sie eine gro\u00dfz\u00fcgige Menge Heu ein und schlie\u00dfen Sie ihn. Ihr Liebling wird dieses appetitliche neue <strong>Accessoire<\/strong> bald entdecken.<\/p>\n<h2><img fetchpriority=\"high\" decoding=\"async\" class=\"alignnone wp-image-16005\" src=\"https:\/\/mon-lapinnain.com\/wp-content\/uploads\/2024\/01\/Tonneau-foin-lapin.png\" alt=\"Kaninchen Heutonne\" width=\"600\" height=\"600\"><\/h2>\n<p>F\u00fcr zus\u00e4tzlichen Spa\u00df und Unterhaltung k\u00f6nnen Sie die <strong>Kaninchen-Heutonne<\/strong> horizontal aufh\u00e4ngen. Ihr Kaninchen wird die Zeit seines Lebens haben. Wenn Ihr Kaninchen sein Heu knabbern m\u00f6chte, wird es das Fass wie einen <strong>Spender<\/strong> drehen. Ein neues <strong>Kaninchenspiel<\/strong>, das er lieben wird.<\/p>\n<h2><img decoding=\"async\" class=\"alignnone wp-image-15999\" src=\"https:\/\/mon-lapinnain.com\/wp-content\/uploads\/2024\/01\/Tonneau-ratelier-lapin.png\" alt=\"Kaninchengestell\" width=\"600\" height=\"600\"><\/h2>\n<h3>Warum ein Kaninchengestell?<\/h3>\n<p>F\u00fcr ein gesundes Kaninchen ist es wichtig, dass Ihr kleiner Freund <strong>jeden Tag Heu frisst<\/strong>. Es ist das Hauptnahrungsmittel des Kaninchens und es muss es jeden Tag in ziemlich gro\u00dfen Mengen fressen. Dieses Futter muss immer so viel gegeben werden, wie das Kaninchen m\u00f6chte, daher ist diese <strong>Kaninchenheuraufe<\/strong> ideal f\u00fcr es. Heu ist perfekt f\u00fcr das Verdauungssystem Ihres Kaninchens und f\u00fcr die normale Abnutzung seiner Z\u00e4hne.<\/p>\n<h2><img decoding=\"async\" class=\"alignnone wp-image-16002\" src=\"https:\/\/mon-lapinnain.com\/wp-content\/uploads\/2024\/01\/Ratelier-en-bois-pour-lapin.png\" alt=\"Kaninchenst\u00e4nder aus Holz\" width=\"600\" height=\"600\"><\/h2>\n<p>Merkmale:<\/p>\n<ul>\n<li>Holz-Ratelier<\/li>\n<li>Gr\u00f6\u00dfe: H 25cm x 19cm Durchmesser<\/li>\n<\/ul>\n<p>Um das Wohlbefinden und den Komfort Ihres Kaninchens zu gew\u00e4hrleisten, entdecken Sie unser umfangreiches Angebot an <a href=\"https:\/\/www.bunzyland.com\/de\/kaninchen-zubehoer\/\">Kaninchenzubeh\u00f6r<\/a>, das auf alle seine Bed\u00fcrfnisse abgestimmt ist.<\/p>\n","protected":false},"excerpt":{"rendered":"<ul>\n<li>Kaninchenfresser<\/li>\n<li>Kaninchen Zubeh\u00f6r<\/li>\n<\/ul>\n","protected":false},"featured_media":11321,"comment_status":"closed","ping_status":"closed","template":"","meta":{"_seopress_robots_primary_cat":"none","_seopress_titles_title":"","_seopress_titles_desc":"Diese Kaninchenheuraufe ist das ideale Zubeh\u00f6r f\u00fcr die t\u00e4gliche Routine Ihres Kaninchens. Dieses Kaninchenfass aus Holz ist ein lustiges und praktisches Spiel.","_seopress_robots_index":""},"product_brand":[],"product_cat":[169,199,189],"product_tag":[],"class_list":{"0":"post-12439","1":"product","2":"type-product","3":"status-publish","4":"has-post-thumbnail","6":"product_cat-hasenladen","7":"product_cat-heuspender-kaninchen","8":"product_cat-kaninchen-zubehoer","9":"product_shipping_class-ok-mondial-relais-de","11":"first","12":"instock","13":"taxable","14":"shipping-taxable","15":"purchasable","16":"product-type-simple"},"_links":{"self":[{"href":"https:\/\/www.bunzyland.com\/de\/wp-json\/wp\/v2\/product\/12439","targetHints":{"allow":["GET"]}}],"collection":[{"href":"https:\/\/www.bunzyland.com\/de\/wp-json\/wp\/v2\/product"}],"about":[{"href":"https:\/\/www.bunzyland.com\/de\/wp-json\/wp\/v2\/types\/product"}],"replies":[{"embeddable":true,"href":"https:\/\/www.bunzyland.com\/de\/wp-json\/wp\/v2\/comments?post=12439"}],"wp:featuredmedia":[{"embeddable":true,"href":"https:\/\/www.bunzyland.com\/de\/wp-json\/wp\/v2\/media\/11321"}],"wp:attachment":[{"href":"https:\/\/www.bunzyland.com\/de\/wp-json\/wp\/v2\/media?parent=12439"}],"wp:term":[{"taxonomy":"product_brand","embeddable":true,"href":"https:\/\/www.bunzyland.com\/de\/wp-json\/wp\/v2\/product_brand?post=12439"},{"taxonomy":"product_cat","embeddable":true,"href":"https:\/\/www.bunzyland.com\/de\/wp-json\/wp\/v2\/product_cat?post=12439"},{"taxonomy":"product_tag","embeddable":true,"href":"https:\/\/www.bunzyland.com\/de\/wp-json\/wp\/v2\/product_tag?post=12439"}],"curies":[{"name":"wp","href":"https:\/\/api.w.org\/{rel}","templated":true}]}}