{"id":12443,"date":"2024-02-19T15:56:26","date_gmt":"2024-02-19T14:56:26","guid":{"rendered":"https:\/\/bunzyland.com\/product\/lustiges-spielzeug-fuer-kaninchen\/"},"modified":"2026-04-03T14:21:42","modified_gmt":"2026-04-03T12:21:42","slug":"lustiges-spielzeug-fuer-kaninchen","status":"publish","type":"product","link":"https:\/\/www.bunzyland.com\/de\/produkt\/lustiges-spielzeug-fuer-kaninchen\/","title":{"rendered":"Lustiges Spielzeug f\u00fcr Kaninchen"},"content":{"rendered":"<h2><b>Lustiges Spielzeug f\u00fcr Kaninchen : Ein lustiges <span data-sheets-value=\"{\"1\":2,\"2\":\"digging toys for rabbits\"}\" data-sheets-userformat=\"{\"2\":8897,\"3\":{\"1\":0},\"9\":1,\"10\":1,\"12\":0,\"16\":11}\">Grabungsspielzeug <\/span> <\/b><\/h2>\n<p>Das <strong>lustige Spielzeug f\u00fcr Kaninchen<\/strong> ist ein <strong>Grabungsspielzeug<\/strong>, das Ihr Kaninchen stimuliert. Dieses <strong>Kaninchenpl\u00fcschtier<\/strong> ist eine Art Puzzle, das auf dem gleichen Prinzip wie die <strong>Futtermatte f\u00fcr Kaninchen<\/strong> basiert. Jedes Mal, wenn Ihr Liebling mit diesem <strong>Kaninchenspielzeug<\/strong> spielt, wird es sich positiv auf seine Entwicklung auswirken und ihm helfen zu wachsen. Dieses <strong>interaktive Kaninchenspielzeug<\/strong> kann als eine Art Leckerli-Futterautomat betrachtet werden und ist eine gute Technik, um Ihr Haustier zu stimulieren.<\/p>\n<p><img fetchpriority=\"high\" decoding=\"async\" class=\"alignnone wp-image-8419\" src=\"https:\/\/mon-lapinnain.com\/wp-content\/uploads\/2022\/04\/tapis-de-fouille-pour-lapin-nain.jpg\" alt=\"Schnuffelmatte f\u00fcr Kaninchen\" width=\"600\" height=\"600\"><\/p>\n<p>Dieses sch\u00f6ne <strong>Kaninchen-Buddelspielzeug<\/strong> wird Ihren kleinen Freund stundenlang unterhalten und ihm gleichzeitig geistige \u00dcbungen bieten. Au\u00dferdem ist es ein Pl\u00fcsch, das Ihr Haustier beruhigen wird, es wird es lieben, daneben zu schlafen.<\/p>\n<h3>Ein Spielzeug im gleichen Sinne wie die Futtermatte<\/h3>\n<p>Dieses <strong>Spielzeug f\u00fcr Kaninchen<\/strong> ist verspielt und macht Spa\u00df. Damit das <strong>Kaninchenspielzeug<\/strong> Spa\u00df macht, legen Sie einfach die Lieblingsleckereien Ihres Kaninchens in die Mitte dieses Akkordeons. Ihr Kaninchen muss sein Gehirn benutzen, um an die Leckereien zu kommen, die im <strong>Kaninchenspielzeug<\/strong> versteckt sind.<br \/>\nAuf diese Weise wird Ihr kleiner Freund nach seinen Lieblingsleckereien suchen, was sein Denken und seine Sinne anregt. Au\u00dferdem erlaubt es ihm, sich k\u00f6rperlich anzustrengen, damit Ihr Kaninchen fit bleibt. Dieses <strong>Kaninchenspielzeug<\/strong> ist ideal f\u00fcr die k\u00f6rperliche und geistige Entwicklung Ihres kleinen Freundes.<\/p>\n<p><b>Mehr Details:<\/b><\/p>\n<ul>\n<li style=\"font-weight: 400;\" aria-level=\"1\">3 verschiedene Stile: Kaninchen, Koala, Nilpferd<\/li>\n<li style=\"font-weight: 400;\" aria-level=\"1\">Materialien : Stoff<\/li>\n<li style=\"font-weight: 400;\" aria-level=\"1\">Gr\u00f6\u00dfe: 30 x 20cm (11.8 x 7.9 in)<\/li>\n<\/ul>\n<p><img decoding=\"async\" class=\"alignnone wp-image-8420\" src=\"https:\/\/mon-lapinnain.com\/wp-content\/uploads\/2022\/04\/tapis-de-fouille-pour-lapin.jpg\" alt=\"Spielzeug f\u00fcr Kaninchen\" width=\"600\" height=\"600\"><\/p>\n<p>F\u00fcr noch mehr Spa\u00df f\u00fcr Ihren pelzigen Freund entdecken Sie unsere Auswahl an <a href=\"https:\/\/www.bunzyland.com\/de\/spielzeug-fur-kaninchen\/\">Kaninchenspielzeug<\/a>, das speziell f\u00fcr sein Wohlbefinden und seine Freude entwickelt wurde.<\/p>\n","protected":false},"excerpt":{"rendered":"<ul>\n<li>Gleiches Prinzip wie bei der Kaninchen-Suchmatte<\/li>\n<li>Spielerisch und lustig<\/li>\n<\/ul>\n","protected":false},"featured_media":11423,"comment_status":"closed","ping_status":"closed","template":"","meta":{"_seopress_robots_primary_cat":"none","_seopress_titles_title":"","_seopress_titles_desc":"Das lustige Spielzeug f\u00fcr Kaninchen basiert auf demselben Prinzip wie das Kaninchen-Buddelspielzeug. Es stimuliert die Sinne Ihres Kaninchens. Es ist das beste Kaninchenspielzeug!","_seopress_robots_index":""},"product_brand":[],"product_cat":[169,172],"product_tag":[],"class_list":{"0":"post-12443","1":"product","2":"type-product","3":"status-publish","4":"has-post-thumbnail","6":"product_cat-hasenladen","7":"product_cat-spielzeug-fur-kaninchen","8":"product_shipping_class-ok-mondial-relais-de","10":"first","11":"instock","12":"taxable","13":"shipping-taxable","14":"purchasable","15":"product-type-variable","16":"has-default-attributes"},"_links":{"self":[{"href":"https:\/\/www.bunzyland.com\/de\/wp-json\/wp\/v2\/product\/12443","targetHints":{"allow":["GET"]}}],"collection":[{"href":"https:\/\/www.bunzyland.com\/de\/wp-json\/wp\/v2\/product"}],"about":[{"href":"https:\/\/www.bunzyland.com\/de\/wp-json\/wp\/v2\/types\/product"}],"replies":[{"embeddable":true,"href":"https:\/\/www.bunzyland.com\/de\/wp-json\/wp\/v2\/comments?post=12443"}],"wp:featuredmedia":[{"embeddable":true,"href":"https:\/\/www.bunzyland.com\/de\/wp-json\/wp\/v2\/media\/11423"}],"wp:attachment":[{"href":"https:\/\/www.bunzyland.com\/de\/wp-json\/wp\/v2\/media?parent=12443"}],"wp:term":[{"taxonomy":"product_brand","embeddable":true,"href":"https:\/\/www.bunzyland.com\/de\/wp-json\/wp\/v2\/product_brand?post=12443"},{"taxonomy":"product_cat","embeddable":true,"href":"https:\/\/www.bunzyland.com\/de\/wp-json\/wp\/v2\/product_cat?post=12443"},{"taxonomy":"product_tag","embeddable":true,"href":"https:\/\/www.bunzyland.com\/de\/wp-json\/wp\/v2\/product_tag?post=12443"}],"curies":[{"name":"wp","href":"https:\/\/api.w.org\/{rel}","templated":true}]}}