{"id":12444,"date":"2024-02-19T15:56:21","date_gmt":"2024-02-19T14:56:21","guid":{"rendered":"https:\/\/bunzyland.com\/product\/kaninchendecke\/"},"modified":"2025-09-12T17:22:21","modified_gmt":"2025-09-12T15:22:21","slug":"kaninchendecke","status":"publish","type":"product","link":"https:\/\/www.bunzyland.com\/de\/produkt\/kaninchendecke\/","title":{"rendered":"Kaninchendecke"},"content":{"rendered":"<h2 class=\"p1\"><b>Kaninchendecke : eine multifunktionale und flauschige Matte  <\/b><\/h2>\n<p>Diese <strong>Kaninchendecke<\/strong> ist flauschig und kann als <strong>Bodenbelag f\u00fcr den Kaninchenk\u00e4fig im Haus<\/strong> verwendet werden, ideal f\u00fcr den Transport Ihres Tieres. Es kann auch als <strong>Kaninchenmatte<\/strong> oder als<strong> Bett<\/strong> verwendet werden.<\/p>\n<p>Die<strong> Matte f\u00fcr Kaninchen<\/strong> kann auch als Stall f\u00fcr Ihr kleines Haustier verwendet werden. Die weiche Textur bietet Ihrem Kaninchen einen gem\u00fctlichen und komfortablen Platz zum Leben. Buns lieben diese Art von Fleece und die weiche Textur.<\/p>\n<p><img fetchpriority=\"high\" decoding=\"async\" class=\"alignnone wp-image-8619\" src=\"https:\/\/mon-lapinnain.com\/wp-content\/uploads\/2022\/03\/Tapis-de-sol-pour-lapin.jpg\" alt=\"Boden Kaninchenmatte\" width=\"600\" height=\"600\"><\/p>\n<p>Dieses <strong>Bett f\u00fcr Kaninchen<\/strong> kann als super Cocooning-Decke verwendet werden. Ihr Kaninchen wird es lieben, sich einzukuscheln und stundenlang zu schlafen.<\/p>\n<p>Diese<strong> Fleecedecke f\u00fcr Kaninchen<\/strong> wird zweifellos zum geistigen Wohlbefinden Ihres treuen Begleiters beitragen. Ihr Kaninchen muss nicht mehr nach einem Platz zum Ausruhen und\/oder Schlafen und Faulenzen suchen, denn dieser multifunktionale, weiche Teppich wird sein kleines Paradies sein.<\/p>\n<h3 class=\"p3\">Ein ideales Zubeh\u00f6r f\u00fcr Ihr Kaninchengehege<\/h3>\n<p class=\"p2\">Die multifunktionale <strong>Fleece-Kaninchendecke<\/strong> ist perfekt, um die Bodenbeschaffenheit im Laufstall Ihres langohrigen Freundes zu variieren. Sie k\u00f6nnen dieses <strong>Kaninchenbett<\/strong> auf den Boden des Geheges stellen. Auf diese Weise k\u00f6nnen Sie die empfindlichen Pf\u00f6tchen Ihres niedlichen kleinen Fellballs sch\u00fctzen.<\/p>\n<p><img decoding=\"async\" class=\"alignnone wp-image-8620\" src=\"https:\/\/mon-lapinnain.com\/wp-content\/uploads\/2022\/03\/Tapis-lapin.jpg\" alt=\"Kaninchendeckel\" width=\"600\" height=\"508\"><\/p>\n<p>Buns haben keine Ballen, um ihre F\u00fc\u00dfe zu sch\u00fctzen. Letztere k\u00f6nnen bei direktem Kontakt mit einem harten Boden oder dem Gitter eines Stifts das Fu\u00dfgew\u00f6lbe reizen, wodurch das Risiko einer Pododermatitis entsteht.<\/p>\n<p>Wenn Sie also diesen <strong>Kaninchenboden<\/strong> verwenden, werden Sie die k\u00f6rperliche Gesundheit Ihres kleinen Kaninchens erhalten.<\/p>\n<p class=\"p2\"><b><br \/>\nCaract\u00e9ristiques :<\/b><\/p>\n<ul class=\"ul1\">\n<li class=\"li2\">Verf\u00fcgbare Farbe : Carrot Yellow<\/li>\n<li class=\"li2\">Gr\u00f6\u00dfe : 75 x 100 cm \/ 29.53 x 39.37 in<\/li>\n<li>Materialien : Weicher Stoff + Baumwolle<\/li>\n<\/ul>\n<p>Entdecken Sie unsere Kollektion von <a href=\"https:\/\/www.bunzyland.com\/de\/kaninchen-matten\/\">Kaninchenmatten<\/a>, die perfekt f\u00fcr den Komfort Ihres kleinen Begleiters sind, f\u00fcr einen angenehmen und geeigneten Spiel- oder Ruhebereich.<\/p>\n","protected":false},"excerpt":{"rendered":"<ul>\n<li>Eine bequeme Kaninchenmatte f\u00fcr die Pfoten<\/li>\n<li>Perfekter Bodenbelag f\u00fcr Kaninchen<\/li>\n<\/ul>\n","protected":false},"featured_media":11481,"comment_status":"closed","ping_status":"closed","template":"","meta":{"_seopress_robots_primary_cat":"none","_seopress_titles_title":"","_seopress_titles_desc":"Kaninchendecke: Die Kaninchenmatte aus Fleece ist eine multifunktionale Einstreu, die sich perfekt zum Abdecken des Bodens im Gehege eignet. Ein idealer Bodenbelag f\u00fcr Kaninchen","_seopress_robots_index":""},"product_brand":[],"product_cat":[169,195,193],"product_tag":[],"class_list":{"0":"post-12444","1":"product","2":"type-product","3":"status-publish","4":"has-post-thumbnail","6":"product_cat-hasenladen","7":"product_cat-kaninchen-matten","8":"product_cat-kaninchenbett","9":"product_shipping_class-ok-mondial-relais-de","11":"first","12":"outofstock","13":"taxable","14":"shipping-taxable","15":"purchasable","16":"product-type-simple"},"_links":{"self":[{"href":"https:\/\/www.bunzyland.com\/de\/wp-json\/wp\/v2\/product\/12444","targetHints":{"allow":["GET"]}}],"collection":[{"href":"https:\/\/www.bunzyland.com\/de\/wp-json\/wp\/v2\/product"}],"about":[{"href":"https:\/\/www.bunzyland.com\/de\/wp-json\/wp\/v2\/types\/product"}],"replies":[{"embeddable":true,"href":"https:\/\/www.bunzyland.com\/de\/wp-json\/wp\/v2\/comments?post=12444"}],"wp:featuredmedia":[{"embeddable":true,"href":"https:\/\/www.bunzyland.com\/de\/wp-json\/wp\/v2\/media\/11481"}],"wp:attachment":[{"href":"https:\/\/www.bunzyland.com\/de\/wp-json\/wp\/v2\/media?parent=12444"}],"wp:term":[{"taxonomy":"product_brand","embeddable":true,"href":"https:\/\/www.bunzyland.com\/de\/wp-json\/wp\/v2\/product_brand?post=12444"},{"taxonomy":"product_cat","embeddable":true,"href":"https:\/\/www.bunzyland.com\/de\/wp-json\/wp\/v2\/product_cat?post=12444"},{"taxonomy":"product_tag","embeddable":true,"href":"https:\/\/www.bunzyland.com\/de\/wp-json\/wp\/v2\/product_tag?post=12444"}],"curies":[{"name":"wp","href":"https:\/\/api.w.org\/{rel}","templated":true}]}}