{"id":12448,"date":"2024-02-19T15:56:23","date_gmt":"2024-02-19T14:56:23","guid":{"rendered":"https:\/\/bunzyland.com\/product\/spielzeug-fuer-kaninchen-farbig\/"},"modified":"2025-09-12T17:22:53","modified_gmt":"2025-09-12T15:22:53","slug":"spielzeug-fuer-kaninchen-farbig","status":"publish","type":"product","link":"https:\/\/www.bunzyland.com\/de\/produkt\/spielzeug-fuer-kaninchen-farbig\/","title":{"rendered":"Spielzeug f\u00fcr Kaninchen farbig"},"content":{"rendered":"<h2><b>Spielzeug f\u00fcr farbige Kaninchen : Wie Sie mit Ihrem Kaninchen spielen k\u00f6nnen ?<\/b><\/h2>\n<p>Das <strong>Spielzeug f\u00fcr farbige Kaninchen<\/strong> hilft Ihnen, die Langeweile zu bek\u00e4mpfen, die Ihr kleiner Fellball vielleicht empfindet. Um mit diesem <strong>Grabspielzeug f\u00fcr Kaninchen<\/strong> zu spielen, m\u00fcssen Sie nur seine Lieblingsleckereien in die kleinen bunten Kugeln legen, die sich drehen. Ihr Kaninchen muss sie dann umdrehen, um die Leckereien zu finden, die es so sehr liebt. Dieses<strong> Kaninchenspielzeug<\/strong> ist lustig, unterhaltsam und extrem stimulierend f\u00fcr Ihr Haustier. Au\u00dferdem k\u00f6nnen Sie so mehr Zeit mit dem kleinen Racker verbringen, den Sie so sehr lieben.<\/p>\n<p><img fetchpriority=\"high\" decoding=\"async\" class=\"alignnone wp-image-8451 size-full\" src=\"https:\/\/mon-lapinnain.com\/wp-content\/uploads\/2022\/03\/Jeux-pour-lapin-1.gif\" alt=\"Spielzeug f\u00fcr die Kaninchensuche\" width=\"252\" height=\"350\"><\/p>\n<p>Wenn Sie mit Ihrem Haustier <strong>interaktives Kaninchenspielzeug <\/strong>spielen, wird es unterhaltsam, besch\u00e4ftigt und aktiv bleiben. Es hilft auch, seine Sinne und seine Konzentration zu entwickeln.<\/p>\n<h3>Ein lustiges<span data-sheets-value=\"{\"1\":2,\"2\":\"rabbit enrichment\"}\" data-sheets-userformat=\"{\"2\":25281,\"3\":{\"1\":0},\"9\":1,\"10\":1,\"12\":0,\"16\":11,\"17\":1}\"> Spielzeug zur Bereicherung<\/span><\/h3>\n<p>Dieses <strong>Spielzeug f\u00fcr Kaninchen<\/strong> ist ein Accessoire, das Ihr Haustier unterh\u00e4lt und seine Sinne entwickelt. Dieses <strong>Kaninchenspielzeug<\/strong> ist ein <strong>W\u00fchlspielzeug<\/strong>, das die k\u00f6rperlichen und geistigen F\u00e4higkeiten des Kaninchens stimuliert. <strong>Kaninchen-Logikspielzeug<\/strong> ist eine Leidenschaft unter Kaninchen. Ihr langohriger Freund wird es lieben, stundenlang mit diesem <strong>tollen Spielzeug f\u00fcr Kaninchen<\/strong> zu spielen und sich zu unterhalten. Dieses <strong>Kaninchenspielzeug<\/strong> ist nicht nur ein lustiger Zeitvertreib, sondern auch ein echter Stimulant. Es hilft ihnen, ihre Sinne und ihre Intelligenz zu entwickeln und ihre F\u00e4higkeiten zu verbessern.<\/p>\n<p><img decoding=\"async\" class=\"alignnone wp-image-8450\" src=\"https:\/\/mon-lapinnain.com\/wp-content\/uploads\/2022\/03\/Jeux-intelligence-pour-lapin.jpg\" alt=\"intelligentes Spielzeug f\u00fcr Kaninchen\" width=\"600\" height=\"600\"><\/p>\n<p><strong>Kaninchen-Grabspielzeug<\/strong> tr\u00e4gt erheblich zum allgemeinen Wohlbefinden Ihres Kaninchens bei. Auf diese Weise wird sich Ihr treuer Begleiter nicht langweilen und kein Langeweile-Syndrom entwickeln.<\/p>\n<p><b><br \/>\nMehr Details:<\/b><\/p>\n<ul>\n<li style=\"font-weight: 400;\" aria-level=\"1\">Materialien: Kunststoff<\/li>\n<li style=\"font-weight: 400;\" aria-level=\"1\">Spielerisch und lustig<\/li>\n<\/ul>\n<p>F\u00fcr noch mehr Spa\u00df f\u00fcr Ihren pelzigen Freund entdecken Sie unsere Auswahl an <a href=\"https:\/\/www.bunzyland.com\/de\/spielzeug-fur-kaninchen\/\">Kaninchenspielzeug<\/a>, das speziell f\u00fcr sein Wohlbefinden und seine Freude entwickelt wurde.<\/p>\n","protected":false},"excerpt":{"rendered":"<ul>\n<li>Kaninchen graben Spielzeug<\/li>\n<li>Spielerisch und lustig<\/li>\n<\/ul>\n","protected":false},"featured_media":11441,"comment_status":"closed","ping_status":"closed","template":"","meta":{"_seopress_robots_primary_cat":"none","_seopress_titles_title":"","_seopress_titles_desc":"Spielzeug f\u00fcr Kaninchen farbig ist ein Such- und Logikspielzeug f\u00fcr Kaninchen, hervorragend f\u00fcr die k\u00f6rperliche und geistige Entwicklung des kleinen Haustieres.","_seopress_robots_index":""},"product_brand":[],"product_cat":[169,172],"product_tag":[],"class_list":{"0":"post-12448","1":"product","2":"type-product","3":"status-publish","4":"has-post-thumbnail","6":"product_cat-hasenladen","7":"product_cat-spielzeug-fur-kaninchen","8":"product_shipping_class-ok-mondial-relais-de","10":"first","11":"instock","12":"taxable","13":"shipping-taxable","14":"purchasable","15":"product-type-simple"},"_links":{"self":[{"href":"https:\/\/www.bunzyland.com\/de\/wp-json\/wp\/v2\/product\/12448","targetHints":{"allow":["GET"]}}],"collection":[{"href":"https:\/\/www.bunzyland.com\/de\/wp-json\/wp\/v2\/product"}],"about":[{"href":"https:\/\/www.bunzyland.com\/de\/wp-json\/wp\/v2\/types\/product"}],"replies":[{"embeddable":true,"href":"https:\/\/www.bunzyland.com\/de\/wp-json\/wp\/v2\/comments?post=12448"}],"wp:featuredmedia":[{"embeddable":true,"href":"https:\/\/www.bunzyland.com\/de\/wp-json\/wp\/v2\/media\/11441"}],"wp:attachment":[{"href":"https:\/\/www.bunzyland.com\/de\/wp-json\/wp\/v2\/media?parent=12448"}],"wp:term":[{"taxonomy":"product_brand","embeddable":true,"href":"https:\/\/www.bunzyland.com\/de\/wp-json\/wp\/v2\/product_brand?post=12448"},{"taxonomy":"product_cat","embeddable":true,"href":"https:\/\/www.bunzyland.com\/de\/wp-json\/wp\/v2\/product_cat?post=12448"},{"taxonomy":"product_tag","embeddable":true,"href":"https:\/\/www.bunzyland.com\/de\/wp-json\/wp\/v2\/product_tag?post=12448"}],"curies":[{"name":"wp","href":"https:\/\/api.w.org\/{rel}","templated":true}]}}