{"id":12452,"date":"2024-02-19T15:56:16","date_gmt":"2024-02-19T14:56:16","guid":{"rendered":"https:\/\/bunzyland.com\/product\/kaninchenhaus-moehre\/"},"modified":"2025-09-12T13:51:13","modified_gmt":"2025-09-12T11:51:13","slug":"kaninchenhaus-moehre","status":"publish","type":"product","link":"https:\/\/www.bunzyland.com\/de\/produkt\/kaninchenhaus-moehre\/","title":{"rendered":"Kaninchenhaus M\u00f6hre"},"content":{"rendered":"<h2><b>Kaninchenstall: ein Versteck mit Karottenmotiv<\/b><\/h2>\n<p>Das <strong>Kaninchenhaus Karotte<\/strong> ist eine weiche, gepolsterte Einstreu, die ideal ist, um einen gem\u00fctlichen Platz f\u00fcr Ihren langohrigen Freund zu schaffen.<\/p>\n<p>Dieses flauschige, vollst\u00e4ndig gepolsterte <strong>Kaninchenhaus f\u00fcr drinnen<\/strong> wird das<strong> Lieblingsversteck<\/strong> Ihres Kaninchens sein. Er kann sich darin zur\u00fcckziehen, um ruhig zu sein und gut zu schlafen, besonders in den langen Wintern\u00e4chten.<\/p>\n<p><img fetchpriority=\"high\" decoding=\"async\" class=\"alignnone wp-image-9024\" src=\"https:\/\/mon-lapinnain.com\/wp-content\/uploads\/2022\/09\/Cabane-pour-lapin-nid.jpg\" alt=\"Kaninchenstall\" width=\"600\" height=\"600\"><\/p>\n<p>Die Form dieses <strong>Kaninchenverstecks<\/strong> erinnert instinktiv an einen Kaninchenbau und bietet Komfort und Sicherheit.<\/p>\n<p>Dieses kuschelige <strong>Kaninchenbett<\/strong> ist sehr bequem und kann als Unterschlupf genutzt werden. Dies wird sicherlich zum Wohlbefinden Ihres kleinen Fellkn\u00e4uels beitragen.<\/p>\n<h2>Ein faltbares Kaninchenbett<\/h2>\n<p>Zus\u00e4tzlich zu seiner Tunnel- oder Mini-H\u00f6hlenform kann dieses <strong>Kaninchenhaus f\u00fcr den Innenbereich<\/strong> vollst\u00e4ndig aufgeklappt und als ultraweiche <strong>Kaninchenmatte<\/strong> verwendet werden.<\/p>\n<p>Sie k\u00f6nnen ihn tags\u00fcber aufklappen, damit Ihr Kaninchen sich hinlegen und ein Nickerchen machen kann, und ihn nachts zusammenklappen, damit es darin schlafen und sich einkuscheln kann. Kaninchen m\u00f6gen diese Art von Kaninchenbettw\u00e4sche besonders gerne, weil sie sich zum Schlafen gerne an etwas kuscheln.<\/p>\n<p><img decoding=\"async\" class=\"alignnone wp-image-9025\" src=\"https:\/\/mon-lapinnain.com\/wp-content\/uploads\/2022\/09\/Cabane-pour-lapin-tapis.jpg\" alt=\"Kaninchen-Hausmatte\" width=\"600\" height=\"600\"><\/p>\n<p>Au\u00dferdem sehen das Design und die Farben dieses niedlichen <strong>Kaninchenbettes<\/strong> dekorativ aus, ob im Kaninchengehege oder sogar im Haus.<\/p>\n<p>Hinweis: Wir empfehlen Handw\u00e4sche und Lufttrocknung. So bleibt das kuschelige Nest Ihres Haustieres lange Zeit erhalten.<\/p>\n<p><b><br \/>\nMehr Details:<\/b><\/p>\n<ul>\n<li style=\"font-weight: 400;\" aria-level=\"1\">Verf\u00fcgbare Farbe: Karotte Druck<\/li>\n<li style=\"font-weight: 400;\" aria-level=\"1\">Gr\u00f6\u00dfe: 37cm x 31cm x 25cm (14.57 in x 12.2 in x 9.84 in)<\/li>\n<\/ul>\n<p>Geben Sie Ihrem Kaninchen ein gem\u00fctliches Zuhause mit unserer gro\u00dfen Auswahl an komfortablen, sicheren<a href=\"https:\/\/www.bunzyland.com\/de\/kaninchenstall\/\"> Kaninchenh\u00e4usern<\/a>, die alle Bed\u00fcrfnisse Ihres kleinen Begleiters erf\u00fcllen.<\/p>\n","protected":false},"excerpt":{"rendered":"<ul>\n<li>Kaninchenversteck<\/li>\n<li>Kaninchenbett<\/li>\n<\/ul>\n","protected":false},"featured_media":11627,"comment_status":"closed","ping_status":"closed","template":"","meta":{"_seopress_robots_primary_cat":"none","_seopress_titles_title":"","_seopress_titles_desc":"Das Kaninchenhaus Karotte ist perfekt, um Ihrem Kaninchen einen gem\u00fctlichen und weichen Platz zu bieten. Es ist das ideale Versteck f\u00fcr Kaninchen. Ein Bett und eine Matte.","_seopress_robots_index":""},"product_brand":[],"product_cat":[169,175],"product_tag":[],"class_list":{"0":"post-12452","1":"product","2":"type-product","3":"status-publish","4":"has-post-thumbnail","6":"product_cat-hasenladen","7":"product_cat-kaninchenstall","8":"product_shipping_class-ok-mondial-relais-de","10":"first","11":"outofstock","12":"sale","13":"taxable","14":"shipping-taxable","15":"purchasable","16":"product-type-simple"},"_links":{"self":[{"href":"https:\/\/www.bunzyland.com\/de\/wp-json\/wp\/v2\/product\/12452","targetHints":{"allow":["GET"]}}],"collection":[{"href":"https:\/\/www.bunzyland.com\/de\/wp-json\/wp\/v2\/product"}],"about":[{"href":"https:\/\/www.bunzyland.com\/de\/wp-json\/wp\/v2\/types\/product"}],"replies":[{"embeddable":true,"href":"https:\/\/www.bunzyland.com\/de\/wp-json\/wp\/v2\/comments?post=12452"}],"wp:featuredmedia":[{"embeddable":true,"href":"https:\/\/www.bunzyland.com\/de\/wp-json\/wp\/v2\/media\/11627"}],"wp:attachment":[{"href":"https:\/\/www.bunzyland.com\/de\/wp-json\/wp\/v2\/media?parent=12452"}],"wp:term":[{"taxonomy":"product_brand","embeddable":true,"href":"https:\/\/www.bunzyland.com\/de\/wp-json\/wp\/v2\/product_brand?post=12452"},{"taxonomy":"product_cat","embeddable":true,"href":"https:\/\/www.bunzyland.com\/de\/wp-json\/wp\/v2\/product_cat?post=12452"},{"taxonomy":"product_tag","embeddable":true,"href":"https:\/\/www.bunzyland.com\/de\/wp-json\/wp\/v2\/product_tag?post=12452"}],"curies":[{"name":"wp","href":"https:\/\/api.w.org\/{rel}","templated":true}]}}