{"id":12455,"date":"2024-02-19T15:56:19","date_gmt":"2024-02-19T14:56:19","guid":{"rendered":"https:\/\/bunzyland.com\/product\/spielzeug-fuer-kaninchen-zum-kauen\/"},"modified":"2025-09-12T17:22:32","modified_gmt":"2025-09-12T15:22:32","slug":"spielzeug-fuer-kaninchen-zum-kauen","status":"publish","type":"product","link":"https:\/\/www.bunzyland.com\/de\/produkt\/spielzeug-fuer-kaninchen-zum-kauen\/","title":{"rendered":"Spielzeug f\u00fcr Kaninchen zum Kauen"},"content":{"rendered":"<h2><b>Spielzeug f\u00fcr Kaninchen zum Kauen in Karottenform  <\/b><\/h2>\n<p>Dieses <strong>Kauspielzeug f\u00fcr Kaninchen<\/strong> in Form einer orangefarbenen Karotte ist ein extrem lustiges <strong>Accessoire<\/strong>. Seine leuchtenden und intensiven Farben werden Ihr H\u00e4schen dazu verleiten, damit zu spielen; und das kann er stundenlang tun&#8230; \ud83d\ude0a<\/p>\n<p>Zun\u00e4chst einmal sollten Sie wissen, dass Kauen ein v\u00f6llig normales Verhalten f\u00fcr Kaninchen ist&#8230; Sie lieben es, auf allem herumzukauen, was sie in die Finger bekommen, auch auf die Gefahr hin, sich zu verletzen: Teppiche, verschiedene M\u00f6bel und Gegenst\u00e4nde im Haus&#8230;<\/p>\n<p><img fetchpriority=\"high\" decoding=\"async\" class=\"alignnone wp-image-8738\" src=\"https:\/\/mon-lapinnain.com\/wp-content\/uploads\/2022\/06\/Jouet-pour-lapin-grignoter.jpg\" alt=\"Karotte Kaninchen Spielzeug\" width=\"600\" height=\"600\"><\/p>\n<p>Dieses <strong>Kauspielzeug f\u00fcr Kaninchen<\/strong> erm\u00f6glicht es ihnen, ihre Lust und ihr Bed\u00fcrfnis zu knabbern zu befriedigen, ohne sich dabei zu verletzen!<\/p>\n<p><img decoding=\"async\" class=\"alignnone wp-image-8736\" src=\"https:\/\/mon-lapinnain.com\/wp-content\/uploads\/2022\/06\/Jouet-pour-lapin-a-grignoter.jpg\" alt=\"Kaninchen kauen Spielzeug\" width=\"600\" height=\"600\"><\/p>\n<p>Dieses <strong>Kaninchenspielzeug<\/strong> ist aus Luffa oder Luffa hergestellt. Das ist ein nat\u00fcrlicher Schwamm aus einer Kletterpflanze. Wir erw\u00e4hnen dies, weil sein nat\u00fcrlicher Ursprung deutlich macht, dass dieses Karotten-Kaninchen-Snackspielzeug vollst\u00e4ndig essbar ist. \ud83d\ude0a<\/p>\n<h3>Das beste Kaninchenspielzeug<\/h3>\n<p><img decoding=\"async\" class=\"alignnone wp-image-16498\" src=\"https:\/\/mon-lapinnain.com\/wp-content\/uploads\/2022\/07\/jouet-pour-lapin-carotte-a-grignoter.png\" alt=\"Spielzeug f\u00fcr Kaninchen kauen Spielzeug\" width=\"600\" height=\"600\"><\/p>\n<p>Dieses<strong> Spielzeug<\/strong><strong> f\u00fcr Hasen <\/strong>ist perfekt, um Ihren langohrigen Freund zu unterhalten und zu am\u00fcsieren. Er kann auf dem Boden gekaut oder mit einer Schnur an sein Gehege geh\u00e4ngt werden. Beachten Sie jedoch, dass dieses <strong>nat\u00fcrliche Kaninchenspielzeug<\/strong> keineswegs ein Ersatz f\u00fcr sein Hauptfutter, das Heu, ist. Sie k\u00f6nnen es als einfaches Leckerli oder als zus\u00e4tzliche Hilfe betrachten.<\/p>\n<p><img loading=\"lazy\" decoding=\"async\" class=\"alignnone wp-image-8735\" src=\"https:\/\/mon-lapinnain.com\/wp-content\/uploads\/2022\/06\/jeu-pour-lapin-naturel.jpg\" alt=\"Karotte f\u00fcr Kaninchenspielzeug\" width=\"600\" height=\"600\"><\/p>\n<p>Und nicht zuletzt tr\u00e4gt dieser <strong>Kaninchenkausnack<\/strong> zur Hygiene der Z\u00e4hnchen Ihres Kaninchens bei.<\/p>\n<p><b>Mehr Details:<\/b><\/p>\n<ul>\n<li style=\"font-weight: 400;\" aria-level=\"1\">Modell: Karotte<\/li>\n<li style=\"font-weight: 400;\" aria-level=\"1\">Anzahl der St\u00fccke: 1<\/li>\n<li style=\"font-weight: 400;\" aria-level=\"1\">Materialien : Luffa (nat\u00fcrliches Material)<\/li>\n<li style=\"font-weight: 400;\" aria-level=\"1\">Nicht giftig<\/li>\n<\/ul>\n<p>F\u00fcr noch mehr Spa\u00df f\u00fcr Ihren pelzigen Freund entdecken Sie unsere Auswahl an<a href=\"https:\/\/www.bunzyland.com\/de\/spielzeug-fur-kaninchen\/\"> Kaninchenspielzeug<\/a>, das speziell f\u00fcr sein Wohlbefinden und seine Freude entwickelt wurde.<\/p>\n","protected":false},"excerpt":{"rendered":"<ul>\n<li>1 Karotte zum Knabbern<\/li>\n<li>Nicht giftig<\/li>\n<\/ul>\n","protected":false},"featured_media":11545,"comment_status":"closed","ping_status":"closed","template":"","meta":{"_seopress_robots_primary_cat":"none","_seopress_titles_title":"","_seopress_titles_desc":"Das Kauspielzeug f\u00fcr Kaninchen in Form einer Karotte ist ideal zur Unterhaltung und Befriedigung des Knabberdrangs Ihres Kaninchens.","_seopress_robots_index":""},"product_brand":[],"product_cat":[169,177,172],"product_tag":[],"class_list":{"0":"post-12455","1":"product","2":"type-product","3":"status-publish","4":"has-post-thumbnail","6":"product_cat-hasenladen","7":"product_cat-kaninchen-kauspielzeug","8":"product_cat-spielzeug-fur-kaninchen","9":"product_shipping_class-ok-mondial-relais-de","11":"first","12":"instock","13":"taxable","14":"shipping-taxable","15":"purchasable","16":"product-type-simple"},"_links":{"self":[{"href":"https:\/\/www.bunzyland.com\/de\/wp-json\/wp\/v2\/product\/12455","targetHints":{"allow":["GET"]}}],"collection":[{"href":"https:\/\/www.bunzyland.com\/de\/wp-json\/wp\/v2\/product"}],"about":[{"href":"https:\/\/www.bunzyland.com\/de\/wp-json\/wp\/v2\/types\/product"}],"replies":[{"embeddable":true,"href":"https:\/\/www.bunzyland.com\/de\/wp-json\/wp\/v2\/comments?post=12455"}],"wp:featuredmedia":[{"embeddable":true,"href":"https:\/\/www.bunzyland.com\/de\/wp-json\/wp\/v2\/media\/11545"}],"wp:attachment":[{"href":"https:\/\/www.bunzyland.com\/de\/wp-json\/wp\/v2\/media?parent=12455"}],"wp:term":[{"taxonomy":"product_brand","embeddable":true,"href":"https:\/\/www.bunzyland.com\/de\/wp-json\/wp\/v2\/product_brand?post=12455"},{"taxonomy":"product_cat","embeddable":true,"href":"https:\/\/www.bunzyland.com\/de\/wp-json\/wp\/v2\/product_cat?post=12455"},{"taxonomy":"product_tag","embeddable":true,"href":"https:\/\/www.bunzyland.com\/de\/wp-json\/wp\/v2\/product_tag?post=12455"}],"curies":[{"name":"wp","href":"https:\/\/api.w.org\/{rel}","templated":true}]}}