{"id":12457,"date":"2024-02-19T15:56:18","date_gmt":"2024-02-19T14:56:18","guid":{"rendered":"https:\/\/bunzyland.com\/product\/spielzeug-fuer-kaninchen-fuer-die-futtersuche-ball\/"},"modified":"2025-09-12T17:22:53","modified_gmt":"2025-09-12T15:22:53","slug":"spielzeug-fuer-kaninchen-fuer-die-futtersuche-ball","status":"publish","type":"product","link":"https:\/\/www.bunzyland.com\/de\/produkt\/spielzeug-fuer-kaninchen-fuer-die-futtersuche-ball\/","title":{"rendered":"Spielzeug f\u00fcr Kaninchen f\u00fcr die Futtersuche Ball"},"content":{"rendered":"<h2><b>Spielzeug f\u00fcr Kaninchen: Ein unterhaltsamer Ball f\u00fcr die Futtersuche<\/b><\/h2>\n<p>Dieses <strong>Spielzeug f\u00fcr Kaninchen<\/strong> ist eine Art<strong> Kaninchen-Buddelspielzeug<\/strong>, das Ihr Haustier stimuliert und unterh\u00e4lt. Tats\u00e4chlich ist dieses <strong>Kaninchenspielzeug<\/strong> nicht nur ein Ball zum Herumrollen&#8230; Dieser <strong>Kaninchenball<\/strong> h\u00e4lt Ihr Kaninchen nicht nur fit, sondern verf\u00fcgt auch \u00fcber 6 Minitaschen, in denen Sie die Lieblingsleckereien Ihres s\u00fc\u00dfen Fellb\u00e4llchens verstauen k\u00f6nnen!<\/p>\n<p>So kann er spielen und sich gleichzeitig vergn\u00fcgen.<\/p>\n<p><img fetchpriority=\"high\" decoding=\"async\" class=\"alignnone wp-image-12946\" src=\"https:\/\/mon-lapinnain.com\/wp-content\/uploads\/2022\/08\/Jouet-pour-lapin-distrayant-lapin.jpg\" alt=\"Lustiges Kaninchenspielzeug\" width=\"600\" height=\"600\"><\/p>\n<h3>Das beste <span data-sheets-value=\"{\"1\":2,\"2\":\"interactive rabbit toys\"}\" data-sheets-userformat=\"{\"2\":8897,\"3\":{\"1\":0},\"9\":1,\"10\":1,\"12\":0,\"16\":11}\">interaktive Kaninchenspielzeug<\/span><\/h3>\n<p>Dieses <strong>unterhaltsame Kaninchenspielzeug<\/strong> ist ideal, um die Intelligenz und die k\u00f6rperlichen F\u00e4higkeiten Ihres langohrigen Freundes zu f\u00f6rdern.<\/p>\n<p><img decoding=\"async\" class=\"alignnone wp-image-8766\" src=\"https:\/\/mon-lapinnain.com\/wp-content\/uploads\/2022\/08\/Jouet-pour-lapin-fouille.jpg\" alt=\"Kaninchen-Spielzeug\" width=\"600\" height=\"600\"><\/p>\n<p>Da die Form dieses<strong> Spielzeugs f\u00fcr Kaninchen<\/strong> nicht ganz rund ist, wird es schwierig sein, es wie einen einfachen Ball zu rollen&#8230; Dennoch wird die Aufgabe f\u00fcr Ihr Kaninchen dadurch noch interessanter und unterhaltsamer. Mit 6 kleinen Verstecken rund um das Objekt tr\u00e4gt das von der Br\u00f6tchensuchmatte inspirierte Spiel dazu bei, den Analysesinn Ihres Haustieres zu entwickeln. Der leicht herausfordernde Aspekt des Spiels wird Ihr Kaninchen stundenlang unterhalten!<\/p>\n<p><img decoding=\"async\" class=\"alignnone wp-image-12942\" src=\"https:\/\/mon-lapinnain.com\/wp-content\/uploads\/2022\/08\/balle-pour-lapin-nain.jpg\" alt=\"Kaninchenkugel\" width=\"600\" height=\"600\"><\/p>\n<p>Au\u00dferdem hilft das Spielen mit einem solchen <strong>interaktiven Kaninchenspielzeug<\/strong> Ihrem kleinen Fellkn\u00e4uel, k\u00f6rperlich fit zu bleiben. Auf der Suche nach kleinen St\u00fccken von getrockneten \u00c4pfeln oder Cranberrys, die Sie versteckt haben, wird Ihr Kaninchen freudig schn\u00fcffeln und sein Spielzeug umdrehen, damit es seine Leckereien finden und genie\u00dfen kann \u263a.<\/p>\n<p>Sich beim Spielen k\u00f6rperlich zu bet\u00e4tigen, ist f\u00fcr ein kleines Zwergkaninchen also sehr anstrengend. Aber keine Sorge, ganz im Gegenteil! Es wird ihm helfen, sehr lange fit zu bleiben.<\/p>\n<p><img loading=\"lazy\" decoding=\"async\" class=\"alignnone wp-image-12941\" src=\"https:\/\/mon-lapinnain.com\/wp-content\/uploads\/2022\/08\/balle-pour-lapin.jpg\" alt=\"Kaninchenkugel\" width=\"600\" height=\"600\"><\/p>\n<p><b>Mehr Details:<\/b><\/p>\n<ul>\n<li style=\"font-weight: 400;\" aria-level=\"1\">Verf\u00fcgbare Farben: Blau und Grau<\/li>\n<li style=\"font-weight: 400;\" aria-level=\"1\">Gr\u00f6\u00dfe: 15 cm (5.91 in)<\/li>\n<\/ul>\n<p>F\u00fcr noch mehr Spa\u00df f\u00fcr Ihren pelzigen Freund entdecken Sie unsere Auswahl an <a href=\"https:\/\/www.bunzyland.com\/de\/spielzeug-fur-kaninchen\/\">Kaninchenspielzeug<\/a>, das speziell f\u00fcr sein Wohlbefinden und seine Freude entwickelt wurde.<\/p>\n","protected":false},"excerpt":{"rendered":"<ul>\n<li>Inspiriert von der Kaninchen-Sammelmatte<\/li>\n<li>Kaninchenball spielerisch und lustig<\/li>\n<\/ul>\n","protected":false},"featured_media":11555,"comment_status":"closed","ping_status":"closed","template":"","meta":{"_seopress_robots_primary_cat":"none","_seopress_titles_title":"","_seopress_titles_desc":"Das Spielzeug f\u00fcr den Kaninchen-Futterball ist von den Futtersuchmatten inspiriert. Ideal zur Unterhaltung und Stimulation Ihres Kaninchens.","_seopress_robots_index":""},"product_brand":[],"product_cat":[169,172],"product_tag":[],"class_list":{"0":"post-12457","1":"product","2":"type-product","3":"status-publish","4":"has-post-thumbnail","6":"product_cat-hasenladen","7":"product_cat-spielzeug-fur-kaninchen","8":"product_shipping_class-ok-mondial-relais-de","10":"first","11":"outofstock","12":"taxable","13":"shipping-taxable","14":"purchasable","15":"product-type-variable","16":"has-default-attributes"},"_links":{"self":[{"href":"https:\/\/www.bunzyland.com\/de\/wp-json\/wp\/v2\/product\/12457","targetHints":{"allow":["GET"]}}],"collection":[{"href":"https:\/\/www.bunzyland.com\/de\/wp-json\/wp\/v2\/product"}],"about":[{"href":"https:\/\/www.bunzyland.com\/de\/wp-json\/wp\/v2\/types\/product"}],"replies":[{"embeddable":true,"href":"https:\/\/www.bunzyland.com\/de\/wp-json\/wp\/v2\/comments?post=12457"}],"wp:featuredmedia":[{"embeddable":true,"href":"https:\/\/www.bunzyland.com\/de\/wp-json\/wp\/v2\/media\/11555"}],"wp:attachment":[{"href":"https:\/\/www.bunzyland.com\/de\/wp-json\/wp\/v2\/media?parent=12457"}],"wp:term":[{"taxonomy":"product_brand","embeddable":true,"href":"https:\/\/www.bunzyland.com\/de\/wp-json\/wp\/v2\/product_brand?post=12457"},{"taxonomy":"product_cat","embeddable":true,"href":"https:\/\/www.bunzyland.com\/de\/wp-json\/wp\/v2\/product_cat?post=12457"},{"taxonomy":"product_tag","embeddable":true,"href":"https:\/\/www.bunzyland.com\/de\/wp-json\/wp\/v2\/product_tag?post=12457"}],"curies":[{"name":"wp","href":"https:\/\/api.w.org\/{rel}","templated":true}]}}