{"id":12461,"date":"2024-02-19T15:56:24","date_gmt":"2024-02-19T14:56:24","guid":{"rendered":"https:\/\/bunzyland.com\/product\/spielzeug-fuer-kaninchen-zur-stimulation\/"},"modified":"2026-01-03T11:16:38","modified_gmt":"2026-01-03T10:16:38","slug":"spielzeug-fuer-kaninchen-zur-stimulation","status":"publish","type":"product","link":"https:\/\/www.bunzyland.com\/de\/produkt\/spielzeug-fuer-kaninchen-zur-stimulation\/","title":{"rendered":"Spielzeug f\u00fcr Kaninchen zur Stimulation"},"content":{"rendered":"<h2><b>Spielzeug f\u00fcr Kaninchen: anregend und spielerisch<\/b><\/h2>\n<p>Mit dem <strong>Spielzeug f\u00fcr Kaninchen<\/strong> wird die Unterhaltung und das Spielen mit Ihrem Kaninchen zu einer freudigen T\u00e4tigkeit, auf die Sie sich selbst freuen werden. Um mit diesem<strong> Kaninchenspielzeug<\/strong> zu spielen, geben Sie einfach seine Lieblingsleckereien in das daf\u00fcr vorgesehene Loch und drehen das Rad, um sie zu verstecken! Es klingt einfach, aber raten Sie mal, wer es lieben wird?! Nun ja, Ihr kleines Fellkn\u00e4uel nat\u00fcrlich! Er wird sehr schnell verstehen, dass Sie den Holzkreis drehen m\u00fcssen, um die Leckereien zu bekommen!<\/p>\n<p><img fetchpriority=\"high\" decoding=\"async\" class=\"alignnone wp-image-8435 size-full\" src=\"https:\/\/mon-lapinnain.com\/wp-content\/uploads\/2022\/03\/jouet-pour-lapin-friandise.gif\" alt=\"Stimulierendes Kaninchenspielzeug\" width=\"252\" height=\"350\"><\/p>\n<p>Mit diesem <strong>interaktiven Kaninchenspielzeug<\/strong> wird Ihr Kaninchen stundenlang Spa\u00df haben und nach seinen Leckereien suchen. Mit dem <strong>Kaninchenspielzeug f\u00fcr die Futtersuche<\/strong> k\u00f6nnen Sie Ihrem treuen Freund helfen, Spa\u00df zu haben und gleichzeitig seine F\u00e4higkeiten zu entwickeln.<\/p>\n<h3><span data-sheets-value=\"{\"1\":2,\"2\":\"digging toys for rabbits\"}\" data-sheets-userformat=\"{\"2\":8897,\"3\":{\"1\":0},\"9\":1,\"10\":1,\"12\":0,\"16\":11}\">Di<\/span><span data-sheets-value=\"{\"1\":2,\"2\":\"digging toys for rabbits\"}\" data-sheets-userformat=\"{\"2\":8897,\"3\":{\"1\":0},\"9\":1,\"10\":1,\"12\":0,\"16\":11}\">Spielzeuge f\u00fcr Kaninchen<\/span><\/h3>\n<p>Dieses <strong>stimulierende Kaninchenspielzeug<\/strong>, das auf einem <strong>Grabspielzeug<\/strong> basiert, wird f\u00fcr Ihr Haustier sehr n\u00fctzlich sein. Es erm\u00f6glicht ihm, seine Sinne zu entwickeln und sowohl seine k\u00f6rperlichen als auch seine geistigen F\u00e4higkeiten zu verbessern. <strong>Kaninchenspielzeug<\/strong> ist ein echtes Hobby, das Ihr Haustier sicher lieben wird. Dieses <strong>Spielzeug f\u00fcr Kaninchen<\/strong> wird Ihren kleinen Freund unterhalten und am\u00fcsieren, denn wie Sie wahrscheinlich wissen, ist er ein gro\u00dfer Spieler! <strong>Logikspielzeug f\u00fcr Kaninchen<\/strong> ist auch sehr gut f\u00fcr das allgemeine Wohlbefinden Ihres Kaninchens. Es ist eine lustige und spielerische Aktivit\u00e4t, die Sie mit Ihrem Kaninchen machen k\u00f6nnen, um es zu besch\u00e4ftigen und zu unterhalten.<\/p>\n<p><img decoding=\"async\" class=\"alignnone wp-image-8433\" src=\"https:\/\/mon-lapinnain.com\/wp-content\/uploads\/2022\/03\/Jeux-pour-lapin-nain.jpg\" alt=\"Spielzeug f\u00fcr Kaninchen\" width=\"600\" height=\"600\"><\/p>\n<p>Mit dem <strong>Holzspielzeug f\u00fcr Kaninchen<\/strong> kann sich Ihr kleiner Hase auch k\u00f6rperlich anstrengen und gleichzeitig sein Gehirn trainieren. Dies ist eine gro\u00dfe Hilfe f\u00fcr die Entwicklung Ihres Kaninchens.<\/p>\n<p><b>Mehr Details:  <\/b><\/p>\n<ul>\n<li style=\"font-weight: 400;\" aria-level=\"1\">Materialien: 100% Naturholz<\/li>\n<li style=\"font-weight: 400;\" aria-level=\"1\">Nicht giftig<\/li>\n<\/ul>\n<p>F\u00fcr noch mehr Spa\u00df f\u00fcr Ihren pelzigen Freund entdecken Sie unsere Auswahl an <a href=\"https:\/\/www.bunzyland.com\/de\/spielzeug-fur-kaninchen\/\">Kaninchenspielzeug<\/a>, das speziell f\u00fcr sein Wohlbefinden und seine Freude entwickelt wurde.<\/p>\n","protected":false},"excerpt":{"rendered":"<ul>\n<li>&gt;Kaninchen Holzspielzeug<\/li>\n<li>100% Nat\u00fcrlich<\/li>\n<\/ul>\n","protected":false},"featured_media":11431,"comment_status":"closed","ping_status":"closed","template":"","meta":{"_seopress_robots_primary_cat":"none","_seopress_titles_title":"","_seopress_titles_desc":"Das Toy for rabbit stimulating ist ein lustiges W\u00fchlspielzeug, das hervorragend f\u00fcr die k\u00f6rperliche und geistige Entwicklung des Kaninchens geeignet ist.","_seopress_robots_index":""},"product_brand":[],"product_cat":[173,169,172],"product_tag":[],"class_list":{"0":"post-12461","1":"product","2":"type-product","3":"status-publish","4":"has-post-thumbnail","6":"product_cat-angebote","7":"product_cat-hasenladen","8":"product_cat-spielzeug-fur-kaninchen","9":"product_shipping_class-ok-mondial-relais-de","11":"first","12":"outofstock","13":"sale","14":"taxable","15":"shipping-taxable","16":"purchasable","17":"product-type-simple"},"_links":{"self":[{"href":"https:\/\/www.bunzyland.com\/de\/wp-json\/wp\/v2\/product\/12461","targetHints":{"allow":["GET"]}}],"collection":[{"href":"https:\/\/www.bunzyland.com\/de\/wp-json\/wp\/v2\/product"}],"about":[{"href":"https:\/\/www.bunzyland.com\/de\/wp-json\/wp\/v2\/types\/product"}],"replies":[{"embeddable":true,"href":"https:\/\/www.bunzyland.com\/de\/wp-json\/wp\/v2\/comments?post=12461"}],"wp:featuredmedia":[{"embeddable":true,"href":"https:\/\/www.bunzyland.com\/de\/wp-json\/wp\/v2\/media\/11431"}],"wp:attachment":[{"href":"https:\/\/www.bunzyland.com\/de\/wp-json\/wp\/v2\/media?parent=12461"}],"wp:term":[{"taxonomy":"product_brand","embeddable":true,"href":"https:\/\/www.bunzyland.com\/de\/wp-json\/wp\/v2\/product_brand?post=12461"},{"taxonomy":"product_cat","embeddable":true,"href":"https:\/\/www.bunzyland.com\/de\/wp-json\/wp\/v2\/product_cat?post=12461"},{"taxonomy":"product_tag","embeddable":true,"href":"https:\/\/www.bunzyland.com\/de\/wp-json\/wp\/v2\/product_tag?post=12461"}],"curies":[{"name":"wp","href":"https:\/\/api.w.org\/{rel}","templated":true}]}}