{"id":12465,"date":"2024-02-19T15:56:20","date_gmt":"2024-02-19T14:56:20","guid":{"rendered":"https:\/\/bunzyland.com\/product\/spielzeug-fuer-kaninchen-schnuffelball\/"},"modified":"2025-09-12T17:22:07","modified_gmt":"2025-09-12T15:22:07","slug":"spielzeug-fuer-kaninchen-schnuffelball","status":"publish","type":"product","link":"https:\/\/www.bunzyland.com\/de\/produkt\/spielzeug-fuer-kaninchen-schnuffelball\/","title":{"rendered":"Spielzeug f\u00fcr Kaninchen Schnuffelball"},"content":{"rendered":"<h2><b>Spielzeug f\u00fcr Kaninchen: ein Schnuffelball als W\u00fchlspielzeug<\/b><\/h2>\n<p>Das <strong>Spielzeug f\u00fcr Kaninchen Snuffle Ball<\/strong> ist ein sehr anregendes und unterhaltsames Spielzeug f\u00fcr Ihr Haustier. Dieses<strong> Kaninchenspielzeug<\/strong> basiert auf der <strong>Kaninchen-Suchmatte<\/strong>, allerdings in einer Ballversion. Die runde Form ist bei unseren Kaninchenfreunden sehr beliebt.<\/p>\n<p><img fetchpriority=\"high\" decoding=\"async\" class=\"alignnone wp-image-9559 size-full\" src=\"https:\/\/mon-lapinnain.com\/wp-content\/uploads\/2022\/05\/jouet-pour-lapin-balle-fouille.gif\" alt=\"Spielzeug f\u00fcr Kaninchen Schnuffelball\" width=\"300\" height=\"300\"><\/p>\n<p>Dieser <strong>Kaninchenball<\/strong> ist nicht nur ein einfaches Spielzeug, mit dem man spielen kann \u263a Tats\u00e4chlich k\u00f6nnen Sie in dem <strong>Grabspielzeug f\u00fcr Kaninchen<\/strong> Ihre Lieblingsleckereien wie winzige Apfelst\u00fccke oder getrocknete Cranberries verstecken.<br \/>\nDiese Aktivit\u00e4t wird Ihr Haustier sehr unterhalten und stimulieren. Es wird nicht z\u00f6gern, den Ball auf den Kopf zu stellen, um seine Leckereien zu holen.<\/p>\n<p>Dieses <strong>Spielzeug f\u00fcr Hasen<\/strong> ist also perfekt geeignet, um Ihren s\u00fc\u00dfen kleinen Fellball fit zu halten und seine Intelligenz zu f\u00f6rdern.<\/p>\n<h2>Wie spielen Sie mit Ihrem Kaninchen?<\/h2>\n<p>Das Spielen mit Ihrem kleinen Haustier mit diesem <strong>Kaninchenspielzeug Schnuffelball<\/strong> ist ganz einfach!<br \/>\nWie der Name schon sagt, basiert dieses <strong>Spielzeug f\u00fcr Kaninchen<\/strong> auf demselben Prinzip wie eine Suchmatte f\u00fcr Haustiere.<\/p>\n<p>Um also mit Ihrem Br\u00f6tchen zu spielen, m\u00fcssen Sie nur die Lieblingsleckereien Ihres langohrigen Freundes zwischen den Stoffstreifen verstecken. Er kann dann schn\u00fcffeln und nach ihnen suchen.<\/p>\n<p><img decoding=\"async\" class=\"alignnone wp-image-13027 size-full\" src=\"https:\/\/mon-lapinnain.com\/wp-content\/uploads\/2022\/05\/balle-pour-lapin.gif\" alt=\"Spielzeug f\u00fcr Kaninchen Schnuffelball\" width=\"350\" height=\"350\"><\/p>\n<p>Wenn Sie also den Verstand und die Intelligenz Ihres s\u00fc\u00dfen kleinen Fellkn\u00e4uels stimulieren m\u00f6chten, gibt es nichts Besseres als dieses <strong>Kaninchen-Spielzeug<\/strong>, um ihn auf allen Ebenen in Form zu halten.<\/p>\n<p><b>Mehr Details:<\/b><\/p>\n<ul>\n<li aria-level=\"1\">Farbe : Orange \/ Wei\u00df \/ Gelb \/ Gr\u00fcn<\/li>\n<li aria-level=\"1\">Gr\u00f6\u00dfe : 15 cm (5.91 in)<\/li>\n<\/ul>\n","protected":false},"excerpt":{"rendered":"<ul>\n<li>Kaninchenball<\/li>\n<li>Verspielt<\/li>\n<\/ul>\n","protected":false},"featured_media":11517,"comment_status":"closed","ping_status":"closed","template":"","meta":{"_seopress_robots_primary_cat":"none","_seopress_titles_title":"","_seopress_titles_desc":"Dieses Spielzeug f\u00fcr Kaninchen Schnuffelball ist ideal zur Unterhaltung und F\u00f6rderung der k\u00f6rperlichen und geistigen Entwicklung des Kaninchens.","_seopress_robots_index":""},"product_brand":[],"product_cat":[169,172],"product_tag":[],"class_list":{"0":"post-12465","1":"product","2":"type-product","3":"status-publish","4":"has-post-thumbnail","6":"product_cat-hasenladen","7":"product_cat-spielzeug-fur-kaninchen","8":"product_shipping_class-ok-mondial-relais-de","10":"first","11":"instock","12":"taxable","13":"shipping-taxable","14":"purchasable","15":"product-type-simple"},"_links":{"self":[{"href":"https:\/\/www.bunzyland.com\/de\/wp-json\/wp\/v2\/product\/12465","targetHints":{"allow":["GET"]}}],"collection":[{"href":"https:\/\/www.bunzyland.com\/de\/wp-json\/wp\/v2\/product"}],"about":[{"href":"https:\/\/www.bunzyland.com\/de\/wp-json\/wp\/v2\/types\/product"}],"replies":[{"embeddable":true,"href":"https:\/\/www.bunzyland.com\/de\/wp-json\/wp\/v2\/comments?post=12465"}],"wp:featuredmedia":[{"embeddable":true,"href":"https:\/\/www.bunzyland.com\/de\/wp-json\/wp\/v2\/media\/11517"}],"wp:attachment":[{"href":"https:\/\/www.bunzyland.com\/de\/wp-json\/wp\/v2\/media?parent=12465"}],"wp:term":[{"taxonomy":"product_brand","embeddable":true,"href":"https:\/\/www.bunzyland.com\/de\/wp-json\/wp\/v2\/product_brand?post=12465"},{"taxonomy":"product_cat","embeddable":true,"href":"https:\/\/www.bunzyland.com\/de\/wp-json\/wp\/v2\/product_cat?post=12465"},{"taxonomy":"product_tag","embeddable":true,"href":"https:\/\/www.bunzyland.com\/de\/wp-json\/wp\/v2\/product_tag?post=12465"}],"curies":[{"name":"wp","href":"https:\/\/api.w.org\/{rel}","templated":true}]}}