{"id":12468,"date":"2024-02-19T15:56:17","date_gmt":"2024-02-19T14:56:17","guid":{"rendered":"https:\/\/bunzyland.com\/product\/kaninchenspielzeug-seil-ball\/"},"modified":"2025-09-12T17:22:55","modified_gmt":"2025-09-12T15:22:55","slug":"kaninchenspielzeug-seil-ball","status":"publish","type":"product","link":"https:\/\/www.bunzyland.com\/de\/produkt\/kaninchenspielzeug-seil-ball\/","title":{"rendered":"Kaninchenspielzeug Seil Ball"},"content":{"rendered":"<h2><b>Kaninchenspielzeug: ein Seilball zum Kauen<\/b><\/h2>\n<p>Dieser <strong>Kaninchenspielzeug-Seilball<\/strong> ist perfekt, um die Knabberbed\u00fcrfnisse und -w\u00fcnsche Ihres kleinen pelzigen Freundes zu befriedigen. Kauen ist ein normales Verhalten f\u00fcr Kaninchen. Wenn Sie ihm also dieses <strong>Spielzeug f\u00fcr Kaninchen<\/strong> anbieten, verhindern Sie, dass es die Teppiche oder die verschiedenen Gegenst\u00e4nde im Haus zerkaut, denn das kann eine Gefahr f\u00fcr seine Gesundheit darstellen.<\/p>\n<p><img fetchpriority=\"high\" decoding=\"async\" class=\"alignnone wp-image-8895 size-full\" src=\"https:\/\/mon-lapinnain.com\/wp-content\/uploads\/2022\/03\/Jeu-a-grignoter-pour-lapin.gif\" alt=\"Kaninchen kauen Spielzeug Ball\" width=\"350\" height=\"350\"><\/p>\n<p>Dar\u00fcber hinaus tr\u00e4gt dieses <strong>Kauspielzeug f\u00fcr Kaninchen<\/strong> erheblich zur Erhaltung der kleinen Z\u00e4hne Ihres Haustieres bei und hilft, seinen Kiefer zu st\u00e4rken.<\/p>\n<p>Wir erinnern Sie jedoch daran, dass Heu das Hauptfutter f\u00fcr Kaninchen ist. Auch wenn dieses Spielzeug essbar ist, ist es kein Ersatz f\u00fcr Heu. Sie k\u00f6nnen es als zus\u00e4tzliche Hilfe oder als spielerisches Vergn\u00fcgen betrachten.<\/p>\n<h3>Das beste Kauspielzeug f\u00fcr Kaninchen<\/h3>\n<p>Dieses <strong>Kaninchenspielzeug mit Seilball<\/strong> ist ideal, um die Langeweile Ihres Haustiers zu bek\u00e4mpfen. Da Kaninchen gerne spielen und knabbern, kombiniert dieses <strong>Spielzeug f\u00fcr Kaninchen<\/strong> aus nat\u00fcrlichem Material die beiden Lieblingsbesch\u00e4ftigungen Ihres Kaninchens.<\/p>\n<p><img decoding=\"async\" class=\"alignnone wp-image-8893\" src=\"https:\/\/mon-lapinnain.com\/wp-content\/uploads\/2022\/03\/balle-a%CC%80-grignoter-pour-lapin-nain.jpg\" alt=\"Knabberkugel f\u00fcr Kaninchen\" width=\"600\" height=\"600\"><\/p>\n<p>Auf diese Weise kann sich Ihr Haustier gerne darin w\u00e4lzen und stundenlang darauf herumkauen. Diese Art von Aktivit\u00e4t h\u00e4lt Ihr Haustier fit. Und da er mit seinem Kaninchenspiel besch\u00e4ftigt ist und sich selbst unterh\u00e4lt, tr\u00e4gt das viel zu seinem geistigen Wohlbefinden bei. Denn ja, auch Kaninchen werden depressiv, wenn ihnen langweilig ist.<\/p>\n<p>Dieses <strong>nat\u00fcrliche Kaninchenspielzeug<\/strong> ist also perfekt geeignet, um Ihren langohrigen Begleiter gl\u00fccklich und zufrieden zu sehen.<\/p>\n<p><b><br \/>\nMehr Details:<\/b><\/p>\n<ul>\n<li style=\"font-weight: 400;\" aria-level=\"1\">Material : Geflochtenes Gras<\/li>\n<\/ul>\n<p>F\u00fcr noch mehr Spa\u00df f\u00fcr Ihren pelzigen Freund entdecken Sie unsere Auswahl an <a href=\"https:\/\/www.bunzyland.com\/de\/spielzeug-fur-kaninchen\/\">Kaninchenspielzeug<\/a>, das speziell f\u00fcr sein Wohlbefinden und seine Freude entwickelt wurde.<\/p>\n","protected":false},"excerpt":{"rendered":"<ul>\n<li>Kaninchenball<\/li>\n<li>Nicht giftig<\/li>\n<\/ul>\n","protected":false},"featured_media":11601,"comment_status":"closed","ping_status":"closed","template":"","meta":{"_seopress_robots_primary_cat":"none","_seopress_titles_title":"","_seopress_titles_desc":"Das Kaninchenspielzeug Seilball ist aus nat\u00fcrlichem Seil hergestellt. Es ist perfekt geeignet, um die Knabberlust der Kaninchen zu befriedigen. Ein ideales Kauspielzeug f\u00fcr Kaninchen!","_seopress_robots_index":""},"product_brand":[],"product_cat":[169,177,172],"product_tag":[],"class_list":{"0":"post-12468","1":"product","2":"type-product","3":"status-publish","4":"has-post-thumbnail","6":"product_cat-hasenladen","7":"product_cat-kaninchen-kauspielzeug","8":"product_cat-spielzeug-fur-kaninchen","9":"product_shipping_class-ok-mondial-relais-de","11":"first","12":"outofstock","13":"taxable","14":"shipping-taxable","15":"purchasable","16":"product-type-simple"},"_links":{"self":[{"href":"https:\/\/www.bunzyland.com\/de\/wp-json\/wp\/v2\/product\/12468","targetHints":{"allow":["GET"]}}],"collection":[{"href":"https:\/\/www.bunzyland.com\/de\/wp-json\/wp\/v2\/product"}],"about":[{"href":"https:\/\/www.bunzyland.com\/de\/wp-json\/wp\/v2\/types\/product"}],"replies":[{"embeddable":true,"href":"https:\/\/www.bunzyland.com\/de\/wp-json\/wp\/v2\/comments?post=12468"}],"wp:featuredmedia":[{"embeddable":true,"href":"https:\/\/www.bunzyland.com\/de\/wp-json\/wp\/v2\/media\/11601"}],"wp:attachment":[{"href":"https:\/\/www.bunzyland.com\/de\/wp-json\/wp\/v2\/media?parent=12468"}],"wp:term":[{"taxonomy":"product_brand","embeddable":true,"href":"https:\/\/www.bunzyland.com\/de\/wp-json\/wp\/v2\/product_brand?post=12468"},{"taxonomy":"product_cat","embeddable":true,"href":"https:\/\/www.bunzyland.com\/de\/wp-json\/wp\/v2\/product_cat?post=12468"},{"taxonomy":"product_tag","embeddable":true,"href":"https:\/\/www.bunzyland.com\/de\/wp-json\/wp\/v2\/product_tag?post=12468"}],"curies":[{"name":"wp","href":"https:\/\/api.w.org\/{rel}","templated":true}]}}