{"id":12469,"date":"2024-02-19T15:56:26","date_gmt":"2024-02-19T14:56:26","guid":{"rendered":"https:\/\/bunzyland.com\/product\/natuerliches-kaninchenspielzeug\/"},"modified":"2025-11-13T20:13:34","modified_gmt":"2025-11-13T19:13:34","slug":"natuerliches-kaninchenspielzeug","status":"publish","type":"product","link":"https:\/\/www.bunzyland.com\/de\/produkt\/natuerliches-kaninchenspielzeug\/","title":{"rendered":"Nat\u00fcrliches Kaninchenspielzeug"},"content":{"rendered":"<h2>Ein Kaninchenspielzeug mit Knabberzweigen<\/h2>\n<p>Das <strong>nat\u00fcrliche Kaninchenspielzeug<\/strong> ist ein Knabberzubeh\u00f6r aus <strong>Apfelbaumzweigen<\/strong>, die mit nat\u00fcrlichem geflochtenem Gras umwickelt sind. Dieses <strong>Zwergkaninchenspielzeug<\/strong> ist das perfekte Geschenk f\u00fcr Ihr Kaninchen. Er kann damit spielen und dabei knabbern. Dieser Kaninchenknabberspa\u00df ist aus Holz gefertigt und mit nat\u00fcrlichem Gras bespannt. Er befriedigt die Knabberlust Ihres kleinen Begleiters und verhindert gleichzeitig, dass er auf sch\u00e4dlichen Gegenst\u00e4nden wie Plastik herumkaut. Wie Sie sehen, knabbern Kaninchen gerne und es ist eine ihrer Lieblingsbesch\u00e4ftigungen&#8230; es ist also eine gute Idee, Ihrem Haustier einen speziell f\u00fcr diesen Zweck entwickelten <strong>Kaninchenartikel<\/strong> zu geben!<\/p>\n<h3>Zweige und Schnur: MIAM<\/h3>\n<p>Das <strong>nat\u00fcrliche Kaninchenspielzeug<\/strong> mit Zweigen, die an einem nat\u00fcrlichen Seil befestigt sind, verk\u00f6rpert alles, was Kaninchen lieben, in einem einzigen Gegenstand. Es ist sogar eines der <strong>Lieblingsspielzeuge von Kaninchen<\/strong>, denn es erlaubt ihnen, zu spielen und Spa\u00df zu haben, w\u00e4hrend sie auf Materialien kauen, die sie lieben. Manche Kaninchenspielzeuge sind ganz aus Seil, andere ganz aus Holz, aber dieses <strong>Kauspielzeug f\u00fcr Kaninchen<\/strong> kombiniert beides, sehr zur Freude Ihres kleinen Fellballs. Au\u00dferdem hilft das Knabbern an diesem Kaninchenspielzeug Ihrem Kaninchen, eine gute Zahnpflege zu betreiben.<\/p>\n<p>Bitte beachten Sie jedoch, dass dieses <strong>nat\u00fcrliche Kaninchenspielzeug<\/strong> in keiner Weise das Hauptfutter Ihres Kaninchens, n\u00e4mlich Heu, ersetzt, sondern eher ein Leckerbissen ist.<\/p>\n<p><strong>Merkmale:<\/strong><\/p>\n<ul>\n<li><strong>Materialien:<\/strong> Naturholz (Apfelbaum) + gewebte Naturgr\u00e4ser<\/li>\n<li><strong>Gr\u00f6\u00dfe:<\/strong> 15cm<\/li>\n<\/ul>\n<p>F\u00fcr noch mehr Spa\u00df f\u00fcr Ihren pelzigen Freund entdecken Sie unsere Auswahl an <a href=\"_wp_link_platzhalter\" data-wplink-edit=\"true\">Kaninchenspielzeug<\/a>, das speziell f\u00fcr sein Wohlbefinden und seine Freude entwickelt wurde.<\/p>\n","protected":false},"excerpt":{"rendered":"<ul>\n<li>Imbiss-Spiel<\/li>\n<li>100% Nat\u00fcrlich<\/li>\n<\/ul>\n","protected":false},"featured_media":11421,"comment_status":"closed","ping_status":"closed","template":"","meta":{"_seopress_robots_primary_cat":"none","_seopress_titles_title":"","_seopress_titles_desc":"Das nat\u00fcrliche Kaninchenspielzeug in Form von gebundenen Apfelbaumzweigen ist eine der ges\u00fcndesten Leckereien f\u00fcr Ihr Kaninchen.","_seopress_robots_index":""},"product_brand":[],"product_cat":[169,177,172],"product_tag":[],"class_list":{"0":"post-12469","1":"product","2":"type-product","3":"status-publish","4":"has-post-thumbnail","6":"product_cat-hasenladen","7":"product_cat-kaninchen-kauspielzeug","8":"product_cat-spielzeug-fur-kaninchen","9":"product_shipping_class-ok-mondial-relais-de","11":"first","12":"outofstock","13":"taxable","14":"shipping-taxable","15":"purchasable","16":"product-type-simple"},"_links":{"self":[{"href":"https:\/\/www.bunzyland.com\/de\/wp-json\/wp\/v2\/product\/12469","targetHints":{"allow":["GET"]}}],"collection":[{"href":"https:\/\/www.bunzyland.com\/de\/wp-json\/wp\/v2\/product"}],"about":[{"href":"https:\/\/www.bunzyland.com\/de\/wp-json\/wp\/v2\/types\/product"}],"replies":[{"embeddable":true,"href":"https:\/\/www.bunzyland.com\/de\/wp-json\/wp\/v2\/comments?post=12469"}],"wp:featuredmedia":[{"embeddable":true,"href":"https:\/\/www.bunzyland.com\/de\/wp-json\/wp\/v2\/media\/11421"}],"wp:attachment":[{"href":"https:\/\/www.bunzyland.com\/de\/wp-json\/wp\/v2\/media?parent=12469"}],"wp:term":[{"taxonomy":"product_brand","embeddable":true,"href":"https:\/\/www.bunzyland.com\/de\/wp-json\/wp\/v2\/product_brand?post=12469"},{"taxonomy":"product_cat","embeddable":true,"href":"https:\/\/www.bunzyland.com\/de\/wp-json\/wp\/v2\/product_cat?post=12469"},{"taxonomy":"product_tag","embeddable":true,"href":"https:\/\/www.bunzyland.com\/de\/wp-json\/wp\/v2\/product_tag?post=12469"}],"curies":[{"name":"wp","href":"https:\/\/api.w.org\/{rel}","templated":true}]}}