{"id":12472,"date":"2024-02-19T15:56:15","date_gmt":"2024-02-19T14:56:15","guid":{"rendered":"https:\/\/bunzyland.com\/product\/kaninchenspielzeug-zum-kauen\/"},"modified":"2025-09-12T17:22:54","modified_gmt":"2025-09-12T15:22:54","slug":"kaninchenspielzeug-zum-kauen","status":"publish","type":"product","link":"https:\/\/www.bunzyland.com\/de\/produkt\/kaninchenspielzeug-zum-kauen\/","title":{"rendered":"Kaninchenspielzeug zum Kauen"},"content":{"rendered":"<h2><b>Kaninchenspielzeug: eine unwiderstehliche M\u00f6hre zum Kauen  <\/b><\/h2>\n<p>Dieses <strong>Kaninchenspielzeug zum Kauen<\/strong> aus nat\u00fcrlichem Seil ist perfekt, um den Knabberdrang Ihres langohrigen Freundes zu befriedigen. Zun\u00e4chst einmal sollten Sie wissen, dass Kauen ein normales Verhalten f\u00fcr Kaninchen ist. Und wenn er leider kein <strong>Kauspielzeug f\u00fcr Kaninchen<\/strong> hat, greift er vielleicht die Teppiche und andere Gegenst\u00e4nde im Haus an&#8230;<\/p>\n<p><img fetchpriority=\"high\" decoding=\"async\" class=\"alignnone wp-image-9150\" src=\"https:\/\/mon-lapinnain.com\/wp-content\/uploads\/2022\/08\/Jeu-pour-lapin.jpg\" alt=\"Kaninchenspielzeug zum Kauen\" width=\"600\" height=\"600\"><\/p>\n<p>Dies ist nicht ohne Risiko f\u00fcr die Gesundheit Ihres Haustiers. Dieses <strong>Spielzeug f\u00fcr Kaninchen<\/strong> verhindert, dass Ihr Kaninchen an etwas kaut oder knabbert, das ihm schaden k\u00f6nnte. Wir m\u00f6chten Sie jedoch daran erinnern, dass dieses Kaninchenspielzeug zwar essbar ist, aber kein Ersatz f\u00fcr die Grundnahrung Ihres Kaninchens ist, n\u00e4mlich Heu.<\/p>\n<p>Dieses <strong>gute Kaninchenspielzeug<\/strong> kann jedoch als gesundes Leckerli betrachtet werden, das auch zur Pflege der Z\u00e4hne Ihres Haustiers beitr\u00e4gt.<\/p>\n<h3>Ein nat\u00fcrliches Kaninchenspielzeug<\/h3>\n<p>Dieses <strong>Kauspielzeug f\u00fcr Kaninchen<\/strong> hat die Form eines geflochtenen Stocks aus nat\u00fcrlichen Kr\u00e4utern. Es ist sicher f\u00fcr Ihr Haustier, hilft ihm sogar, seine Kaugewohnheiten zu verbessern und seine Kiefermuskulatur zu st\u00e4rken. Geben Sie Ihrem Haustier einfach dieses <strong>Hasenspielzeug<\/strong> und sehen Sie, wie gl\u00fccklich es sein wird, stundenlang darauf herumzukauen \ud83d\ude0a.<\/p>\n<p><img decoding=\"async\" class=\"alignnone wp-image-9148\" src=\"https:\/\/mon-lapinnain.com\/wp-content\/uploads\/2022\/08\/Jeu-pour-lapin-a%CC%80-grignoter-en-paille.jpg\" alt=\"Kauspielzeug f\u00fcr Kaninchen\" width=\"600\" height=\"600\"><\/p>\n<p>Diese Art des Spielens mit Kaninchen hilft, Langeweile und \u00c4ngste abzubauen. Sie k\u00f6nnen also sicher sein, dass Ihr langohriger Freund mit diesem <strong>Kaninchen-Snackspielzeug<\/strong> das gl\u00fccklichste aller Kaninchen sein wird.<\/p>\n<p><b>Mehr Details:<\/b><\/p>\n<ul>\n<li style=\"font-weight: 400;\" aria-level=\"1\">Satz mit 2 St\u00fcck<\/li>\n<li style=\"font-weight: 400;\" aria-level=\"1\">Gr\u00f6\u00dfe: 23 x 3 cm<\/li>\n<li style=\"font-weight: 400;\" aria-level=\"1\">Materialien: Nat\u00fcrliche Kr\u00e4uter<\/li>\n<\/ul>\n<p>F\u00fcr noch mehr Spa\u00df f\u00fcr Ihren pelzigen Freund entdecken Sie unsere Auswahl an <a href=\"https:\/\/www.bunzyland.com\/de\/spielzeug-fur-kaninchen\/\">Kaninchenspielzeug<\/a>, das speziell f\u00fcr sein Wohlbefinden und seine Freude entwickelt wurde.<\/p>\n","protected":false},"excerpt":{"rendered":"<ul>\n<li>Kaninchen Kauspielzeug<\/li>\n<li>Nat\u00fcrlich<\/li>\n<\/ul>\n","protected":false},"featured_media":11677,"comment_status":"closed","ping_status":"closed","template":"","meta":{"_seopress_robots_primary_cat":"none","_seopress_titles_title":"","_seopress_titles_desc":"Kaninchenspielzeug zum Kauen ist perfekt, um den Knabberdrang der Kaninchen zu stillen. Es ist nat\u00fcrlich und sicher. Dieses Kaninchen-Kauspielzeug ist ideal f\u00fcr Ihr Haustier!","_seopress_robots_index":""},"product_brand":[],"product_cat":[169,172],"product_tag":[],"class_list":{"0":"post-12472","1":"product","2":"type-product","3":"status-publish","4":"has-post-thumbnail","6":"product_cat-hasenladen","7":"product_cat-spielzeug-fur-kaninchen","8":"product_shipping_class-ok-mondial-relais-de","10":"first","11":"outofstock","12":"taxable","13":"shipping-taxable","14":"purchasable","15":"product-type-simple"},"_links":{"self":[{"href":"https:\/\/www.bunzyland.com\/de\/wp-json\/wp\/v2\/product\/12472","targetHints":{"allow":["GET"]}}],"collection":[{"href":"https:\/\/www.bunzyland.com\/de\/wp-json\/wp\/v2\/product"}],"about":[{"href":"https:\/\/www.bunzyland.com\/de\/wp-json\/wp\/v2\/types\/product"}],"replies":[{"embeddable":true,"href":"https:\/\/www.bunzyland.com\/de\/wp-json\/wp\/v2\/comments?post=12472"}],"wp:featuredmedia":[{"embeddable":true,"href":"https:\/\/www.bunzyland.com\/de\/wp-json\/wp\/v2\/media\/11677"}],"wp:attachment":[{"href":"https:\/\/www.bunzyland.com\/de\/wp-json\/wp\/v2\/media?parent=12472"}],"wp:term":[{"taxonomy":"product_brand","embeddable":true,"href":"https:\/\/www.bunzyland.com\/de\/wp-json\/wp\/v2\/product_brand?post=12472"},{"taxonomy":"product_cat","embeddable":true,"href":"https:\/\/www.bunzyland.com\/de\/wp-json\/wp\/v2\/product_cat?post=12472"},{"taxonomy":"product_tag","embeddable":true,"href":"https:\/\/www.bunzyland.com\/de\/wp-json\/wp\/v2\/product_tag?post=12472"}],"curies":[{"name":"wp","href":"https:\/\/api.w.org\/{rel}","templated":true}]}}