{"id":12484,"date":"2024-02-19T15:56:19","date_gmt":"2024-02-19T14:56:19","guid":{"rendered":"https:\/\/bunzyland.com\/product\/kaninchenbuerste-aus-silikon\/"},"modified":"2025-11-13T20:13:42","modified_gmt":"2025-11-13T19:13:42","slug":"kaninchenbuerste-aus-silikon","status":"publish","type":"product","link":"https:\/\/www.bunzyland.com\/de\/produkt\/kaninchenbuerste-aus-silikon\/","title":{"rendered":"Kaninchenb\u00fcrste aus Silikon"},"content":{"rendered":"<h2><b>Kaninchenb\u00fcrste : das super effiziente Zubeh\u00f6r aus Silikon<\/b><\/h2>\n<p>Die <strong>Kaninchenb\u00fcrste aus Silikon<\/strong> ist eines der Accessoires, die Sie unbedingt haben m\u00fcssen, wenn Sie einen kleinen Dutt adoptieren. Die<strong> Kaninchenb\u00fcrste<\/strong> ist ideal, um Ihr Kaninchen regelm\u00e4\u00dfig oder sogar t\u00e4glich zu b\u00fcrsten, insbesondere w\u00e4hrend der Mauserzeit. Es entfernt die abgestorbenen Haare, die auf dem K\u00f6rper Ihres Haustieres zur\u00fcckbleiben, und verhindert die Entwicklung neuer Haare. So wird das Haar Ihres Haustieres immer seidig, weich und gl\u00e4nzend sein.<\/p>\n<p><img fetchpriority=\"high\" decoding=\"async\" class=\"alignnone wp-image-8713 size-full\" src=\"https:\/\/mon-lapinnain.com\/wp-content\/uploads\/2022\/03\/Brosse-lapin-nain_1.gif\" alt=\"Kaninchenb\u00fcrste  \" width=\"400\" height=\"208\"><\/p>\n<p>Mit diesem <strong>Kaninchenzubeh\u00f6r<\/strong> k\u00f6nnen Sie Ihr Haustier striegeln und k\u00e4mmen, ohne es zu verletzen. Mit dieser <strong>Kaninchenpflegeb\u00fcrste<\/strong> k\u00f6nnen Sie angenehme Momente der Zweisamkeit mit Ihrem lieben langohrigen Begleiter verbringen.<\/p>\n<h3>Das beste Zubeh\u00f6r f\u00fcr die Kaninchenpflege<\/h3>\n<p>Die <strong>Kaninchenb\u00fcrste aus Silikon<\/strong> ist perfekt f\u00fcr die Pflege Ihres treuen Begleiters. Sie k\u00f6nnen Ihren Dutt sicher b\u00fcrsten, ohne Gefahr zu laufen, die Haare auszurei\u00dfen. Dieses <strong>Kaninchenfutter <\/strong>enth\u00e4lt keine scharfen Kanten, Metall oder andere Materialien, die das Kaninchen verletzen k\u00f6nnten.<\/p>\n<p><img decoding=\"async\" class=\"alignnone wp-image-8716\" src=\"https:\/\/mon-lapinnain.com\/wp-content\/uploads\/2022\/03\/Brosse-lapin.jpg\" alt=\"Kaninchenb\u00fcrste\" width=\"600\" height=\"600\"><\/p>\n<p>Die Spitzen dieser <strong>Kaninchenb\u00fcrste<\/strong> sind n\u00e4mlich aus Silikon, weich und erlauben es Ihnen auch, Ihr Kaninchen zu massieren&#8230; Sie werden sehen, er wird es lieben!<\/p>\n<p>Au\u00dferdem ist die Form dieses Zubeh\u00f6rs ergonomisch und liegt angenehm in Ihrer Hand.<\/p>\n<p>Seien Sie vorsichtig! Das B\u00fcrsten von Kaninchen wird dringend empfohlen, ist sogar lebenswichtig, da es die Aufnahme von toten Haaren verhindert. Dieser Vorgang kann zu einer Verlangsamung oder sogar zum Stillstand des Transports f\u00fchren (was f\u00fcr das Kaninchen t\u00f6dlich ist).<\/p>\n<p><b>Mehr Details:<\/b><\/p>\n<ul>\n<li aria-level=\"1\">Verf\u00fcgbare Farben : Rosa<\/li>\n<li aria-level=\"1\">Gr\u00f6\u00dfe : 8cm (Kopf)<\/li>\n<li aria-level=\"1\">Materialien : Silikon<\/li>\n<\/ul>\n<p><img decoding=\"async\" class=\"alignnone wp-image-11253\" src=\"https:\/\/mon-lapinnain.com\/wp-content\/uploads\/2022\/04\/petite-brosse-pour-lapin.jpg\" alt=\"Kaninchenb\u00fcrste rosa\" width=\"600\" height=\"600\"><\/p>\n","protected":false},"excerpt":{"rendered":"<ul>\n<li>Kaninchen-Accessoire<\/li>\n<li>Beste B\u00fcrste f\u00fcr Kaninchen<\/li>\n<\/ul>\n","protected":false},"featured_media":11529,"comment_status":"closed","ping_status":"closed","template":"","meta":{"_seopress_robots_primary_cat":"none","_seopress_titles_title":"","_seopress_titles_desc":"Die Kaninchenb\u00fcrste aus Silikon ist ideal f\u00fcr die Fellpflege, sie hilft auch, das Verschlucken von toten Haaren zu verhindern. Es ist das Beste f\u00fcr die Kaninchenpflege!","_seopress_robots_index":""},"product_brand":[],"product_cat":[169,189,213],"product_tag":[],"class_list":{"0":"post-12484","1":"product","2":"type-product","3":"status-publish","4":"has-post-thumbnail","6":"product_cat-hasenladen","7":"product_cat-kaninchen-zubehoer","8":"product_cat-kaninchenburste","9":"product_shipping_class-ok-mondial-relais-de","11":"first","12":"instock","13":"sale","14":"taxable","15":"shipping-taxable","16":"purchasable","17":"product-type-variable","18":"has-default-attributes"},"_links":{"self":[{"href":"https:\/\/www.bunzyland.com\/de\/wp-json\/wp\/v2\/product\/12484","targetHints":{"allow":["GET"]}}],"collection":[{"href":"https:\/\/www.bunzyland.com\/de\/wp-json\/wp\/v2\/product"}],"about":[{"href":"https:\/\/www.bunzyland.com\/de\/wp-json\/wp\/v2\/types\/product"}],"replies":[{"embeddable":true,"href":"https:\/\/www.bunzyland.com\/de\/wp-json\/wp\/v2\/comments?post=12484"}],"wp:featuredmedia":[{"embeddable":true,"href":"https:\/\/www.bunzyland.com\/de\/wp-json\/wp\/v2\/media\/11529"}],"wp:attachment":[{"href":"https:\/\/www.bunzyland.com\/de\/wp-json\/wp\/v2\/media?parent=12484"}],"wp:term":[{"taxonomy":"product_brand","embeddable":true,"href":"https:\/\/www.bunzyland.com\/de\/wp-json\/wp\/v2\/product_brand?post=12484"},{"taxonomy":"product_cat","embeddable":true,"href":"https:\/\/www.bunzyland.com\/de\/wp-json\/wp\/v2\/product_cat?post=12484"},{"taxonomy":"product_tag","embeddable":true,"href":"https:\/\/www.bunzyland.com\/de\/wp-json\/wp\/v2\/product_tag?post=12484"}],"curies":[{"name":"wp","href":"https:\/\/api.w.org\/{rel}","templated":true}]}}