{"id":12492,"date":"2024-02-19T15:56:24","date_gmt":"2024-02-19T14:56:24","guid":{"rendered":"https:\/\/bunzyland.com\/product\/indoor-kaninchenstall-mit-vlies\/"},"modified":"2025-09-12T17:22:15","modified_gmt":"2025-09-12T15:22:15","slug":"indoor-kaninchenstall-mit-vlies","status":"publish","type":"product","link":"https:\/\/www.bunzyland.com\/de\/produkt\/indoor-kaninchenstall-mit-vlies\/","title":{"rendered":"Indoor-Kaninchenstall mit Vlies"},"content":{"rendered":"<h2>Kaninchenstall mit Vlies : ein gem\u00fctliches Versteck<\/h2>\n<p>Der <strong>Kaninchenstall mit Vlies<\/strong> ist gem\u00fctlich und gepolstert. Es ist ideal, um Ihr Kaninchen in den langen Wintern\u00e4chten im Haus warm zu halten. Das Design dieses <strong>Kaninchenbettes<\/strong> ist sehr gut durchdacht und ideal f\u00fcr Zwergkaninchen oder Holland Lop. Das<strong> Kaninchenhaus<\/strong> hat die Form einer Mini-H\u00f6hle und gibt Ihrem Tier ein echtes Gef\u00fchl der Sicherheit.<\/p>\n<p><img fetchpriority=\"high\" decoding=\"async\" class=\"alignnone wp-image-8351\" src=\"https:\/\/mon-lapinnain.com\/wp-content\/uploads\/2022\/02\/cabane-pour-lapin.jpg\" alt=\"Kaninchenversteck\" width=\"600\" height=\"439\"><\/p>\n<p>Das <strong>Haus f\u00fcr Kaninchen<\/strong> ist f\u00fcr Innenkaninchen und\/oder Zwergkaninchen gedacht. Dieses <strong>Mini-Hasenheim<\/strong> besteht aus gepolstertem Stoff und ist somit ideal f\u00fcr den Komfort Ihres kleinen Haustiers.<br \/>\nIhr Kaninchen wird es lieben, sich in diesem weichen und warmen <strong>Kaninchenversteck<\/strong> auszuruhen. Es wird sich sicher und geborgen f\u00fchlen!<\/p>\n<h3>Das Kaninchenbett: ein Must-Have!<\/h3>\n<p>Dieses Bett wird von unseren entz\u00fcckenden kleinen Fellb\u00e4llen sehr gesch\u00e4tzt. Da der tierische Instinkt die Oberhand gewinnt, wird Ihr kleines Tier es lieben, in seinem kleinen <strong>Kaninchenheim<\/strong> in Form einer H\u00f6hle zu versinken. Dar\u00fcber hinaus halten der Stoff und die Polsterung dieses <strong>Kaninchenverstecks<\/strong> Ihr Kaninchen warm.<\/p>\n<p><img decoding=\"async\" class=\"alignnone wp-image-12909\" src=\"https:\/\/mon-lapinnain.com\/wp-content\/uploads\/2022\/02\/Lit-pour-lapin-1.jpg\" alt=\"Bett f\u00fcr Kaninchen\" width=\"600\" height=\"600\"><\/p>\n<p>Das <strong>Kaninchenhaus<\/strong> ist f\u00fcr das Wohlbefinden und die Entwicklung Ihres kleinen Kaninchens wirklich unerl\u00e4sslich. Au\u00dferdem kann Ihr treuer Begleiter so einen eigenen Platz im Haus haben.<\/p>\n<p>In der Tat braucht er nicht zu suchen oder zu schlafen, zu ruhen oder sich zu verstecken, wenn er Angst hat&#8230; Diese H\u00fctte ist ein echtes <strong>Minihaus f\u00fcr Kaninchen<\/strong>. Sie wird mit seinem Geruch impr\u00e4gniert sein, was sein Gef\u00fchl von Sicherheit und Ruhe verst\u00e4rkt.<\/p>\n<p><b><br \/>\nMehr Details :<\/b><\/p>\n<ul>\n<li style=\"font-weight: 400;\" aria-level=\"1\">Materialien: Weicher Stoff<\/li>\n<li style=\"font-weight: 400;\" aria-level=\"1\">Farbe: Erh\u00e4ltlich in Hellgrau oder Orange<\/li>\n<li style=\"font-weight: 400;\" aria-level=\"1\">Gr\u00f6\u00dfe: L 38cm X L 28cm (14.96 in x 11.02 in)<\/li>\n<\/ul>\n<p>Geben Sie Ihrem Kaninchen ein gem\u00fctliches Zuhause mit unserer gro\u00dfen Auswahl an komfortablen, sicheren <a href=\"https:\/\/www.bunzyland.com\/de\/kaninchenstall\/\">Kaninchenh\u00e4usern<\/a>, die alle Bed\u00fcrfnisse Ihres kleinen Begleiters erf\u00fcllen.<\/p>\n","protected":false},"excerpt":{"rendered":"<ul>\n<li>Kaninchenbett<\/li>\n<li>Versteck<\/li>\n<\/ul>\n","protected":false},"featured_media":11393,"comment_status":"closed","ping_status":"closed","template":"","meta":{"_seopress_robots_primary_cat":"none","_seopress_titles_title":"","_seopress_titles_desc":"Kaninchenstall mit Vlies: ein Mini-Kaninchenstall, der f\u00fcr das Wohlbefinden des Kaninchens unerl\u00e4sslich ist, da er ihm ein Gef\u00fchl der Sicherheit vermittelt","_seopress_robots_index":""},"product_brand":[],"product_cat":[169,175],"product_tag":[],"class_list":{"0":"post-12492","1":"product","2":"type-product","3":"status-publish","4":"has-post-thumbnail","6":"product_cat-hasenladen","7":"product_cat-kaninchenstall","8":"product_shipping_class-ok-mondial-relais-de","10":"first","11":"instock","12":"taxable","13":"shipping-taxable","14":"purchasable","15":"product-type-simple"},"_links":{"self":[{"href":"https:\/\/www.bunzyland.com\/de\/wp-json\/wp\/v2\/product\/12492","targetHints":{"allow":["GET"]}}],"collection":[{"href":"https:\/\/www.bunzyland.com\/de\/wp-json\/wp\/v2\/product"}],"about":[{"href":"https:\/\/www.bunzyland.com\/de\/wp-json\/wp\/v2\/types\/product"}],"replies":[{"embeddable":true,"href":"https:\/\/www.bunzyland.com\/de\/wp-json\/wp\/v2\/comments?post=12492"}],"wp:featuredmedia":[{"embeddable":true,"href":"https:\/\/www.bunzyland.com\/de\/wp-json\/wp\/v2\/media\/11393"}],"wp:attachment":[{"href":"https:\/\/www.bunzyland.com\/de\/wp-json\/wp\/v2\/media?parent=12492"}],"wp:term":[{"taxonomy":"product_brand","embeddable":true,"href":"https:\/\/www.bunzyland.com\/de\/wp-json\/wp\/v2\/product_brand?post=12492"},{"taxonomy":"product_cat","embeddable":true,"href":"https:\/\/www.bunzyland.com\/de\/wp-json\/wp\/v2\/product_cat?post=12492"},{"taxonomy":"product_tag","embeddable":true,"href":"https:\/\/www.bunzyland.com\/de\/wp-json\/wp\/v2\/product_tag?post=12492"}],"curies":[{"name":"wp","href":"https:\/\/api.w.org\/{rel}","templated":true}]}}