{"id":12493,"date":"2024-02-19T15:56:20","date_gmt":"2024-02-19T14:56:20","guid":{"rendered":"https:\/\/bunzyland.com\/product\/kaninchenbett-aus-gewebtem-gras\/"},"modified":"2025-09-12T13:14:28","modified_gmt":"2025-09-12T11:14:28","slug":"kaninchenbett-aus-gewebtem-gras","status":"publish","type":"product","link":"https:\/\/www.bunzyland.com\/de\/produkt\/kaninchenbett-aus-gewebtem-gras\/","title":{"rendered":"Kaninchenbett aus gewebtem Gras"},"content":{"rendered":"<h2><b>Ein Kaninchenbett im geflochtenen Gras f\u00fcr seinen Komfort<\/b><\/h2>\n<p>Das <strong>Kaninchenbett aus geflochtenem Gras<\/strong> ist ein runder Korb, geflochten und aus Rattan gefertigt. Dieses solide <strong>Bett f\u00fcr Kaninchen<\/strong> hat ein abnehmbares, ultraweiches Kissen, das leicht entfernt und gepflegt werden kann. Dieser praktische <strong>Kaninchenkorb<\/strong> ist ideal f\u00fcr lange Nickerchen mit Ihrem langohrigen Freund. Er wird es lieben, stundenlang darin zu faulenzen. Au\u00dferdem ist das <strong>Kaninchenbett<\/strong> im Inneren aus Fleece, dem Lieblingsstoff der Kaninchen, gefertigt \ud83d\ude0a.<\/p>\n<p><img fetchpriority=\"high\" decoding=\"async\" class=\"alignnone wp-image-8702\" src=\"https:\/\/mon-lapinnain.com\/wp-content\/uploads\/2022\/03\/Lit-pour-lapin-qualite%CC%81.jpg\" alt=\"Kaninchenbett nat\u00fcrlich\" width=\"600\" height=\"422\"><\/p>\n<p>Diese Art von Stoff erm\u00f6glicht es Ihrem Kaninchen, sich einzukuscheln und sich wie auf einer Wolke zu f\u00fchlen. Dieses <strong>Kaninchenbett f\u00fcr drinnen<\/strong> wird Ihrem Haustier ein echtes Gef\u00fchl von Gl\u00fcck und Wohlbefinden vermitteln.<br \/>\nDar\u00fcber hinaus passt das Design zu Ihrer Einrichtung. Auf diese Weise hat Ihr Br\u00f6tchen sein eigenes K\u00f6rbchen, auch mitten im Wohnzimmer, ohne dass es deplatziert wirkt.<\/p>\n<h3>Ein multifunktionales Kaninchen-Accessoire<\/h3>\n<p>Dieses Bett ist mehr als nur ein <strong>nat\u00fcrliches Kaninchenbett<\/strong>, denn es verf\u00fcgt auch \u00fcber einen<strong> Kaninchenkratzbaum<\/strong> am Boden des Korbes. Wie Sie vielleicht schon bemerkt haben, lieben Br\u00f6tchen es, sich zu kratzen. Wenn Sie also das abnehmbare Bett entfernen, kann Ihr kleiner Fellkn\u00e4uel den <strong>Kaninchen-Kratzbaum<\/strong> genie\u00dfen.<\/p>\n<p><img decoding=\"async\" class=\"alignnone wp-image-8703\" src=\"https:\/\/mon-lapinnain.com\/wp-content\/uploads\/2022\/03\/Lit-pour-lapin-grattoir.jpg\" alt=\"Kratzbaum Kaninchen  \" width=\"600\" height=\"600\"><\/p>\n<p>Und das ist noch nicht alles!<\/p>\n<p>Dieses <strong>Bett f\u00fcr Kaninchen<\/strong> ist aus Rattan gefertigt, einem 100% nat\u00fcrlichen, geflochtenen Gras. Ihr Haustier kann den Korb bedenkenlos anknabbern, ohne dass eine Gefahr besteht. Kaninchen lieben es in der Tat, an verschiedenen Gegenst\u00e4nden zu kauen und zu knabbern, das ist eine ihrer Lieblingsbesch\u00e4ftigungen.<\/p>\n<p>Kurzum, in diesem multifunktionalen <strong>Rattannest<\/strong> findet Ihr Kaninchen alles, was es zum Schlafen, Kuscheln, Kratzen oder Kauen braucht, ohne dass es in Gefahr ger\u00e4t. Wenn der<strong> Kratzbaum f\u00fcr Kaninchen<\/strong> abgenutzt ist, k\u00f6nnen Sie ihn ersetzen, indem Sie einen zus\u00e4tzlichen Kratzbaum zu Ihrer Bestellung hinzuf\u00fcgen.<\/p>\n<p><b>Mehr Details:<\/b><\/p>\n<ul>\n<li style=\"font-weight: 400;\" aria-level=\"1\">Materialien: Nat\u00fcrliches geflochtenes Gras (Rattan) + Pappe (Kratzer) + Weicher Stoff (Bett)<\/li>\n<li style=\"font-weight: 400;\" aria-level=\"1\">Gr\u00f6\u00dfe: 42 x 15cm<\/li>\n<li style=\"font-weight: 400;\" aria-level=\"1\">Abnehmbar<\/li>\n<li style=\"font-weight: 400;\" aria-level=\"1\">Inhalt: 1 Korb aus Naturmaterial + 1 weiches Kissen + 1 Schaber<\/li>\n<\/ul>\n<p><img decoding=\"async\" class=\"alignnone wp-image-8700\" src=\"https:\/\/mon-lapinnain.com\/wp-content\/uploads\/2022\/03\/Lit-pour-lapin-dimension.jpg\" alt=\"Bett-f\u00fcr-Kaninchen-Gr\u00f6\u00dfe\" width=\"600\" height=\"250\"><\/p>\n","protected":false},"excerpt":{"rendered":"<p>Ein Kaninchenbett im geflochtenen Gras f\u00fcr seinen Komfort Das Kaninchenbett aus geflochtenem Gras ist ein runder Korb, geflochten und aus Rattan gefertigt. Dieses solide Bett f\u00fcr Kaninchen hat ein abnehmbares, ultraweiches Kissen, das leicht entfernt und gepflegt werden kann. Dieser praktische Kaninchenkorb ist ideal f\u00fcr lange Nickerchen mit Ihrem langohrigen Freund. Er wird es lieben, [&hellip;]<\/p>\n","protected":false},"featured_media":11523,"comment_status":"closed","ping_status":"closed","template":"","meta":{"_seopress_robots_primary_cat":"none","_seopress_titles_title":"","_seopress_titles_desc":"Das Kaninchenbett aus geflochtenem Gras ist ein multifunktionaler Korb, ideal f\u00fcr die 3 Hauptaktivit\u00e4ten des Kaninchens: Schlafen, Scharren und Kauen.","_seopress_robots_index":""},"product_brand":[],"product_cat":[169,193],"product_tag":[],"class_list":{"0":"post-12493","1":"product","2":"type-product","3":"status-publish","4":"has-post-thumbnail","6":"product_cat-hasenladen","7":"product_cat-kaninchenbett","8":"product_shipping_class-ok-mondial-relais-de","10":"first","11":"outofstock","12":"taxable","13":"shipping-taxable","14":"purchasable","15":"product-type-simple"},"_links":{"self":[{"href":"https:\/\/www.bunzyland.com\/de\/wp-json\/wp\/v2\/product\/12493","targetHints":{"allow":["GET"]}}],"collection":[{"href":"https:\/\/www.bunzyland.com\/de\/wp-json\/wp\/v2\/product"}],"about":[{"href":"https:\/\/www.bunzyland.com\/de\/wp-json\/wp\/v2\/types\/product"}],"replies":[{"embeddable":true,"href":"https:\/\/www.bunzyland.com\/de\/wp-json\/wp\/v2\/comments?post=12493"}],"wp:featuredmedia":[{"embeddable":true,"href":"https:\/\/www.bunzyland.com\/de\/wp-json\/wp\/v2\/media\/11523"}],"wp:attachment":[{"href":"https:\/\/www.bunzyland.com\/de\/wp-json\/wp\/v2\/media?parent=12493"}],"wp:term":[{"taxonomy":"product_brand","embeddable":true,"href":"https:\/\/www.bunzyland.com\/de\/wp-json\/wp\/v2\/product_brand?post=12493"},{"taxonomy":"product_cat","embeddable":true,"href":"https:\/\/www.bunzyland.com\/de\/wp-json\/wp\/v2\/product_cat?post=12493"},{"taxonomy":"product_tag","embeddable":true,"href":"https:\/\/www.bunzyland.com\/de\/wp-json\/wp\/v2\/product_tag?post=12493"}],"curies":[{"name":"wp","href":"https:\/\/api.w.org\/{rel}","templated":true}]}}