{"id":12495,"date":"2024-02-19T15:56:25","date_gmt":"2024-02-19T14:56:25","guid":{"rendered":"https:\/\/bunzyland.com\/product\/kaninchentunnel-faltbar\/"},"modified":"2025-12-13T20:05:50","modified_gmt":"2025-12-13T19:05:50","slug":"kaninchentunnel-faltbar","status":"publish","type":"product","link":"https:\/\/www.bunzyland.com\/de\/produkt\/kaninchentunnel-faltbar\/","title":{"rendered":"Kaninchentunnel faltbar"},"content":{"rendered":"<h2>Kaninchentunnel : faltbar mit mehreren \u00d6ffnungen<\/h2>\n<p>Der <strong>faltbare Kaninchentunnel<\/strong> ist ein Spielzubeh\u00f6r, das die Form des Buchstabens &#8222;Y&#8220; hat. An jedem Ende befindet sich eine \u00d6ffnung, zus\u00e4tzlich zu der \u00d6ffnung, die sich oben befindet. Ihr Haustier wird dieses<strong> Spielzeug f\u00fcr Kaninchen<\/strong> sicher lieben, denn sein tierischer Instinkt wird ihm sagen, dass dieses <strong>Kaninchentunnelsystem<\/strong> stark an einen Bau erinnert. Er kann hineinlaufen, sich verstecken, durch eine der \u00d6ffnungen hinausgehen&#8230; Genau wie in einer H\u00f6hle!<\/p>\n<p><img fetchpriority=\"high\" decoding=\"async\" class=\"alignnone wp-image-12968\" src=\"https:\/\/mon-lapinnain.com\/wp-content\/uploads\/2022\/03\/tunnel-pour-lapin-pliable.jpg\" alt=\"Faltbarer Kaninchentunnel\" width=\"600\" height=\"600\"><\/p>\n<p>Diese Art von <strong>Spielzeugkaninchen<\/strong> f\u00f6rdert das Wohlbefinden Ihres Haustiers. Je mehr Ihr Kaninchen damit spielt, desto gl\u00fccklicher und zufriedener wird es sein.<\/p>\n<p>Und da dieser<strong> Kaninchentunnel<\/strong> zusammenklappbar ist, k\u00f6nnen Sie ihn auch unterwegs problemlos in Ihrem Koffer mitnehmen.<\/p>\n<p><img decoding=\"async\" class=\"alignnone wp-image-12971\" src=\"https:\/\/mon-lapinnain.com\/wp-content\/uploads\/2022\/03\/tunnel-pour-lapin-1.jpg\" alt=\"Kaninchentunnel  \" width=\"600\" height=\"600\"><\/p>\n<h3>\u00dcber Kaninchenspielzeug<\/h3>\n<p>Der <strong>faltbare Kaninchentunnel<\/strong> ist sicherlich ein <strong>Kaninchenspielzeug<\/strong>&#8230; Aber nicht nur das! Diese Art von Kaninchenspielzeug f\u00f6rdert die Entwicklung und das Wohlbefinden Ihres Tieres. Ein <strong>Kaninchentunnel<\/strong> bietet eine Vielzahl von Spielm\u00f6glichkeiten f\u00fcr Ihren treuen Begleiter. Er wird es lieben, darin herumzulaufen wie ein Verr\u00fcckter.<\/p>\n<p><img decoding=\"async\" class=\"alignnone wp-image-8380\" src=\"https:\/\/mon-lapinnain.com\/wp-content\/uploads\/2022\/02\/jeux-pour-lapin-tunnel-jeu.jpg\" alt=\"Spielzeug f\u00fcr Kaninchen Tunnel  \" width=\"600\" height=\"600\"><\/p>\n<p>Mit diesem <strong>Kaninchenspielzeug-Zubeh\u00f6r<\/strong> kann der kleine Racker durch die 4 \u00d6ffnungen des Tunnels ein- und ausgehen. Er kann sich dort auch verstecken, wenn er Angst hat. All diese Aktivit\u00e4ten bringen ihn in Bewegung und sorgen daf\u00fcr, dass er in Form bleibt. Sie k\u00f6nnen sich auch an dem Spiel beteiligen, indem Sie so tun, als wollten Sie ihn fangen, oder indem Sie ein Leckerli, das er mag, durch diesen<strong> Tunnel f\u00fcr Kaninchen<\/strong> schieben. Ihr kleiner Hase wird sein neues Lieblingsspielzeug jedes Mal lieben.<\/p>\n<p><b>Mehr Details:<\/b><\/p>\n<ul>\n<li style=\"font-weight: 400;\" aria-level=\"1\">Materialien: Wasserdichtes Gewebe<\/li>\n<li style=\"font-weight: 400;\" aria-level=\"1\">Zusammenklappbar und leicht zu transportieren<\/li>\n<\/ul>\n<p><img loading=\"lazy\" decoding=\"async\" class=\"alignnone wp-image-12965\" src=\"https:\/\/mon-lapinnain.com\/wp-content\/uploads\/2022\/03\/dimension-tunnel.jpg\" alt=\"Kaninchentunnel  \" width=\"600\" height=\"451\"><\/p>\n","protected":false},"excerpt":{"rendered":"<p>Kaninchentunnel : faltbar mit mehreren \u00d6ffnungen Der faltbare Kaninchentunnel ist ein Spielzubeh\u00f6r, das die Form des Buchstabens &#8222;Y&#8220; hat. An jedem Ende befindet sich eine \u00d6ffnung, zus\u00e4tzlich zu der \u00d6ffnung, die sich oben befindet. Ihr Haustier wird dieses Spielzeug f\u00fcr Kaninchen sicher lieben, denn sein tierischer Instinkt wird ihm sagen, dass dieses Kaninchentunnelsystem stark an [&hellip;]<\/p>\n","protected":false},"featured_media":11403,"comment_status":"closed","ping_status":"closed","template":"","meta":{"_seopress_robots_primary_cat":"none","_seopress_titles_title":"","_seopress_titles_desc":"Der faltbare Kaninchentunnel ist das beste Spielzeug f\u00fcr Kaninchen, um die k\u00f6rperliche Gesundheit und das geistige Wohlbefinden Ihres Kaninchens zu f\u00f6rdern.","_seopress_robots_index":""},"product_brand":[],"product_cat":[169,183,172],"product_tag":[],"class_list":{"0":"post-12495","1":"product","2":"type-product","3":"status-publish","4":"has-post-thumbnail","6":"product_cat-hasenladen","7":"product_cat-kaninchentunnel","8":"product_cat-spielzeug-fur-kaninchen","9":"product_shipping_class-ok-mondial-relais-de","11":"first","12":"outofstock","13":"taxable","14":"shipping-taxable","15":"purchasable","16":"product-type-simple"},"_links":{"self":[{"href":"https:\/\/www.bunzyland.com\/de\/wp-json\/wp\/v2\/product\/12495","targetHints":{"allow":["GET"]}}],"collection":[{"href":"https:\/\/www.bunzyland.com\/de\/wp-json\/wp\/v2\/product"}],"about":[{"href":"https:\/\/www.bunzyland.com\/de\/wp-json\/wp\/v2\/types\/product"}],"replies":[{"embeddable":true,"href":"https:\/\/www.bunzyland.com\/de\/wp-json\/wp\/v2\/comments?post=12495"}],"wp:featuredmedia":[{"embeddable":true,"href":"https:\/\/www.bunzyland.com\/de\/wp-json\/wp\/v2\/media\/11403"}],"wp:attachment":[{"href":"https:\/\/www.bunzyland.com\/de\/wp-json\/wp\/v2\/media?parent=12495"}],"wp:term":[{"taxonomy":"product_brand","embeddable":true,"href":"https:\/\/www.bunzyland.com\/de\/wp-json\/wp\/v2\/product_brand?post=12495"},{"taxonomy":"product_cat","embeddable":true,"href":"https:\/\/www.bunzyland.com\/de\/wp-json\/wp\/v2\/product_cat?post=12495"},{"taxonomy":"product_tag","embeddable":true,"href":"https:\/\/www.bunzyland.com\/de\/wp-json\/wp\/v2\/product_tag?post=12495"}],"curies":[{"name":"wp","href":"https:\/\/api.w.org\/{rel}","templated":true}]}}